{"id":1007,"date":"2021-06-30T07:17:12","date_gmt":"2021-06-30T05:17:12","guid":{"rendered":"https:\/\/www.rechtsanwalt-erbrecht.eu\/internationales-erbrecht\/erbrecht-in-der-eu\/erbrecht-im-ausland\/der-deutsch-belgische-erbfall\/kann-die-erbschaft-in-belgien-ausgeschlagen-werden\/"},"modified":"2021-06-30T07:17:12","modified_gmt":"2021-06-30T05:17:12","slug":"can-an-inheritance-be-disclaimed-in-belgium","status":"publish","type":"page","link":"https:\/\/www.rechtsanwalt-erbrecht.eu\/en\/internationales-erbrecht\/erbrecht-in-der-eu\/erbrecht-im-ausland\/der-deutsch-belgische-erbfall\/kann-die-erbschaft-in-belgien-ausgeschlagen-werden\/","title":{"rendered":"Can the inheritance be waived in Belgium?"},"content":{"rendered":"<p>An inheritance can only be expressly disclaimed in a notarial deed. If it is unknown whether the estate is over-indebted, acceptance subject to the preparation of an inventory pursuant to Articles 793 et seq. of the Swiss Civil Code (ZGB) is also possible. In this case, the heir is not liable for the estate&#039;s debts with their personal assets. After the corresponding declaration, a notarized inventory must be submitted, and the creditors enter their claims. The heir accepting the inheritance subject to reservation must then manage and liquidate the estate to satisfy the liabilities, as per Article 803 of the Swiss Civil Code (ZGB).<\/p>","protected":false},"excerpt":{"rendered":"<p>Die Erbschaft kann nur ausdr\u00fccklich in einer notariellen Urkunde ausgeschlagen werden. Ist nicht bekannt, ob der Nachlass \u00fcberschuldet ist, kommt auch eine Annahme unter Vorbehalt der Inventarerrichtung nach Artikel 793 ff. ZGB in Betracht. In diesem Fall haftet der Erbe nicht mit seinem Privatverm\u00f6gen f\u00fcr die Nachlassverbindlichkeiten. Nach der entsprechenden Erkl\u00e4rung muss ein notariell beurkundetes [&hellip;]<\/p>\n","protected":false},"author":1,"featured_media":0,"parent":410,"menu_order":0,"comment_status":"closed","ping_status":"closed","template":"","meta":{"_acf_changed":false,"inline_featured_image":false,"footnotes":""},"class_list":["post-1007","page","type-page","status-publish","hentry"],"acf":[],"aioseo_notices":[],"_links":{"self":[{"href":"https:\/\/www.rechtsanwalt-erbrecht.eu\/en\/wp-json\/wp\/v2\/pages\/1007","targetHints":{"allow":["GET"]}}],"collection":[{"href":"https:\/\/www.rechtsanwalt-erbrecht.eu\/en\/wp-json\/wp\/v2\/pages"}],"about":[{"href":"https:\/\/www.rechtsanwalt-erbrecht.eu\/en\/wp-json\/wp\/v2\/types\/page"}],"author":[{"embeddable":true,"href":"https:\/\/www.rechtsanwalt-erbrecht.eu\/en\/wp-json\/wp\/v2\/users\/1"}],"replies":[{"embeddable":true,"href":"https:\/\/www.rechtsanwalt-erbrecht.eu\/en\/wp-json\/wp\/v2\/comments?post=1007"}],"version-history":[{"count":0,"href":"https:\/\/www.rechtsanwalt-erbrecht.eu\/en\/wp-json\/wp\/v2\/pages\/1007\/revisions"}],"up":[{"embeddable":true,"href":"https:\/\/www.rechtsanwalt-erbrecht.eu\/en\/wp-json\/wp\/v2\/pages\/410"}],"wp:attachment":[{"href":"https:\/\/www.rechtsanwalt-erbrecht.eu\/en\/wp-json\/wp\/v2\/media?parent=1007"}],"curies":[{"name":"wp","href":"https:\/\/api.w.org\/{rel}","templated":true}]}}