{"id":1009,"date":"2021-06-30T07:15:35","date_gmt":"2021-06-30T05:15:35","guid":{"rendered":"https:\/\/www.rechtsanwalt-erbrecht.eu\/internationales-erbrecht\/erbrecht-in-der-eu\/erbrecht-im-ausland\/der-deutsch-belgische-erbfall\/welche-wirksamkeitsvoraussetzungen-fuer-testamente-gibt-es-in-belgien\/"},"modified":"2021-06-30T07:15:35","modified_gmt":"2021-06-30T05:15:35","slug":"what-are-the-requirements-for-the-validity-of-wills-in-belgium","status":"publish","type":"page","link":"https:\/\/www.rechtsanwalt-erbrecht.eu\/en\/internationales-erbrecht\/erbrecht-in-der-eu\/erbrecht-im-ausland\/der-deutsch-belgische-erbfall\/welche-wirksamkeitsvoraussetzungen-fuer-testamente-gibt-es-in-belgien\/","title":{"rendered":"What are the conditions for the validity of wills in Belgium?"},"content":{"rendered":"<p>In Belgium, to make a legally valid will, one must be of legal age (Articles 901 et seq. of the Civil Code). Minors over the age of 16 have limited testamentary capacity and can only dispose of half of their available assets (Articles 904 and 913 et seq. of the Civil Code). The will itself must be sufficiently specific and in accordance with the law and public policy.<\/p>","protected":false},"excerpt":{"rendered":"<p>Um ein vollwirksames Testament errichten zu k\u00f6nnen, muss man in Belgien vollj\u00e4hrig sein, Art. 901 ff. ZGB. Minderj\u00e4hrige \u00fcber 16 Jahren sind in der Testierf\u00e4higkeit beschr\u00e4nkt und k\u00f6nnen nur \u00fcber die H\u00e4lfte ihres verf\u00fcgbaren Verm\u00f6gens verf\u00fcgen, Artikel 904 und 913 ff. ZGB. Das Testament selber muss hinreichend bestimmt sein und im Einklang mit den Gesetzen [&hellip;]<\/p>\n","protected":false},"author":1,"featured_media":0,"parent":410,"menu_order":0,"comment_status":"closed","ping_status":"closed","template":"","meta":{"_acf_changed":false,"inline_featured_image":false,"footnotes":""},"class_list":["post-1009","page","type-page","status-publish","hentry"],"acf":[],"aioseo_notices":[],"_links":{"self":[{"href":"https:\/\/www.rechtsanwalt-erbrecht.eu\/en\/wp-json\/wp\/v2\/pages\/1009","targetHints":{"allow":["GET"]}}],"collection":[{"href":"https:\/\/www.rechtsanwalt-erbrecht.eu\/en\/wp-json\/wp\/v2\/pages"}],"about":[{"href":"https:\/\/www.rechtsanwalt-erbrecht.eu\/en\/wp-json\/wp\/v2\/types\/page"}],"author":[{"embeddable":true,"href":"https:\/\/www.rechtsanwalt-erbrecht.eu\/en\/wp-json\/wp\/v2\/users\/1"}],"replies":[{"embeddable":true,"href":"https:\/\/www.rechtsanwalt-erbrecht.eu\/en\/wp-json\/wp\/v2\/comments?post=1009"}],"version-history":[{"count":0,"href":"https:\/\/www.rechtsanwalt-erbrecht.eu\/en\/wp-json\/wp\/v2\/pages\/1009\/revisions"}],"up":[{"embeddable":true,"href":"https:\/\/www.rechtsanwalt-erbrecht.eu\/en\/wp-json\/wp\/v2\/pages\/410"}],"wp:attachment":[{"href":"https:\/\/www.rechtsanwalt-erbrecht.eu\/en\/wp-json\/wp\/v2\/media?parent=1009"}],"curies":[{"name":"wp","href":"https:\/\/api.w.org\/{rel}","templated":true}]}}