{"id":1015,"date":"2021-06-30T07:20:49","date_gmt":"2021-06-30T05:20:49","guid":{"rendered":"https:\/\/www.rechtsanwalt-erbrecht.eu\/internationales-erbrecht\/erbrecht-in-der-eu\/erbrecht-im-ausland\/der-deutsch-franzoesische-erbfall\/erwerb-eines-grundstuecks-in-frankreich\/"},"modified":"2021-06-30T07:20:49","modified_gmt":"2021-06-30T05:20:49","slug":"purchase-of-a-property-in-france","status":"publish","type":"page","link":"https:\/\/www.rechtsanwalt-erbrecht.eu\/en\/internationales-erbrecht\/erbrecht-in-der-eu\/erbrecht-im-ausland\/der-deutsch-franzoesische-erbfall\/erwerb-eines-grundstuecks-in-frankreich\/","title":{"rendered":"Acquisition of a property in France"},"content":{"rendered":"<p>In order to become the owner of a property as an heir or legatee, a further French notarised certificate (<em>attestation immobili\u00e8re<\/em>\u00a0or\u00a0<em>attestation notari\u00e9e<\/em>) is necessary, Art. 710-1 Code civil. A European certificate of inheritance or even a German certificate of inheritance would not fulfil these requirements, so that such a certificate should be considered on a regular basis. If you have any further questions, please contact your specialist inheritance lawyer in D\u00fcsseldorf and Krefeld, Dr Michael Gottschalk.<\/p>","protected":false},"excerpt":{"rendered":"<p>Um als Erbe oder Verm\u00e4chtnisnehmer Eigent\u00fcmer eines Grundst\u00fccks zu werden, ist f\u00fcr die Eintragung eine weitere franz\u00f6sische notarielle Bescheinigung (attestation immobili\u00e8re\u00a0oder\u00a0attestation notari\u00e9e) notwendig, Art.\u00a0710-1 Code civil. Ein Europ\u00e4isches Nachlasszeugnis oder gar ein deutscher Erbschein w\u00fcrden diesen Voraussetzungen nicht gen\u00fcgen, sodass regelm\u00e4\u00dfig an eine solche Bescheinigung zu denken ist.\u00a0F\u00fcr weitere Fragen steht Ihnen Ihr Fachanwalt f\u00fcr [&hellip;]<\/p>\n","protected":false},"author":1,"featured_media":0,"parent":412,"menu_order":0,"comment_status":"closed","ping_status":"open","template":"","meta":{"_acf_changed":false,"inline_featured_image":false,"footnotes":""},"class_list":["post-1015","page","type-page","status-publish","hentry"],"acf":[],"aioseo_notices":[],"_links":{"self":[{"href":"https:\/\/www.rechtsanwalt-erbrecht.eu\/en\/wp-json\/wp\/v2\/pages\/1015","targetHints":{"allow":["GET"]}}],"collection":[{"href":"https:\/\/www.rechtsanwalt-erbrecht.eu\/en\/wp-json\/wp\/v2\/pages"}],"about":[{"href":"https:\/\/www.rechtsanwalt-erbrecht.eu\/en\/wp-json\/wp\/v2\/types\/page"}],"author":[{"embeddable":true,"href":"https:\/\/www.rechtsanwalt-erbrecht.eu\/en\/wp-json\/wp\/v2\/users\/1"}],"replies":[{"embeddable":true,"href":"https:\/\/www.rechtsanwalt-erbrecht.eu\/en\/wp-json\/wp\/v2\/comments?post=1015"}],"version-history":[{"count":0,"href":"https:\/\/www.rechtsanwalt-erbrecht.eu\/en\/wp-json\/wp\/v2\/pages\/1015\/revisions"}],"up":[{"embeddable":true,"href":"https:\/\/www.rechtsanwalt-erbrecht.eu\/en\/wp-json\/wp\/v2\/pages\/412"}],"wp:attachment":[{"href":"https:\/\/www.rechtsanwalt-erbrecht.eu\/en\/wp-json\/wp\/v2\/media?parent=1015"}],"curies":[{"name":"wp","href":"https:\/\/api.w.org\/{rel}","templated":true}]}}