{"id":1023,"date":"2021-06-30T07:20:25","date_gmt":"2021-06-30T05:20:25","guid":{"rendered":"https:\/\/www.rechtsanwalt-erbrecht.eu\/internationales-erbrecht\/erbrecht-in-der-eu\/erbrecht-im-ausland\/der-deutsch-franzoesische-erbfall\/wo-kann-ein-europaeisches-nachlasszeugnis-beantragt-werden\/"},"modified":"2021-06-30T07:20:25","modified_gmt":"2021-06-30T05:20:25","slug":"where-to-apply-for-a-european-certificate-of-inheritance","status":"publish","type":"page","link":"https:\/\/www.rechtsanwalt-erbrecht.eu\/en\/internationales-erbrecht\/erbrecht-in-der-eu\/erbrecht-im-ausland\/der-deutsch-franzoesische-erbfall\/wo-kann-ein-europaeisches-nachlasszeugnis-beantragt-werden\/","title":{"rendered":"Where can I apply for a European Certificate of Succession?"},"content":{"rendered":"<p>If the deceased was habitually resident in France at the time of death, the French courts have jurisdiction under Art. 4 of the European Succession Regulation. Under French law, notaries are competent to issue a European Certificate of Succession, Art. 1381-1 CC. However, the situation may be different if the testator has made a choice of law. You can find further information in our <a href=\"https:\/\/www.rechtsanwalt-erbrecht.eu\/en\/european-regulations\/european-regulations-2\/the-european-certificate-of-succession\/\">Article on the European Certificate of Succession<\/a>.<\/p>\n<p>If the European Certificate of Succession is to be applied for in France, a German certificate of inheritance cannot be applied for even if assets (including real estate) are located in Germany. This has the <a href=\"https:\/\/www.rechtsanwalt-erbrecht.eu\/en\/european-regulations\/case-law-on-intestate-inheritance-law\/jurisprudence-of-the-eugh\/eugh-urt-v-21-6-2018-c-20-17-oberle-international-competence-to-grant-german-certificate-of-inheritance-in-case-of-last-habitual-residence-of-the-deceased-in-another-member-state\/\">ECJ in the Oberle case<\/a> already decided. If you have any questions, please contact your specialist inheritance lawyer in D\u00fcsseldorf and Krefeld, Dr Michael Gottschalk.<\/p>","protected":false},"excerpt":{"rendered":"<p>Hielt sich der Erblasser zum Zeitpunkt seines Todes gew\u00f6hnlicherweise in Frankreich auf, so sind nach Art. 4 EuErbVO die franz\u00f6sischen Gerichte zust\u00e4ndig. Nach franz\u00f6sischem Recht sind die Notare f\u00fcr die Erteilung eines europ\u00e4ischen Nachlasszeugnisses zust\u00e4ndig, Art. 1381-1 CC. Etwas anderes kann sich jedoch ergeben, wenn der Erblasser eine Rechtswahl getroffen hat. Weitere Informationen erhalten Sie [&hellip;]<\/p>\n","protected":false},"author":1,"featured_media":0,"parent":412,"menu_order":0,"comment_status":"closed","ping_status":"open","template":"","meta":{"_acf_changed":false,"inline_featured_image":false,"footnotes":""},"class_list":["post-1023","page","type-page","status-publish","hentry"],"acf":[],"aioseo_notices":[],"_links":{"self":[{"href":"https:\/\/www.rechtsanwalt-erbrecht.eu\/en\/wp-json\/wp\/v2\/pages\/1023","targetHints":{"allow":["GET"]}}],"collection":[{"href":"https:\/\/www.rechtsanwalt-erbrecht.eu\/en\/wp-json\/wp\/v2\/pages"}],"about":[{"href":"https:\/\/www.rechtsanwalt-erbrecht.eu\/en\/wp-json\/wp\/v2\/types\/page"}],"author":[{"embeddable":true,"href":"https:\/\/www.rechtsanwalt-erbrecht.eu\/en\/wp-json\/wp\/v2\/users\/1"}],"replies":[{"embeddable":true,"href":"https:\/\/www.rechtsanwalt-erbrecht.eu\/en\/wp-json\/wp\/v2\/comments?post=1023"}],"version-history":[{"count":0,"href":"https:\/\/www.rechtsanwalt-erbrecht.eu\/en\/wp-json\/wp\/v2\/pages\/1023\/revisions"}],"up":[{"embeddable":true,"href":"https:\/\/www.rechtsanwalt-erbrecht.eu\/en\/wp-json\/wp\/v2\/pages\/412"}],"wp:attachment":[{"href":"https:\/\/www.rechtsanwalt-erbrecht.eu\/en\/wp-json\/wp\/v2\/media?parent=1023"}],"curies":[{"name":"wp","href":"https:\/\/api.w.org\/{rel}","templated":true}]}}