{"id":1028,"date":"2021-07-13T13:52:45","date_gmt":"2021-07-13T11:52:45","guid":{"rendered":"https:\/\/www.rechtsanwalt-erbrecht.eu\/internationales-erbrecht\/erbrecht-in-der-eu\/erbrecht-im-ausland\/der-deutsch-griechische-erbfall\/wie-erbt-der-ueberlebende-ehegatte-in-griechenland\/"},"modified":"2021-07-13T13:52:45","modified_gmt":"2021-07-13T11:52:45","slug":"how-does-the-surviving-spouse-inherit-in-greece","status":"publish","type":"page","link":"https:\/\/www.rechtsanwalt-erbrecht.eu\/en\/internationales-erbrecht\/erbrecht-in-der-eu\/erbrecht-im-ausland\/der-deutsch-griechische-erbfall\/wie-erbt-der-ueberlebende-ehegatte-in-griechenland\/","title":{"rendered":"How does the surviving spouse inherit in Greece?"},"content":{"rendered":"<p>The surviving spouse is the legal heir in accordance with Art. 1820 grZGB. In addition to relatives of the first order (descendants of the deceased), his or her share of the inheritance is always one quarter, regardless of the number of children. If there are no children, the surviving spouse's share of the estate is always half in addition to relatives of the second, third or fourth order. Of course, he or she is only a legal heir for as long as he or she was married to the deceased at the time of the inheritance. A legally binding divorce excludes the right of inheritance. Even if the deceased had filed a well-founded divorce action against his or her spouse at the time of death, this leads to the exclusion of the spouse's right of inheritance, Art. 1822 grZGB.<\/p>","protected":false},"excerpt":{"rendered":"<p>Der \u00fcberlebende Ehegatte ist gem\u00e4\u00df\u00a0Art.\u00a01820 grZGB gesetzlicher Erbe. Sein Erbteil betr\u00e4gt neben Verwandten der ersten Ordnung (Abk\u00f6mmlinge des Erblassers) stets ein Viertel, unabh\u00e4ngig von der Anzahl der Kinder. Sind keine Kinder vorhanden betr\u00e4gt der Erbteil des \u00fcberlebenden Ehegatten neben Verwandten der zweiten, dritten oder vierten Ordnung stets die H\u00e4lfte. Er ist nat\u00fcrlich nur so lange [&hellip;]<\/p>\n","protected":false},"author":1,"featured_media":0,"parent":414,"menu_order":0,"comment_status":"closed","ping_status":"closed","template":"","meta":{"_acf_changed":false,"inline_featured_image":false,"footnotes":""},"class_list":["post-1028","page","type-page","status-publish","hentry"],"acf":[],"aioseo_notices":[],"_links":{"self":[{"href":"https:\/\/www.rechtsanwalt-erbrecht.eu\/en\/wp-json\/wp\/v2\/pages\/1028","targetHints":{"allow":["GET"]}}],"collection":[{"href":"https:\/\/www.rechtsanwalt-erbrecht.eu\/en\/wp-json\/wp\/v2\/pages"}],"about":[{"href":"https:\/\/www.rechtsanwalt-erbrecht.eu\/en\/wp-json\/wp\/v2\/types\/page"}],"author":[{"embeddable":true,"href":"https:\/\/www.rechtsanwalt-erbrecht.eu\/en\/wp-json\/wp\/v2\/users\/1"}],"replies":[{"embeddable":true,"href":"https:\/\/www.rechtsanwalt-erbrecht.eu\/en\/wp-json\/wp\/v2\/comments?post=1028"}],"version-history":[{"count":0,"href":"https:\/\/www.rechtsanwalt-erbrecht.eu\/en\/wp-json\/wp\/v2\/pages\/1028\/revisions"}],"up":[{"embeddable":true,"href":"https:\/\/www.rechtsanwalt-erbrecht.eu\/en\/wp-json\/wp\/v2\/pages\/414"}],"wp:attachment":[{"href":"https:\/\/www.rechtsanwalt-erbrecht.eu\/en\/wp-json\/wp\/v2\/media?parent=1028"}],"curies":[{"name":"wp","href":"https:\/\/api.w.org\/{rel}","templated":true}]}}