{"id":1029,"date":"2021-07-13T13:52:24","date_gmt":"2021-07-13T11:52:24","guid":{"rendered":"https:\/\/www.rechtsanwalt-erbrecht.eu\/internationales-erbrecht\/erbrecht-in-der-eu\/erbrecht-im-ausland\/der-deutsch-griechische-erbfall\/wie-ist-in-griechenland-die-gesetzliche-erbfolge-geregelt\/"},"modified":"2021-07-13T13:52:24","modified_gmt":"2021-07-13T11:52:24","slug":"how-is-the-legal-succession-regulated-in-greece","status":"publish","type":"page","link":"https:\/\/www.rechtsanwalt-erbrecht.eu\/en\/internationales-erbrecht\/erbrecht-in-der-eu\/erbrecht-im-ausland\/der-deutsch-griechische-erbfall\/wie-ist-in-griechenland-die-gesetzliche-erbfolge-geregelt\/","title":{"rendered":"How is legal succession regulated in Greece?"},"content":{"rendered":"<p>Legal succession always takes effect if there is no will or if the testamentary succession is cancelled in whole or in part, Art. 1710 II grZGB. The succession of relatives is divided into four orders by order, with earlier orders excluding later ones, Art. 1819 grZGB. Within the order, the next-appointed heirs are determined by the system of succession by lineage and lineage. Each child of the deceased forms a separate tribe. Grandchildren form corresponding sub-tribes. Within the parentel, the inheritance is distributed according to the number of tribes, but not according to the number of heads, Art. 1813 III grZGB.<\/p>\n<p>To the <strong>first order<\/strong> According to Art. 1813 grZGB, all descendants of the deceased, i.e. children, grandchildren, great-grandchildren, etc., belong to the deceased. In principle, the children are entitled to the entire inheritance, unless there is a <a href=\"https:\/\/www.rechtsanwalt-erbrecht.eu\/en\/european-regulations\/european-regulations-2\/inheritance-law-abroad\/the-german-greek-inheritance-case\/how-does-the-surviving-spouse-inherit-in-greece\/\">Spouse of the deceased<\/a>.<\/p>\n<p>The <strong>second order<\/strong> includes the parents of the deceased, their siblings and their children and grandchildren of predeceased siblings, i.e. nephews\/nieces of the deceased, Art. 1814 sentence 1 grZGB. The following orders (up to the sixth order) are not discussed here due to their minor relevance. However, it should be mentioned that if, at the time the inheritance is received, neither a relative appointed by law nor a <a href=\"https:\/\/www.rechtsanwalt-erbrecht.eu\/en\/european-regulations\/european-regulations-2\/inheritance-law-abroad\/the-german-greek-inheritance-case\/how-does-the-surviving-spouse-inherit-in-greece\/\">Spouse of the deceased<\/a> the tax authorities are appointed as the last legal heir, Art. 1824 grZGB.<\/p>","protected":false},"excerpt":{"rendered":"<p>Die gesetzliche Erbfolge tritt immer dann ein, wenn kein Testament vorhanden ist oder wenn die testamentarische Erbfolge ganz oder zum Teil wegf\u00e4llt, Art.\u00a01710 II grZGB.\u00a0Die Erbfolge der Verwandten wird in vier Ordnungen nach Ordnungen unterteilt, wobei fr\u00fchere Ordnungen sp\u00e4tere ausschlie\u00dfen, Art.\u00a01819 grZGB. Innerhalb der Ordnung werden die n\u00e4chstberufenen Erben durch das System der Erbfolge nach [&hellip;]<\/p>\n","protected":false},"author":1,"featured_media":0,"parent":414,"menu_order":0,"comment_status":"closed","ping_status":"closed","template":"","meta":{"_acf_changed":false,"inline_featured_image":false,"footnotes":""},"class_list":["post-1029","page","type-page","status-publish","hentry"],"acf":[],"aioseo_notices":[],"_links":{"self":[{"href":"https:\/\/www.rechtsanwalt-erbrecht.eu\/en\/wp-json\/wp\/v2\/pages\/1029","targetHints":{"allow":["GET"]}}],"collection":[{"href":"https:\/\/www.rechtsanwalt-erbrecht.eu\/en\/wp-json\/wp\/v2\/pages"}],"about":[{"href":"https:\/\/www.rechtsanwalt-erbrecht.eu\/en\/wp-json\/wp\/v2\/types\/page"}],"author":[{"embeddable":true,"href":"https:\/\/www.rechtsanwalt-erbrecht.eu\/en\/wp-json\/wp\/v2\/users\/1"}],"replies":[{"embeddable":true,"href":"https:\/\/www.rechtsanwalt-erbrecht.eu\/en\/wp-json\/wp\/v2\/comments?post=1029"}],"version-history":[{"count":0,"href":"https:\/\/www.rechtsanwalt-erbrecht.eu\/en\/wp-json\/wp\/v2\/pages\/1029\/revisions"}],"up":[{"embeddable":true,"href":"https:\/\/www.rechtsanwalt-erbrecht.eu\/en\/wp-json\/wp\/v2\/pages\/414"}],"wp:attachment":[{"href":"https:\/\/www.rechtsanwalt-erbrecht.eu\/en\/wp-json\/wp\/v2\/media?parent=1029"}],"curies":[{"name":"wp","href":"https:\/\/api.w.org\/{rel}","templated":true}]}}