{"id":1030,"date":"2021-07-13T13:53:48","date_gmt":"2021-07-13T11:53:48","guid":{"rendered":"https:\/\/www.rechtsanwalt-erbrecht.eu\/internationales-erbrecht\/erbrecht-in-der-eu\/erbrecht-im-ausland\/der-deutsch-griechische-erbfall\/wie-laeuft-das-nachlassverfahren-in-griechenland-ab\/"},"modified":"2021-07-13T13:53:48","modified_gmt":"2021-07-13T11:53:48","slug":"how-does-the-probate-procedure-work-in-greece","status":"publish","type":"page","link":"https:\/\/www.rechtsanwalt-erbrecht.eu\/en\/internationales-erbrecht\/erbrecht-in-der-eu\/erbrecht-im-ausland\/der-deutsch-griechische-erbfall\/wie-laeuft-das-nachlassverfahren-in-griechenland-ab\/","title":{"rendered":"How does the probate procedure work in Greece?"},"content":{"rendered":"<p>In Greece, probate proceedings are conducted both in and out of court. Whether probate proceedings must be conducted in court depends on whether the succession is testamentary or intestate. While testamentary succession requires a will to be opened in court proceedings, this is not the case with intestate succession. In this case, there is at most a practical need to carry out a certificate of inheritance procedure.<\/p>\n<h2>The opening of the will<\/h2>\n<p>For <a href=\"https:\/\/www.rechtsanwalt-erbrecht.eu\/en\/european-regulations\/european-regulations-2\/inheritance-law-abroad\/the-german-greek-inheritance-case\/what-are-the-conditions-for-the-validity-of-wills-in-greece\/\">public wills<\/a> the single judge court of first instance (regional court) or the justice of the peace (local court) in whose district the notary keeping the will is based has jurisdiction. <a href=\"https:\/\/www.rechtsanwalt-erbrecht.eu\/en\/european-regulations\/european-regulations-2\/inheritance-law-abroad\/the-german-greek-inheritance-case\/what-are-the-conditions-for-the-validity-of-wills-in-greece\/\">Handwritten wills<\/a> can be submitted to any single judge court of first instance for opening. The will is opened by recording it in the court minutes of the competent court in accordance with Art. 808 No. 1 grZPG.<\/p>\n<p>In order for a handwritten will to be declared the main will, the authenticity of the writing and the testator's signature must be substantiated, Art. 808 para. 3 sentence 1 grZPG. As a result, the law presumes the authenticity of the handwritten will, Art. 1777 grZGB.<\/p>\n<p>The period for contesting a will begins with the opening of the will, Art. 1847 I 2 grZGB. In addition, the two-year limitation period for contesting a will begins with the opening of the will, Art. 1788 grZGB.<\/p>\n<h2>The certificate of inheritance procedure<\/h2>\n<p>If it is a purely Greek inheritance case, a certificate of inheritance procedure is sought. The heir can legitimise himself with a certificate of inheritance, which corresponds to <a href=\"https:\/\/www.rechtsanwalt-erbrecht.eu\/en\/german-inheritance-law\/individual-questions\/certificate-of-inheritance\/\">German law<\/a>.\u00a0<\/p>\n<p>In cross-border probate cases, a special <a href=\"https:\/\/www.rechtsanwalt-erbrecht.eu\/en\/european-regulations\/european-regulations-2\/the-european-certificate-of-succession\/\">European Certificate of Succession<\/a> (Art. 62 et seq. EU Succession Regulation), which takes effect in all Member States without the need for a special procedure, Art. 69 EU Succession Regulation. We have already published a <a href=\"https:\/\/www.rechtsanwalt-erbrecht.eu\/en\/european-regulations\/european-regulations-2\/the-european-certificate-of-succession\/\">own contribution<\/a> written.<\/p>","protected":false},"excerpt":{"rendered":"<p>In Griechenland werden Nachlassverfahren sowohl gerichtlich, als auch au\u00dfer au\u00dfergerichtlich abgewickelt. Ob ein gerichtliches Nachlassverfahren durchgef\u00fchrt werden muss, richtet sich danach, ob ein Fall testamentarischer oder gesetzlicher Erbfolge vorliegt. W\u00e4hrend bei der testamentarischen Erbfolge eine Testamentser\u00f6ffnung im gerichtlichen Verfahren erforderlich ist, ist dies bei der gesetzlichen Erbfolge nicht der Fall. In diesem Fall besteht allenfalls [&hellip;]<\/p>\n","protected":false},"author":1,"featured_media":0,"parent":414,"menu_order":0,"comment_status":"closed","ping_status":"closed","template":"","meta":{"_acf_changed":false,"inline_featured_image":false,"footnotes":""},"class_list":["post-1030","page","type-page","status-publish","hentry"],"acf":[],"aioseo_notices":[],"_links":{"self":[{"href":"https:\/\/www.rechtsanwalt-erbrecht.eu\/en\/wp-json\/wp\/v2\/pages\/1030","targetHints":{"allow":["GET"]}}],"collection":[{"href":"https:\/\/www.rechtsanwalt-erbrecht.eu\/en\/wp-json\/wp\/v2\/pages"}],"about":[{"href":"https:\/\/www.rechtsanwalt-erbrecht.eu\/en\/wp-json\/wp\/v2\/types\/page"}],"author":[{"embeddable":true,"href":"https:\/\/www.rechtsanwalt-erbrecht.eu\/en\/wp-json\/wp\/v2\/users\/1"}],"replies":[{"embeddable":true,"href":"https:\/\/www.rechtsanwalt-erbrecht.eu\/en\/wp-json\/wp\/v2\/comments?post=1030"}],"version-history":[{"count":0,"href":"https:\/\/www.rechtsanwalt-erbrecht.eu\/en\/wp-json\/wp\/v2\/pages\/1030\/revisions"}],"up":[{"embeddable":true,"href":"https:\/\/www.rechtsanwalt-erbrecht.eu\/en\/wp-json\/wp\/v2\/pages\/414"}],"wp:attachment":[{"href":"https:\/\/www.rechtsanwalt-erbrecht.eu\/en\/wp-json\/wp\/v2\/media?parent=1030"}],"curies":[{"name":"wp","href":"https:\/\/api.w.org\/{rel}","templated":true}]}}