{"id":1041,"date":"2021-06-30T07:24:07","date_gmt":"2021-06-30T05:24:07","guid":{"rendered":"https:\/\/www.rechtsanwalt-erbrecht.eu\/internationales-erbrecht\/erbrecht-in-der-eu\/erbrecht-im-ausland\/der-deutsch-niederlaendische-erbfall\/muss-die-erbschaft-angenommen-werden\/"},"modified":"2021-06-30T07:24:07","modified_gmt":"2021-06-30T05:24:07","slug":"the-inheritance-must-be-accepted","status":"publish","type":"page","link":"https:\/\/www.rechtsanwalt-erbrecht.eu\/en\/internationales-erbrecht\/erbrecht-in-der-eu\/erbrecht-im-ausland\/der-deutsch-niederlaendische-erbfall\/muss-die-erbschaft-angenommen-werden\/","title":{"rendered":"Does the inheritance have to be accepted?"},"content":{"rendered":"<p>The heir can accept the inheritance in full or with reservations. Of course, they can also reject it. With the <strong>full acceptance<\/strong> the heir is also liable for the liabilities of the estate with his or her personal assets; liability is not limited. It should be noted that no express declaration of acceptance is required. If the heir acts as if he or she were accepting the inheritance, this is referred to as acceptance by conclusive behaviour, which already triggers all the rights and obligations of the heirs.<\/p>\n<p>Through the <strong>Acceptance subject to reservation<\/strong> By drawing up an inventory, the heir can limit his or her liability to the positive value of the estate, thus exempting his or her private assets from liability. To do this, the assets and liabilities of the estate must be recorded in a table.<\/p>\n<p>Through the <strong>Cancellation<\/strong> the heir never becomes an heir. In this case, his children take his place, so that they would also have to disclaim. Your specialist inheritance lawyer in D\u00fcsseldorf and Krefeld, Dr Michael Gottschalk, will be happy to answer any further questions you may have.<\/p>","protected":false},"excerpt":{"rendered":"<p>Der Erbe kann die Erbschaft vollumf\u00e4nglich oder unter Vorbehalt annehmen. Selbstverst\u00e4ndlich kann er sie auch ausschlagen. Bei der vollumf\u00e4nglichen Annahme haftet der Erbe auch mit seinem Privatverm\u00f6gen f\u00fcr die Nachlassverbindlichkeiten; die Haftung ist nicht begrenzt. Zu beachten ist, dass es keine ausdr\u00fcckliche Annahmeerkl\u00e4rung braucht. Verh\u00e4lt sich der Erbe so, als ob er die Erbschaft annehmen [&hellip;]<\/p>\n","protected":false},"author":1,"featured_media":0,"parent":416,"menu_order":0,"comment_status":"closed","ping_status":"closed","template":"","meta":{"_acf_changed":false,"inline_featured_image":false,"footnotes":""},"class_list":["post-1041","page","type-page","status-publish","hentry"],"acf":[],"aioseo_notices":[],"_links":{"self":[{"href":"https:\/\/www.rechtsanwalt-erbrecht.eu\/en\/wp-json\/wp\/v2\/pages\/1041","targetHints":{"allow":["GET"]}}],"collection":[{"href":"https:\/\/www.rechtsanwalt-erbrecht.eu\/en\/wp-json\/wp\/v2\/pages"}],"about":[{"href":"https:\/\/www.rechtsanwalt-erbrecht.eu\/en\/wp-json\/wp\/v2\/types\/page"}],"author":[{"embeddable":true,"href":"https:\/\/www.rechtsanwalt-erbrecht.eu\/en\/wp-json\/wp\/v2\/users\/1"}],"replies":[{"embeddable":true,"href":"https:\/\/www.rechtsanwalt-erbrecht.eu\/en\/wp-json\/wp\/v2\/comments?post=1041"}],"version-history":[{"count":0,"href":"https:\/\/www.rechtsanwalt-erbrecht.eu\/en\/wp-json\/wp\/v2\/pages\/1041\/revisions"}],"up":[{"embeddable":true,"href":"https:\/\/www.rechtsanwalt-erbrecht.eu\/en\/wp-json\/wp\/v2\/pages\/416"}],"wp:attachment":[{"href":"https:\/\/www.rechtsanwalt-erbrecht.eu\/en\/wp-json\/wp\/v2\/media?parent=1041"}],"curies":[{"name":"wp","href":"https:\/\/api.w.org\/{rel}","templated":true}]}}