{"id":1046,"date":"2021-06-30T07:25:28","date_gmt":"2021-06-30T05:25:28","guid":{"rendered":"https:\/\/www.rechtsanwalt-erbrecht.eu\/internationales-erbrecht\/erbrecht-in-der-eu\/erbrecht-im-ausland\/der-deutsch-niederlaendische-erbfall\/wo-kann-ein-europaeisches-nachlasszeugnis-beantragt-werden\/"},"modified":"2021-06-30T07:25:28","modified_gmt":"2021-06-30T05:25:28","slug":"where-to-apply-for-a-european-certificate-of-inheritance","status":"publish","type":"page","link":"https:\/\/www.rechtsanwalt-erbrecht.eu\/en\/internationales-erbrecht\/erbrecht-in-der-eu\/erbrecht-im-ausland\/der-deutsch-niederlaendische-erbfall\/wo-kann-ein-europaeisches-nachlasszeugnis-beantragt-werden\/","title":{"rendered":"Where can I apply for a European Certificate of Succession?"},"content":{"rendered":"<p>If the deceased was habitually resident in the Netherlands at the time of his death, the Dutch courts have jurisdiction according to Article 4 of the EU Succession Regulation.\u00a0<\/p>\n<p>In the Netherlands, notaries are responsible for issuing certificates of inheritance and European Certificates of Succession. For the European Certificate of Succession, this responsibility stems from Article 62 of the EU Succession Regulation in conjunction with Article 10b of the Dutch implementing legislation for the Succession Regulation. Further information can be found in our [document\/section\/etc.]. <a href=\"https:\/\/www.rechtsanwalt-erbrecht.eu\/en\/european-regulations\/european-regulations-2\/the-european-certificate-of-succession\/\">Article on the European Certificate of Succession<\/a>.<\/p>\n<p>If the European Certificate of Succession is applied for in the Netherlands, then even if assets (including real estate) are located in Germany, a German certificate of inheritance cannot be applied for in return. This has been ruled by the <a href=\"https:\/\/www.rechtsanwalt-erbrecht.eu\/en\/european-regulations\/case-law-on-intestate-inheritance-law\/jurisprudence-of-the-eugh\/eugh-urt-v-21-6-2018-c-20-17-oberle-international-competence-to-grant-german-certificate-of-inheritance-in-case-of-last-habitual-residence-of-the-deceased-in-another-member-state\/\">ECJ in the Oberle case<\/a> The decision has already been made. For further questions, please contact your specialist lawyer for inheritance law in D\u00fcsseldorf and Krefeld, Dr. Michael Gottschalk.<\/p>","protected":false},"excerpt":{"rendered":"<p>Hielt sich der Erblasser zum Zeitpunkt seines Todes gew\u00f6hnlicherweise in den Niederlanden auf, so sind nach Art. 4 EuErbVO die niederl\u00e4ndischen Gerichte zust\u00e4ndig.\u00a0 In den Niederlanden sind die Notare f\u00fcr die Ausstellung eines Erbscheins und eines europ\u00e4ischen Nachlasszeugnisses zust\u00e4ndig. F\u00fcr das\u00a0europ\u00e4ische Nachlasszeugnis ergibt sich dies aus Art. 62 EuErbVO in Verbindung mit Art. 10 B [&hellip;]<\/p>\n","protected":false},"author":1,"featured_media":0,"parent":416,"menu_order":0,"comment_status":"closed","ping_status":"closed","template":"","meta":{"_acf_changed":false,"inline_featured_image":false,"footnotes":""},"class_list":["post-1046","page","type-page","status-publish","hentry"],"acf":[],"aioseo_notices":[],"_links":{"self":[{"href":"https:\/\/www.rechtsanwalt-erbrecht.eu\/en\/wp-json\/wp\/v2\/pages\/1046","targetHints":{"allow":["GET"]}}],"collection":[{"href":"https:\/\/www.rechtsanwalt-erbrecht.eu\/en\/wp-json\/wp\/v2\/pages"}],"about":[{"href":"https:\/\/www.rechtsanwalt-erbrecht.eu\/en\/wp-json\/wp\/v2\/types\/page"}],"author":[{"embeddable":true,"href":"https:\/\/www.rechtsanwalt-erbrecht.eu\/en\/wp-json\/wp\/v2\/users\/1"}],"replies":[{"embeddable":true,"href":"https:\/\/www.rechtsanwalt-erbrecht.eu\/en\/wp-json\/wp\/v2\/comments?post=1046"}],"version-history":[{"count":0,"href":"https:\/\/www.rechtsanwalt-erbrecht.eu\/en\/wp-json\/wp\/v2\/pages\/1046\/revisions"}],"up":[{"embeddable":true,"href":"https:\/\/www.rechtsanwalt-erbrecht.eu\/en\/wp-json\/wp\/v2\/pages\/416"}],"wp:attachment":[{"href":"https:\/\/www.rechtsanwalt-erbrecht.eu\/en\/wp-json\/wp\/v2\/media?parent=1046"}],"curies":[{"name":"wp","href":"https:\/\/api.w.org\/{rel}","templated":true}]}}