{"id":1053,"date":"2021-06-30T07:30:14","date_gmt":"2021-06-30T05:30:14","guid":{"rendered":"https:\/\/www.rechtsanwalt-erbrecht.eu\/internationales-erbrecht\/erbrecht-in-der-eu\/erbrecht-im-ausland\/der-deutsch-oesterreichische-erbfall\/wie-ist-die-gesetzliche-erbfolge-in-oesterreich-ausgestaltet\/"},"modified":"2021-06-30T07:30:14","modified_gmt":"2021-06-30T05:30:14","slug":"how-is-the-legal-succession-organised-in-austria","status":"publish","type":"page","link":"https:\/\/www.rechtsanwalt-erbrecht.eu\/en\/internationales-erbrecht\/erbrecht-in-der-eu\/erbrecht-im-ausland\/der-deutsch-oesterreichische-erbfall\/wie-ist-die-gesetzliche-erbfolge-in-oesterreich-ausgestaltet\/","title":{"rendered":"How is intestate succession organised in Austria?"},"content":{"rendered":"<p>Austrian law distinguishes between four orders<em>,<\/em> the so-called. <em>\u201eLines\u201c<\/em> (\u00a7 731 ABGB). Relatives of a closer line exclude relatives of the more distant line from the inheritance (see Section 730 ABGB). Within an order, the ascendants exclude their own descendants from the succession (children of the deceased exclude their grandchildren). The inheritance share of the closest relatives is calculated on a per capita basis (see Section 732 sentence 2, Sections 733, 735 sentence 2 ABGB). If an authorised person has predeceased the deceased, their descendants take their place.<\/p>\n<p>The first line consists of the deceased's children and their descendants (Sections 731 I, 732-734 ABGB), whereby no distinction is made here between legitimate and illegitimate children.<\/p>\n<p>The second line consists of the testator's parents and their descendants (Section 731 II, Sections 735-737 ABGB). If a parent has predeceased the deceased and leaves no descendants, the estate is inherited by the parent who is still alive (Section 737 sentence 1 ABGB).\u00a0<\/p>\n<p>The third line consists of the deceased's grandparents and the siblings of his parents (uncles and aunts of the deceased) and their descendants (\u00a7 731 III, \u00a7\u00a7 738-740 ABGB).<\/p>\n<p><em>Example: Spouses M and F live in Austria under the statutory matrimonial property regime. They have two children together. M has another child from a previous partnership.\u00a0<\/em><\/p>\n<p>We deal with the inheritance rights of the surviving spouse in <a href=\"https:\/\/www.rechtsanwalt-erbrecht.eu\/en\/european-regulations\/european-regulations-2\/laenderberichte\/the-german-austrian-inheritance-case\/wie-erben-der-ueberlebende-ehegatte-oder-der-lebenspartner\/\">this article<\/a>. All children are members of the first line. They inherit with equal rights. Children born out of wedlock are also treated equally. The spouse receives one third. The three children share the remaining two thirds, so that each receives two ninths. Your specialist inheritance lawyer in D\u00fcsseldorf and Krefeld, Dr Michael Gottschalk, will be happy to answer any further questions you may have.<\/p>","protected":false},"excerpt":{"rendered":"<p>Das \u00f6sterreichische Recht unterscheidet zwischen vier Ordnungen, den sog. \u201eLinien\u201c (\u00a7\u00a0731 ABGB). Angeh\u00f6rige einer n\u00e4heren Linie schlie\u00dfen Angeh\u00f6rige der ferneren Linie von der Erbschaft aus (vgl. \u00a7\u00a0730 ABGB). Innerhalb einer Ordnung gilt, dass die Aszendenten ihre eigenen Abk\u00f6mmlinge von der Erbfolge ausschlie\u00dfen (Kinder des Erblassers schlie\u00dfen dessen Enkel aus).\u00a0Die Erbquote der gradn\u00e4chsten Verwandten berechnet sich [&hellip;]<\/p>\n","protected":false},"author":1,"featured_media":0,"parent":422,"menu_order":0,"comment_status":"closed","ping_status":"closed","template":"","meta":{"_acf_changed":false,"inline_featured_image":false,"footnotes":""},"class_list":["post-1053","page","type-page","status-publish","hentry"],"acf":[],"aioseo_notices":[],"_links":{"self":[{"href":"https:\/\/www.rechtsanwalt-erbrecht.eu\/en\/wp-json\/wp\/v2\/pages\/1053","targetHints":{"allow":["GET"]}}],"collection":[{"href":"https:\/\/www.rechtsanwalt-erbrecht.eu\/en\/wp-json\/wp\/v2\/pages"}],"about":[{"href":"https:\/\/www.rechtsanwalt-erbrecht.eu\/en\/wp-json\/wp\/v2\/types\/page"}],"author":[{"embeddable":true,"href":"https:\/\/www.rechtsanwalt-erbrecht.eu\/en\/wp-json\/wp\/v2\/users\/1"}],"replies":[{"embeddable":true,"href":"https:\/\/www.rechtsanwalt-erbrecht.eu\/en\/wp-json\/wp\/v2\/comments?post=1053"}],"version-history":[{"count":0,"href":"https:\/\/www.rechtsanwalt-erbrecht.eu\/en\/wp-json\/wp\/v2\/pages\/1053\/revisions"}],"up":[{"embeddable":true,"href":"https:\/\/www.rechtsanwalt-erbrecht.eu\/en\/wp-json\/wp\/v2\/pages\/422"}],"wp:attachment":[{"href":"https:\/\/www.rechtsanwalt-erbrecht.eu\/en\/wp-json\/wp\/v2\/media?parent=1053"}],"curies":[{"name":"wp","href":"https:\/\/api.w.org\/{rel}","templated":true}]}}