{"id":1056,"date":"2021-06-30T07:28:26","date_gmt":"2021-06-30T05:28:26","guid":{"rendered":"https:\/\/www.rechtsanwalt-erbrecht.eu\/internationales-erbrecht\/erbrecht-in-der-eu\/erbrecht-im-ausland\/der-deutsch-polnische-erbfall\/gibt-es-in-polen-ein-pflichtteilsrecht\/"},"modified":"2021-06-30T07:28:26","modified_gmt":"2021-06-30T05:28:26","slug":"is-there-a-right-to-a-compulsory-portion-in-poland","status":"publish","type":"page","link":"https:\/\/www.rechtsanwalt-erbrecht.eu\/en\/internationales-erbrecht\/erbrecht-in-der-eu\/erbrecht-im-ausland\/der-deutsch-polnische-erbfall\/gibt-es-in-polen-ein-pflichtteilsrecht\/","title":{"rendered":"Is there a right to a compulsory portion in Poland?"},"content":{"rendered":"<p>The group of persons potentially entitled to a compulsory portion is limited to the deceased's descendants, spouse and parents, provided that they would also inherit according to the statutory order of succession.\u00a0<\/p>\n<p>The specific entitlement to a compulsory portion is half of the statutory inheritance share if the person is permanently able to work and of legal age. It amounts to two thirds of the statutory inheritance share if the person is permanently unable to work or is a minor.<\/p>\n<p>If you have any further questions, please contact your specialist inheritance lawyer in D\u00fcsseldorf and Krefeld, Dr Michael Gottschalk.<\/p>","protected":false},"excerpt":{"rendered":"<p>Der Kreis der potentiell Pflichtteilsberechtigten beschr\u00e4nkt sich auf die Abk\u00f6mmlinge, den Ehegatten und die Eltern des Erblassers unter den Voraussetzungen, dass sie auch nach gesetzlicher Erbfolge erben w\u00fcrden.\u00a0 Der konkrete Pflichtteilsanspruch betr\u00e4gt die H\u00e4lfte des gesetzlichen Erbteils, wenn die Person dauerhaft arbeitsf\u00e4hig und vollj\u00e4hrig ist. Er betr\u00e4gt zwei Drittel des gesetzlichen Erbteils, wenn die Person [&hellip;]<\/p>\n","protected":false},"author":1,"featured_media":0,"parent":420,"menu_order":0,"comment_status":"closed","ping_status":"closed","template":"","meta":{"_acf_changed":false,"inline_featured_image":false,"footnotes":""},"class_list":["post-1056","page","type-page","status-publish","hentry"],"acf":[],"aioseo_notices":[],"_links":{"self":[{"href":"https:\/\/www.rechtsanwalt-erbrecht.eu\/en\/wp-json\/wp\/v2\/pages\/1056","targetHints":{"allow":["GET"]}}],"collection":[{"href":"https:\/\/www.rechtsanwalt-erbrecht.eu\/en\/wp-json\/wp\/v2\/pages"}],"about":[{"href":"https:\/\/www.rechtsanwalt-erbrecht.eu\/en\/wp-json\/wp\/v2\/types\/page"}],"author":[{"embeddable":true,"href":"https:\/\/www.rechtsanwalt-erbrecht.eu\/en\/wp-json\/wp\/v2\/users\/1"}],"replies":[{"embeddable":true,"href":"https:\/\/www.rechtsanwalt-erbrecht.eu\/en\/wp-json\/wp\/v2\/comments?post=1056"}],"version-history":[{"count":0,"href":"https:\/\/www.rechtsanwalt-erbrecht.eu\/en\/wp-json\/wp\/v2\/pages\/1056\/revisions"}],"up":[{"embeddable":true,"href":"https:\/\/www.rechtsanwalt-erbrecht.eu\/en\/wp-json\/wp\/v2\/pages\/420"}],"wp:attachment":[{"href":"https:\/\/www.rechtsanwalt-erbrecht.eu\/en\/wp-json\/wp\/v2\/media?parent=1056"}],"curies":[{"name":"wp","href":"https:\/\/api.w.org\/{rel}","templated":true}]}}