{"id":1057,"date":"2021-06-30T07:28:00","date_gmt":"2021-06-30T05:28:00","guid":{"rendered":"https:\/\/www.rechtsanwalt-erbrecht.eu\/internationales-erbrecht\/erbrecht-in-der-eu\/erbrecht-im-ausland\/der-deutsch-polnische-erbfall\/welche-wirksamkeitsvoraussetzungen-fuer-testamente-gibt-es\/"},"modified":"2021-06-30T07:28:00","modified_gmt":"2021-06-30T05:28:00","slug":"what-are-the-requirements-for-wills-to-be-valid","status":"publish","type":"page","link":"https:\/\/www.rechtsanwalt-erbrecht.eu\/en\/internationales-erbrecht\/erbrecht-in-der-eu\/erbrecht-im-ausland\/der-deutsch-polnische-erbfall\/welche-wirksamkeitsvoraussetzungen-fuer-testamente-gibt-es\/","title":{"rendered":"What are the conditions for the validity of wills?"},"content":{"rendered":"<p>The most common wills in Poland are handwritten wills and notarised wills. Special wills (emergency wills, military wills) will not be discussed here.<\/p>\n<p>A handwritten will must be drawn up, set down, signed and dated by hand. However, a lack of dating does not necessarily render the will invalid if this does not give rise to any doubts regarding the testator's testamentary capacity or the will's other validity, Art. 949 \u00a7 2 ZGB. This regulation is similar to German law.<\/p>\n<p>It is also possible to draw up a will in a notarised deed (Art. 951 ZGB). In a notarised deed, the testator can order a vindication legacy. You can find out more about this in our <a href=\"https:\/\/www.rechtsanwalt-erbrecht.eu\/en\/european-regulations\/european-regulations-2\/laenderberichte\/the-german-polish-inheritance-case\/wie-wirken-polnische-vermaechtnisse\/\">Article on the effect of legacies in Poland<\/a>. If you have any further questions, please contact your specialist inheritance lawyer in D\u00fcsseldorf and Krefeld, Dr Michael Gottschalk.<\/p>","protected":false},"excerpt":{"rendered":"<p>Die h\u00e4ufigsten Testamente in Polen sind die eigenh\u00e4ndigen und die notariellen Testamente. Auf besondere Testamente (Nottestamente, Milit\u00e4rtestamente) soll hier nicht eingegangen werden. Das eigenh\u00e4ndige Testament muss insgesamt handschriftlich errichtet, niedergelegt, unterschrieben und datiert werden. Eine fehlende Datierung f\u00fchrt aber nicht zwingend zur Unwirksamkeit des Testaments, wenn sich hieraus keine Zweifel hinsichtlich der Testierf\u00e4higkeit des Erblassers [&hellip;]<\/p>\n","protected":false},"author":1,"featured_media":0,"parent":420,"menu_order":0,"comment_status":"closed","ping_status":"closed","template":"","meta":{"_acf_changed":false,"inline_featured_image":false,"footnotes":""},"class_list":["post-1057","page","type-page","status-publish","hentry"],"acf":[],"aioseo_notices":[],"_links":{"self":[{"href":"https:\/\/www.rechtsanwalt-erbrecht.eu\/en\/wp-json\/wp\/v2\/pages\/1057","targetHints":{"allow":["GET"]}}],"collection":[{"href":"https:\/\/www.rechtsanwalt-erbrecht.eu\/en\/wp-json\/wp\/v2\/pages"}],"about":[{"href":"https:\/\/www.rechtsanwalt-erbrecht.eu\/en\/wp-json\/wp\/v2\/types\/page"}],"author":[{"embeddable":true,"href":"https:\/\/www.rechtsanwalt-erbrecht.eu\/en\/wp-json\/wp\/v2\/users\/1"}],"replies":[{"embeddable":true,"href":"https:\/\/www.rechtsanwalt-erbrecht.eu\/en\/wp-json\/wp\/v2\/comments?post=1057"}],"version-history":[{"count":0,"href":"https:\/\/www.rechtsanwalt-erbrecht.eu\/en\/wp-json\/wp\/v2\/pages\/1057\/revisions"}],"up":[{"embeddable":true,"href":"https:\/\/www.rechtsanwalt-erbrecht.eu\/en\/wp-json\/wp\/v2\/pages\/420"}],"wp:attachment":[{"href":"https:\/\/www.rechtsanwalt-erbrecht.eu\/en\/wp-json\/wp\/v2\/media?parent=1057"}],"curies":[{"name":"wp","href":"https:\/\/api.w.org\/{rel}","templated":true}]}}