{"id":1070,"date":"2021-06-30T07:36:14","date_gmt":"2021-06-30T05:36:14","guid":{"rendered":"https:\/\/www.rechtsanwalt-erbrecht.eu\/internationales-erbrecht\/erbrecht-in-der-eu\/erbrecht-im-ausland\/der-deutsch-spanische-erbfall\/die-foralrechte\/das-erbrecht-von-aragonien\/"},"modified":"2021-06-30T07:36:14","modified_gmt":"2021-06-30T05:36:14","slug":"the-inheritance-law-of-aragon","status":"publish","type":"page","link":"https:\/\/www.rechtsanwalt-erbrecht.eu\/en\/internationales-erbrecht\/erbrecht-in-der-eu\/erbrecht-im-ausland\/der-deutsch-spanische-erbfall\/die-foralrechte\/das-erbrecht-von-aragonien\/","title":{"rendered":"The law of succession of Aragon"},"content":{"rendered":"<h2>Special rules for statutory inheritance<\/h2>\n<p>The spouse inherits before relatives of the collateral line as a legal heir. However, this only applies if there are neither descendants nor parents or other ancestors. In this case, the spouse receives a right of usufruct to the estate. Other legal heirs include the siblings of the deceased and the descendants of siblings. Finally, the deceased&#039;s collateral relatives up to the fourth degree are entitled to inherit; otherwise, the region of Aragon is the legal heir. This means that there can never be no heirs at all.<\/p>\n<h2>Special rules for testamentary succession<\/h2>\n<p>Joint wills are also permitted in Aragon. These can be drawn up not only by married couples, but by anyone. The only requirement is that at least one of the testators is a citizen of Aragon and that the other testator&#039;s national law does not prohibit a joint will.\u00a0<\/p>\n<h2>Special rules regarding compulsory share law<\/h2>\n<p>In Aragon, only descendants are entitled to inheritance by operation of law. A comparison with Spanish law is warranted. <a href=\"https:\/\/www.rechtsanwalt-erbrecht.eu\/en\/european-regulations\/european-regulations-2\/laenderberichte\/the-german-spanish-inheritance-case\/general-spanish-law\/is-there-a-right-to-a-compulsory-portion-in-common-spanish-law\/\">You will find this article<\/a>.The testator can distribute the forced heirship share among their descendants as they see fit. This differs from Spanish common law, where all forced heirs receive the same share. For further questions, please contact Dr. Michael Gottschalk, your specialist lawyer for inheritance law in D\u00fcsseldorf and Krefeld.<\/p>","protected":false},"excerpt":{"rendered":"<p>Sonderregeln bei der gesetzlichen Erbfolge Der\u00a0Ehegatte erbt vor den Verwandten der Seitenlinien als gesetzlicher Erbe berufen. Das gilt aber nur, wenn weder Abk\u00f6mmlinge noch Eltern oder andere Vorfahren vorhanden sind. In diesem Fall erh\u00e4lt er ein Nutzungsrecht am Nachlass. Als weitere gesetzliche Erben sind die Geschwister des Erblassers sowie die Abk\u00f6mmlinge von Geschwistern genannt. Endlich [&hellip;]<\/p>\n","protected":false},"author":1,"featured_media":0,"parent":434,"menu_order":0,"comment_status":"closed","ping_status":"closed","template":"","meta":{"_acf_changed":false,"inline_featured_image":false,"footnotes":""},"class_list":["post-1070","page","type-page","status-publish","hentry"],"acf":[],"aioseo_notices":[],"_links":{"self":[{"href":"https:\/\/www.rechtsanwalt-erbrecht.eu\/en\/wp-json\/wp\/v2\/pages\/1070","targetHints":{"allow":["GET"]}}],"collection":[{"href":"https:\/\/www.rechtsanwalt-erbrecht.eu\/en\/wp-json\/wp\/v2\/pages"}],"about":[{"href":"https:\/\/www.rechtsanwalt-erbrecht.eu\/en\/wp-json\/wp\/v2\/types\/page"}],"author":[{"embeddable":true,"href":"https:\/\/www.rechtsanwalt-erbrecht.eu\/en\/wp-json\/wp\/v2\/users\/1"}],"replies":[{"embeddable":true,"href":"https:\/\/www.rechtsanwalt-erbrecht.eu\/en\/wp-json\/wp\/v2\/comments?post=1070"}],"version-history":[{"count":0,"href":"https:\/\/www.rechtsanwalt-erbrecht.eu\/en\/wp-json\/wp\/v2\/pages\/1070\/revisions"}],"up":[{"embeddable":true,"href":"https:\/\/www.rechtsanwalt-erbrecht.eu\/en\/wp-json\/wp\/v2\/pages\/434"}],"wp:attachment":[{"href":"https:\/\/www.rechtsanwalt-erbrecht.eu\/en\/wp-json\/wp\/v2\/media?parent=1070"}],"curies":[{"name":"wp","href":"https:\/\/api.w.org\/{rel}","templated":true}]}}