{"id":1073,"date":"2021-06-30T07:34:35","date_gmt":"2021-06-30T05:34:35","guid":{"rendered":"https:\/\/www.rechtsanwalt-erbrecht.eu\/internationales-erbrecht\/erbrecht-in-der-eu\/erbrecht-im-ausland\/der-deutsch-spanische-erbfall\/das-allgemeine-spanische-recht\/sind-gemeinschaftliche-testamente-und-erbvertraege-in-spanien-erlaubt\/"},"modified":"2021-06-30T07:34:35","modified_gmt":"2021-06-30T05:34:35","slug":"are-joint-wills-and-inheritance-contracts-allowed-in-spain","status":"publish","type":"page","link":"https:\/\/www.rechtsanwalt-erbrecht.eu\/en\/internationales-erbrecht\/erbrecht-in-der-eu\/erbrecht-im-ausland\/der-deutsch-spanische-erbfall\/das-allgemeine-spanische-recht\/sind-gemeinschaftliche-testamente-und-erbvertraege-in-spanien-erlaubt\/","title":{"rendered":"Are joint wills and inheritance contracts permitted in Spain?"},"content":{"rendered":"<p>There is a ban on joint wills in Spain. According to Art. 669 CC, Spaniards are prohibited from drawing up such a will. However, a different approach may be required within the scope of the EU Succession Regulation. You can find further information in our article on\u00a0<a href=\"https:\/\/www.rechtsanwalt-erbrecht.eu\/en\/european-regulations\/european-regulations-2\/zulaessigkeit-und-wirksamkeit-von-erbvertraegen-und-gemeinschaftlichen-testamenten-in-europa\/\">Admissibility of inheritance contracts and joint wills in Europe<\/a>.<\/p>\n<p>In common Spanish law, inheritance contracts are also prohibited, Art. 1271 CC. However, various formal laws expressly authorise them. Here, too, it is necessary to check carefully whether a formal law is applicable. If you have any further questions, your specialist inheritance lawyer in D\u00fcsseldorf and Krefeld, Dr Michael Gottschalk, is at your disposal.<\/p>","protected":false},"excerpt":{"rendered":"<p>In Spanien gilt ein Verbot der gemeinschaftlichen Testamente. Nach Art. 669 CC ist es Spaniern untersagt, ein solches zu errichten. Eine andere Betrachtung kann jedoch im Anwendungsbereich der EuErbVO geboten sein. Weitere Informationen finden Sie in unserem Artikel zur\u00a0Zul\u00e4ssigkeit von Erbvertr\u00e4gen und gemeinschaftlichen Testamenten in Europa. Im gemeinspanischen Recht sind auch Erbvertr\u00e4ge verboten, Art. 1271 [&hellip;]<\/p>\n","protected":false},"author":1,"featured_media":0,"parent":432,"menu_order":0,"comment_status":"closed","ping_status":"closed","template":"","meta":{"_acf_changed":false,"inline_featured_image":false,"footnotes":""},"class_list":["post-1073","page","type-page","status-publish","hentry"],"acf":[],"aioseo_notices":[],"_links":{"self":[{"href":"https:\/\/www.rechtsanwalt-erbrecht.eu\/en\/wp-json\/wp\/v2\/pages\/1073","targetHints":{"allow":["GET"]}}],"collection":[{"href":"https:\/\/www.rechtsanwalt-erbrecht.eu\/en\/wp-json\/wp\/v2\/pages"}],"about":[{"href":"https:\/\/www.rechtsanwalt-erbrecht.eu\/en\/wp-json\/wp\/v2\/types\/page"}],"author":[{"embeddable":true,"href":"https:\/\/www.rechtsanwalt-erbrecht.eu\/en\/wp-json\/wp\/v2\/users\/1"}],"replies":[{"embeddable":true,"href":"https:\/\/www.rechtsanwalt-erbrecht.eu\/en\/wp-json\/wp\/v2\/comments?post=1073"}],"version-history":[{"count":0,"href":"https:\/\/www.rechtsanwalt-erbrecht.eu\/en\/wp-json\/wp\/v2\/pages\/1073\/revisions"}],"up":[{"embeddable":true,"href":"https:\/\/www.rechtsanwalt-erbrecht.eu\/en\/wp-json\/wp\/v2\/pages\/432"}],"wp:attachment":[{"href":"https:\/\/www.rechtsanwalt-erbrecht.eu\/en\/wp-json\/wp\/v2\/media?parent=1073"}],"curies":[{"name":"wp","href":"https:\/\/api.w.org\/{rel}","templated":true}]}}