{"id":1074,"date":"2021-06-30T07:34:18","date_gmt":"2021-06-30T05:34:18","guid":{"rendered":"https:\/\/www.rechtsanwalt-erbrecht.eu\/internationales-erbrecht\/erbrecht-in-der-eu\/erbrecht-im-ausland\/der-deutsch-spanische-erbfall\/das-allgemeine-spanische-recht\/welche-wirksamkeitsvoraussetzungen-fuer-testamente-gibt-es-in-spanien\/"},"modified":"2021-06-30T07:34:18","modified_gmt":"2021-06-30T05:34:18","slug":"what-are-the-requirements-for-wills-to-be-valid-in-spain","status":"publish","type":"page","link":"https:\/\/www.rechtsanwalt-erbrecht.eu\/en\/internationales-erbrecht\/erbrecht-in-der-eu\/erbrecht-im-ausland\/der-deutsch-spanische-erbfall\/das-allgemeine-spanische-recht\/welche-wirksamkeitsvoraussetzungen-fuer-testamente-gibt-es-in-spanien\/","title":{"rendered":"What are the validity requirements for wills in Spain?"},"content":{"rendered":"<h2>General requirements<\/h2>\n<p>In principle, the testator must be at least 14 years old and have legal capacity, Art. 662 et seq. CC. In the case of handwritten wills, however, the testator must be of legal age, Art. 688 para. 1 CC. They must draw up the will themselves. Unlike under German law, however, if the estate has been granted to a specific group of people, the testator can leave the actual distribution of the estate to a third party.\u00a0<\/p>\n<h2>Special requirements<\/h2>\n<p>There are various types of wills in Spain. The most common forms are dealt with here - the handwritten will and the open will.<\/p>\n<p>The <strong>handwritten will<\/strong> must be written, signed and dated in full. If changes have been made, these must be separately cancelled and signed in order to be valid, Art. 678, 688 para. 3 CC. The will must be presented to a notary no later than five years after the death of the testator, Art. 689 CC. Otherwise the will becomes invalid. If someone breaches the obligation to present the will, they are liable for damages. However, the will can also be submitted to the notary before death. In this case, the will is sealed before it is handed over. The testator declares to the notary that the formal requirements have been met; the notary must then verify the identity and testamentary capacity of the testator and notarise the will.\u00a0<\/p>\n<p>The <strong>open will<\/strong> will also <strong>public will<\/strong> called. The testator declares his will before a notary, Art. 694 CC. The notary then draws up the will, reads out the deed and files it. Witnesses can be called in at the request of the notary or the testator. Your specialist inheritance lawyer in D\u00fcsseldorf and Krefeld, Dr Michael Gottschalk, will be happy to answer any further questions you may have.<\/p>","protected":false},"excerpt":{"rendered":"<p>Allgemeine Voraussetzungen Der Testator muss grunds\u00e4tzlich mindestens 14 Jahre alt und gesch\u00e4ftsf\u00e4hig sein, Art. 662 f. CC. Bei eigenh\u00e4ndigen Testamenten muss er aber vollj\u00e4hrig sein, Art. 688 Absatz 1 CC. Er muss das Testament selbst errichten. Anders als im deutschen Recht kann er aber &#8211; wenn der Nachlass einer bestimmten Personengruppe zugewendet wurde &#8211; einer [&hellip;]<\/p>\n","protected":false},"author":1,"featured_media":0,"parent":432,"menu_order":0,"comment_status":"closed","ping_status":"closed","template":"","meta":{"_acf_changed":false,"inline_featured_image":false,"footnotes":""},"class_list":["post-1074","page","type-page","status-publish","hentry"],"acf":[],"aioseo_notices":[],"_links":{"self":[{"href":"https:\/\/www.rechtsanwalt-erbrecht.eu\/en\/wp-json\/wp\/v2\/pages\/1074","targetHints":{"allow":["GET"]}}],"collection":[{"href":"https:\/\/www.rechtsanwalt-erbrecht.eu\/en\/wp-json\/wp\/v2\/pages"}],"about":[{"href":"https:\/\/www.rechtsanwalt-erbrecht.eu\/en\/wp-json\/wp\/v2\/types\/page"}],"author":[{"embeddable":true,"href":"https:\/\/www.rechtsanwalt-erbrecht.eu\/en\/wp-json\/wp\/v2\/users\/1"}],"replies":[{"embeddable":true,"href":"https:\/\/www.rechtsanwalt-erbrecht.eu\/en\/wp-json\/wp\/v2\/comments?post=1074"}],"version-history":[{"count":0,"href":"https:\/\/www.rechtsanwalt-erbrecht.eu\/en\/wp-json\/wp\/v2\/pages\/1074\/revisions"}],"up":[{"embeddable":true,"href":"https:\/\/www.rechtsanwalt-erbrecht.eu\/en\/wp-json\/wp\/v2\/pages\/432"}],"wp:attachment":[{"href":"https:\/\/www.rechtsanwalt-erbrecht.eu\/en\/wp-json\/wp\/v2\/media?parent=1074"}],"curies":[{"name":"wp","href":"https:\/\/api.w.org\/{rel}","templated":true}]}}