{"id":1097,"date":"2021-06-30T07:44:33","date_gmt":"2021-06-30T05:44:33","guid":{"rendered":"https:\/\/www.rechtsanwalt-erbrecht.eu\/internationales-erbrecht\/erbrecht-in-drittstaaten\/der-deutsch-schweizerische-erbfall\/koennen-auslaender-in-der-schweiz-grundstuecke-erwerben\/"},"modified":"2021-06-30T07:44:33","modified_gmt":"2021-06-30T05:44:33","slug":"can-foreigners-buy-property-in-switzerland","status":"publish","type":"page","link":"https:\/\/www.rechtsanwalt-erbrecht.eu\/en\/internationales-erbrecht\/erbrecht-in-drittstaaten\/der-deutsch-schweizerische-erbfall\/koennen-auslaender-in-der-schweiz-grundstuecke-erwerben\/","title":{"rendered":"Can foreigners buy property in Switzerland?"},"content":{"rendered":"<p>Foreigners, including EU citizens who are not permanently resident in Switzerland, require authorisation to acquire a property. The authorisation requirement is only waived if they are legal heirs (Article 7 paragraph 1 letter a schwBewG). Authorisation for heirs at law is only granted if they declare their intention to resell the property within two years (Article 8 para. 2 schwBewG).<\/p>","protected":false},"excerpt":{"rendered":"<p>Ausl\u00e4nder, auch Unionsb\u00fcrger die ihren st\u00e4ndigen Wohnsitz nicht in der Schweiz haben, bed\u00fcrfen zum Erwerb eines Grundst\u00fccks einer Genehmigung. Die Genehmigungspflicht entf\u00e4llt nur, wenn es sich um gesetzliche Erben handelt (Artikel 7 Absatz 1 Buchstabe a schwBewG). Die Genehmigung f\u00fcr gewillk\u00fcrte Erben wird nur erteilt, wenn sie erkl\u00e4ren, das Grundst\u00fcck innerhalb von zwei Jahren wieder [&hellip;]<\/p>\n","protected":false},"author":1,"featured_media":0,"parent":426,"menu_order":0,"comment_status":"closed","ping_status":"closed","template":"","meta":{"_acf_changed":false,"inline_featured_image":false,"footnotes":""},"class_list":["post-1097","page","type-page","status-publish","hentry"],"acf":[],"aioseo_notices":[],"_links":{"self":[{"href":"https:\/\/www.rechtsanwalt-erbrecht.eu\/en\/wp-json\/wp\/v2\/pages\/1097","targetHints":{"allow":["GET"]}}],"collection":[{"href":"https:\/\/www.rechtsanwalt-erbrecht.eu\/en\/wp-json\/wp\/v2\/pages"}],"about":[{"href":"https:\/\/www.rechtsanwalt-erbrecht.eu\/en\/wp-json\/wp\/v2\/types\/page"}],"author":[{"embeddable":true,"href":"https:\/\/www.rechtsanwalt-erbrecht.eu\/en\/wp-json\/wp\/v2\/users\/1"}],"replies":[{"embeddable":true,"href":"https:\/\/www.rechtsanwalt-erbrecht.eu\/en\/wp-json\/wp\/v2\/comments?post=1097"}],"version-history":[{"count":0,"href":"https:\/\/www.rechtsanwalt-erbrecht.eu\/en\/wp-json\/wp\/v2\/pages\/1097\/revisions"}],"up":[{"embeddable":true,"href":"https:\/\/www.rechtsanwalt-erbrecht.eu\/en\/wp-json\/wp\/v2\/pages\/426"}],"wp:attachment":[{"href":"https:\/\/www.rechtsanwalt-erbrecht.eu\/en\/wp-json\/wp\/v2\/media?parent=1097"}],"curies":[{"name":"wp","href":"https:\/\/api.w.org\/{rel}","templated":true}]}}