{"id":1098,"date":"2021-06-30T07:43:06","date_gmt":"2021-06-30T05:43:06","guid":{"rendered":"https:\/\/www.rechtsanwalt-erbrecht.eu\/internationales-erbrecht\/erbrecht-in-drittstaaten\/der-deutsch-schweizerische-erbfall\/sind-gemeinschaftliche-testamente-und-erbvertraege-zulaessig\/"},"modified":"2021-06-30T07:43:06","modified_gmt":"2021-06-30T05:43:06","slug":"are-joint-wills-and-inheritance-contracts-admissible","status":"publish","type":"page","link":"https:\/\/www.rechtsanwalt-erbrecht.eu\/en\/internationales-erbrecht\/erbrecht-in-drittstaaten\/der-deutsch-schweizerische-erbfall\/sind-gemeinschaftliche-testamente-und-erbvertraege-zulaessig\/","title":{"rendered":"Are joint wills and inheritance contracts permissible?"},"content":{"rendered":"<p>Swiss inheritance law only permits inheritance contracts, which in practice are often used by spouses. The formal requirements of public wills apply to the drafting of inheritance contracts. Inheritance contracts can be cancelled in writing by mutual agreement, Article 513 para. 1 of the Swiss Civil Code. There is a possibility of unilateral cancellation if there was an error on the part of one party, a reason for disinheritance arises or the other party defaults on the promised payment.<\/p>","protected":false},"excerpt":{"rendered":"<p>Das Erbrecht der Schweiz l\u00e4sst nur Erbvertr\u00e4ge zu, die in der Praxis h\u00e4ufig von Ehegatten genutzt werden. F\u00fcr die Errichtung von Erbvertr\u00e4gen sind die Formvorschriften des \u00f6ffentlichen Testaments anwendbar. Erbvertr\u00e4ge sind einvernehmlich schriftlich aufhebbar, Artikel 513 Abs. 1 ZGB. Eine M\u00f6glichkeit der einseitigen Aufhebbarkeit besteht, wenn ein Irrtum bei einer Partei vorlag, ein Enterbungsgrund auftritt [&hellip;]<\/p>\n","protected":false},"author":1,"featured_media":0,"parent":426,"menu_order":0,"comment_status":"closed","ping_status":"closed","template":"","meta":{"_acf_changed":false,"inline_featured_image":false,"footnotes":""},"class_list":["post-1098","page","type-page","status-publish","hentry"],"acf":[],"aioseo_notices":[],"_links":{"self":[{"href":"https:\/\/www.rechtsanwalt-erbrecht.eu\/en\/wp-json\/wp\/v2\/pages\/1098","targetHints":{"allow":["GET"]}}],"collection":[{"href":"https:\/\/www.rechtsanwalt-erbrecht.eu\/en\/wp-json\/wp\/v2\/pages"}],"about":[{"href":"https:\/\/www.rechtsanwalt-erbrecht.eu\/en\/wp-json\/wp\/v2\/types\/page"}],"author":[{"embeddable":true,"href":"https:\/\/www.rechtsanwalt-erbrecht.eu\/en\/wp-json\/wp\/v2\/users\/1"}],"replies":[{"embeddable":true,"href":"https:\/\/www.rechtsanwalt-erbrecht.eu\/en\/wp-json\/wp\/v2\/comments?post=1098"}],"version-history":[{"count":0,"href":"https:\/\/www.rechtsanwalt-erbrecht.eu\/en\/wp-json\/wp\/v2\/pages\/1098\/revisions"}],"up":[{"embeddable":true,"href":"https:\/\/www.rechtsanwalt-erbrecht.eu\/en\/wp-json\/wp\/v2\/pages\/426"}],"wp:attachment":[{"href":"https:\/\/www.rechtsanwalt-erbrecht.eu\/en\/wp-json\/wp\/v2\/media?parent=1098"}],"curies":[{"name":"wp","href":"https:\/\/api.w.org\/{rel}","templated":true}]}}