{"id":1099,"date":"2021-06-30T07:42:45","date_gmt":"2021-06-30T05:42:45","guid":{"rendered":"https:\/\/www.rechtsanwalt-erbrecht.eu\/internationales-erbrecht\/erbrecht-in-drittstaaten\/der-deutsch-schweizerische-erbfall\/welche-wirksamkeitsvoraussetzungen-fuer-testamente-gibt-es\/"},"modified":"2021-06-30T07:42:45","modified_gmt":"2021-06-30T05:42:45","slug":"what-are-the-requirements-for-wills-to-be-valid","status":"publish","type":"page","link":"https:\/\/www.rechtsanwalt-erbrecht.eu\/en\/internationales-erbrecht\/erbrecht-in-drittstaaten\/der-deutsch-schweizerische-erbfall\/welche-wirksamkeitsvoraussetzungen-fuer-testamente-gibt-es\/","title":{"rendered":"What are the validity requirements for wills?"},"content":{"rendered":"<p>The testator must draw up the will themselves. They may not instruct anyone else to do so or leave the decision as to who is to be the beneficiary. The will must be drawn up, dated and signed by hand, Article 505 ZGB. To be sure of having drawn up an effective will, a public will can also be drawn up before a notary and with the assistance of two witnesses, Article 499-504 ZGB.<\/p>","protected":false},"excerpt":{"rendered":"<p>Der Erblasser muss das Testament selbst errichten. Er darf dies niemandem auftragen oder die Entscheidung \u00fcberlassen, wer beg\u00fcnstigt wird. Das Testament muss eigenh\u00e4ndig errichtet, datiert und unterzeichnet werden, Artikel 505 ZGB. Um sicher zu sein, ein wirksames Testament errichtet zu haben, kann man auch ein \u00f6ffentliches Testament vor einer Urkundsperson und unter Mitwirkung von zwei [&hellip;]<\/p>\n","protected":false},"author":1,"featured_media":0,"parent":426,"menu_order":0,"comment_status":"closed","ping_status":"closed","template":"","meta":{"_acf_changed":false,"inline_featured_image":false,"footnotes":""},"class_list":["post-1099","page","type-page","status-publish","hentry"],"acf":[],"aioseo_notices":[],"_links":{"self":[{"href":"https:\/\/www.rechtsanwalt-erbrecht.eu\/en\/wp-json\/wp\/v2\/pages\/1099","targetHints":{"allow":["GET"]}}],"collection":[{"href":"https:\/\/www.rechtsanwalt-erbrecht.eu\/en\/wp-json\/wp\/v2\/pages"}],"about":[{"href":"https:\/\/www.rechtsanwalt-erbrecht.eu\/en\/wp-json\/wp\/v2\/types\/page"}],"author":[{"embeddable":true,"href":"https:\/\/www.rechtsanwalt-erbrecht.eu\/en\/wp-json\/wp\/v2\/users\/1"}],"replies":[{"embeddable":true,"href":"https:\/\/www.rechtsanwalt-erbrecht.eu\/en\/wp-json\/wp\/v2\/comments?post=1099"}],"version-history":[{"count":0,"href":"https:\/\/www.rechtsanwalt-erbrecht.eu\/en\/wp-json\/wp\/v2\/pages\/1099\/revisions"}],"up":[{"embeddable":true,"href":"https:\/\/www.rechtsanwalt-erbrecht.eu\/en\/wp-json\/wp\/v2\/pages\/426"}],"wp:attachment":[{"href":"https:\/\/www.rechtsanwalt-erbrecht.eu\/en\/wp-json\/wp\/v2\/media?parent=1099"}],"curies":[{"name":"wp","href":"https:\/\/api.w.org\/{rel}","templated":true}]}}