{"id":1103,"date":"2023-02-09T14:04:47","date_gmt":"2023-02-09T13:04:47","guid":{"rendered":"https:\/\/www.rechtsanwalt-erbrecht.eu\/internationales-erbrecht\/erbrecht-in-drittstaaten\/der-deutsch-schweizerische-erbfall\/wie-erbt-der-ueberlebende-ehegatte\/"},"modified":"2023-02-09T14:04:47","modified_gmt":"2023-02-09T13:04:47","slug":"how-the-surviving-spouse-inherits","status":"publish","type":"page","link":"https:\/\/www.rechtsanwalt-erbrecht.eu\/en\/internationales-erbrecht\/erbrecht-in-drittstaaten\/der-deutsch-schweizerische-erbfall\/wie-erbt-der-ueberlebende-ehegatte\/","title":{"rendered":"How does the surviving spouse inherit?"},"content":{"rendered":"<p>The surviving spouse is not part of the parentel system. He or she is entitled to a special right of inheritance in accordance with Article 462 of the Swiss Civil Code.<\/p>\n<p>If the surviving spouse has to share the estate with descendants, he or she is entitled to half of the inheritance in accordance with Article 462 Paragraph 1 of the Swiss Civil Code. If the spouse has to share the inheritance with the deceased's parents, he or she is entitled to \u00be of the estate. If there are no heirs from the parental line, the spouse becomes the sole heir in accordance with Article 462 Paragraph 3 of the Swiss Civil Code.<\/p>","protected":false},"excerpt":{"rendered":"<p>Der \u00fcberlebende Ehegatte ist nicht Teil des Parentelsystems. Ihm steht im Sinne des Artikels 462 ZGB ein Sondererbrecht zu. Wenn der \u00fcberlebende Ehegatte den Nachlass mit Nachkommen zu teilen hat, steht ihm gem\u00e4\u00df Artikel 462 Absatz 1 ZGB die H\u00e4lfte der Erbschaft zu. Muss sich der Ehegatte mit den Eltern des Erblassers die Erbschaft teilen, [&hellip;]<\/p>\n","protected":false},"author":1,"featured_media":0,"parent":426,"menu_order":0,"comment_status":"closed","ping_status":"closed","template":"","meta":{"_acf_changed":false,"inline_featured_image":false,"footnotes":""},"class_list":["post-1103","page","type-page","status-publish","hentry"],"acf":[],"aioseo_notices":[],"_links":{"self":[{"href":"https:\/\/www.rechtsanwalt-erbrecht.eu\/en\/wp-json\/wp\/v2\/pages\/1103","targetHints":{"allow":["GET"]}}],"collection":[{"href":"https:\/\/www.rechtsanwalt-erbrecht.eu\/en\/wp-json\/wp\/v2\/pages"}],"about":[{"href":"https:\/\/www.rechtsanwalt-erbrecht.eu\/en\/wp-json\/wp\/v2\/types\/page"}],"author":[{"embeddable":true,"href":"https:\/\/www.rechtsanwalt-erbrecht.eu\/en\/wp-json\/wp\/v2\/users\/1"}],"replies":[{"embeddable":true,"href":"https:\/\/www.rechtsanwalt-erbrecht.eu\/en\/wp-json\/wp\/v2\/comments?post=1103"}],"version-history":[{"count":0,"href":"https:\/\/www.rechtsanwalt-erbrecht.eu\/en\/wp-json\/wp\/v2\/pages\/1103\/revisions"}],"up":[{"embeddable":true,"href":"https:\/\/www.rechtsanwalt-erbrecht.eu\/en\/wp-json\/wp\/v2\/pages\/426"}],"wp:attachment":[{"href":"https:\/\/www.rechtsanwalt-erbrecht.eu\/en\/wp-json\/wp\/v2\/media?parent=1103"}],"curies":[{"name":"wp","href":"https:\/\/api.w.org\/{rel}","templated":true}]}}