{"id":1105,"date":"2021-06-30T07:40:01","date_gmt":"2021-06-30T05:40:01","guid":{"rendered":"https:\/\/www.rechtsanwalt-erbrecht.eu\/internationales-erbrecht\/erbrecht-in-drittstaaten\/der-deutsch-tuerkische-erbfall\/haben-ehegatten-und-kinder-ein-pflichtteilsrecht\/"},"modified":"2021-06-30T07:40:01","modified_gmt":"2021-06-30T05:40:01","slug":"do-spouses-and-children-have-a-right-to-a-compulsory-share","status":"publish","type":"page","link":"https:\/\/www.rechtsanwalt-erbrecht.eu\/en\/internationales-erbrecht\/erbrecht-in-drittstaaten\/der-deutsch-tuerkische-erbfall\/haben-ehegatten-und-kinder-ein-pflichtteilsrecht\/","title":{"rendered":"Do spouses and children have a right to a compulsory portion?"},"content":{"rendered":"<p>A compulsory share of the inheritance also exists in Turkey. Those entitled to a share are the spouse, children (including those born out of wedlock), and \u2013 unlike in Germany \u2013 the parents and siblings of the deceased (Article 505, paragraph 1, and Article 506 of the Civil Code). Here, too, those entitled to a share in earlier stages of inheritance exclude those entitled in later stages. Spouses and children are entitled to a share alongside each other.<\/p>\n<p> Another difference from Germany is the legal nature of the compulsory share of the inheritance. In Germany, the entitled persons only receive a monetary claim. In Turkey, on the other hand, they receive a <strong>actual real interest in the estate<\/strong>. The compulsory share of the inheritance is calculated from the total value of the estate. As explained above, the estate only includes that portion of the assets that does not already accrue to the surviving spouse under matrimonial property law.<\/p>\n<p>Descendants receive half of the estate. Each parent receives one quarter. If there is only one child, the statutory share for each child is one-third, Article 542, paragraph 1 of the Civil Code. If there are several children, the spouse receives one quarter. The children share the estate equally, Article 542, paragraph 2 of the Civil Code.\u00a0<\/p>","protected":false},"excerpt":{"rendered":"<p>Auch in der T\u00fcrkei existiert ein Pflichtteilsrecht. Die berechtigten Personen sind der Ehegatte, die Kinder (auch nichteheliche) und &#8211; anders als in Deutschland &#8211; die Eltern des Erblassers und dessen Geschwister, Artikel 505 Absatz 1 und Artikel 506 ZGB. Auch hier schlie\u00dfen berechtigte fr\u00fcherer Ordnungen die Berechtigten sp\u00e4terer Ordnungen aus. Ehegatten und Kinder werden nebeneinander [&hellip;]<\/p>\n","protected":false},"author":1,"featured_media":0,"parent":424,"menu_order":0,"comment_status":"closed","ping_status":"closed","template":"","meta":{"_acf_changed":false,"inline_featured_image":false,"footnotes":""},"class_list":["post-1105","page","type-page","status-publish","hentry"],"acf":[],"aioseo_notices":[],"_links":{"self":[{"href":"https:\/\/www.rechtsanwalt-erbrecht.eu\/en\/wp-json\/wp\/v2\/pages\/1105","targetHints":{"allow":["GET"]}}],"collection":[{"href":"https:\/\/www.rechtsanwalt-erbrecht.eu\/en\/wp-json\/wp\/v2\/pages"}],"about":[{"href":"https:\/\/www.rechtsanwalt-erbrecht.eu\/en\/wp-json\/wp\/v2\/types\/page"}],"author":[{"embeddable":true,"href":"https:\/\/www.rechtsanwalt-erbrecht.eu\/en\/wp-json\/wp\/v2\/users\/1"}],"replies":[{"embeddable":true,"href":"https:\/\/www.rechtsanwalt-erbrecht.eu\/en\/wp-json\/wp\/v2\/comments?post=1105"}],"version-history":[{"count":0,"href":"https:\/\/www.rechtsanwalt-erbrecht.eu\/en\/wp-json\/wp\/v2\/pages\/1105\/revisions"}],"up":[{"embeddable":true,"href":"https:\/\/www.rechtsanwalt-erbrecht.eu\/en\/wp-json\/wp\/v2\/pages\/424"}],"wp:attachment":[{"href":"https:\/\/www.rechtsanwalt-erbrecht.eu\/en\/wp-json\/wp\/v2\/media?parent=1105"}],"curies":[{"name":"wp","href":"https:\/\/api.w.org\/{rel}","templated":true}]}}