{"id":1106,"date":"2021-06-30T07:39:41","date_gmt":"2021-06-30T05:39:41","guid":{"rendered":"https:\/\/www.rechtsanwalt-erbrecht.eu\/internationales-erbrecht\/erbrecht-in-drittstaaten\/der-deutsch-tuerkische-erbfall\/kann-ein-testament-widerrufen-werden\/"},"modified":"2021-06-30T07:39:41","modified_gmt":"2021-06-30T05:39:41","slug":"can-a-will-be-revoked","status":"publish","type":"page","link":"https:\/\/www.rechtsanwalt-erbrecht.eu\/en\/internationales-erbrecht\/erbrecht-in-drittstaaten\/der-deutsch-tuerkische-erbfall\/kann-ein-testament-widerrufen-werden\/","title":{"rendered":"Can a will be revoked?"},"content":{"rendered":"<p>Wills are <strong>freely revocable<\/strong>, Article 542 paragraph 1 ZGB. The revocation can be declared in the same form as the creation of the will, either in person or before a notary in front of two witnesses. A public will can also be revoked by a handwritten private will. Dispositions can also only be partially revoked, for example if conflicting dispositions are made later, Article 544 Paragraph 1 ZGB.<\/p>","protected":false},"excerpt":{"rendered":"<p>Testamente sind frei widerruflich, Artikel 542 Absatz 1 ZGB. Der Widerruf kann in denselben Formen wie die Errichtung eigenh\u00e4ndig oder bei einem Notar vor zwei Zeugen erkl\u00e4rt werden. Ein \u00f6ffentliches Testament kann auch durch ein eigenh\u00e4ndiges privates Testament widerrufen werden. Verf\u00fcgungen k\u00f6nnen auch nur teilweise wieder aufgehoben werden, etwa wenn sp\u00e4ter entgegenstehende Verf\u00fcgungen getroffen werden, [&hellip;]<\/p>\n","protected":false},"author":1,"featured_media":0,"parent":424,"menu_order":0,"comment_status":"closed","ping_status":"closed","template":"","meta":{"_acf_changed":false,"inline_featured_image":false,"footnotes":""},"class_list":["post-1106","page","type-page","status-publish","hentry"],"acf":[],"aioseo_notices":[],"_links":{"self":[{"href":"https:\/\/www.rechtsanwalt-erbrecht.eu\/en\/wp-json\/wp\/v2\/pages\/1106","targetHints":{"allow":["GET"]}}],"collection":[{"href":"https:\/\/www.rechtsanwalt-erbrecht.eu\/en\/wp-json\/wp\/v2\/pages"}],"about":[{"href":"https:\/\/www.rechtsanwalt-erbrecht.eu\/en\/wp-json\/wp\/v2\/types\/page"}],"author":[{"embeddable":true,"href":"https:\/\/www.rechtsanwalt-erbrecht.eu\/en\/wp-json\/wp\/v2\/users\/1"}],"replies":[{"embeddable":true,"href":"https:\/\/www.rechtsanwalt-erbrecht.eu\/en\/wp-json\/wp\/v2\/comments?post=1106"}],"version-history":[{"count":0,"href":"https:\/\/www.rechtsanwalt-erbrecht.eu\/en\/wp-json\/wp\/v2\/pages\/1106\/revisions"}],"up":[{"embeddable":true,"href":"https:\/\/www.rechtsanwalt-erbrecht.eu\/en\/wp-json\/wp\/v2\/pages\/424"}],"wp:attachment":[{"href":"https:\/\/www.rechtsanwalt-erbrecht.eu\/en\/wp-json\/wp\/v2\/media?parent=1106"}],"curies":[{"name":"wp","href":"https:\/\/api.w.org\/{rel}","templated":true}]}}