{"id":1107,"date":"2021-06-30T07:40:44","date_gmt":"2021-06-30T05:40:44","guid":{"rendered":"https:\/\/www.rechtsanwalt-erbrecht.eu\/internationales-erbrecht\/erbrecht-in-drittstaaten\/der-deutsch-tuerkische-erbfall\/muss-die-erbschaft-angenommen-werden\/"},"modified":"2021-06-30T07:40:44","modified_gmt":"2021-06-30T05:40:44","slug":"the-inheritance-must-be-accepted","status":"publish","type":"page","link":"https:\/\/www.rechtsanwalt-erbrecht.eu\/en\/internationales-erbrecht\/erbrecht-in-drittstaaten\/der-deutsch-tuerkische-erbfall\/muss-die-erbschaft-angenommen-werden\/","title":{"rendered":"Does the inheritance have to be accepted?"},"content":{"rendered":"<p>The estate is inherited by the heirs by law. The inheritance does not have to be accepted separately.<\/p>\n<h2><strong>Can the inheritance be disclaimed?<\/strong><\/h2>\n<p>If an inheritance is disclaimed, the declaration has retroactive effect to the date of inheritance. The person making the declaration is then treated as if they had never been an heir. A declaration to this effect must be submitted to the competent justice of the peace. The waiver must be clear and must be declared within three months of the date on which the inheritance was recognised, Article 610 Paragraph 1 and 606 ZGB. If the deadline is missed, the right of renunciation is forfeited and the inheritance is deemed to have been accepted unconditionally.<\/p>\n<h2><strong>Can liability be limited?<\/strong><\/h2>\n<p>The question of whether they can limit their liability is particularly relevant for many heirs. In principle, they are liable for the liabilities of the estate with their personal assets.<\/p>\n<p>Firstly, there is the option of <strong>official liquidation<\/strong>, However, all co-heirs must agree to this, Article 632 Paragraph 2 ZGB. In liquidation proceedings, the estate is realised and the creditors are satisfied. The heirs then no longer have to take care of the estate.<\/p>\n<p>Furthermore, the Justice of the Peace <strong>Inventory<\/strong> authorise. Only one heir needs to apply for this. This limits the liability of the heirs to the liabilities included in the inventory, Article 628 CC.\u00a0<\/p>\n<h2><strong>Where can I apply for a certificate of inheritance?<\/strong><\/h2>\n<p>On application, the Justice of the Peace Court issues a certificate of inheritance which determines the share of the estate, Article 598 paragraph 1 CC.<\/p>","protected":false},"excerpt":{"rendered":"<p>Der Nachlass f\u00e4llt von Gesetzes wegen den Erben zu. Die Erbschaft muss nicht gesondert angenommen werden. Kann die Erbschaft ausgeschlagen werden? Wird eine Erbschaft ausgeschlagen, wirkt die Erkl\u00e4rung auf den Erbfall zur\u00fcck. Der Erkl\u00e4rende wird danach so behandelt, als sei er nie Erbe gewesen. Eine entsprechende Erkl\u00e4rung ist vor dem zust\u00e4ndigen Friedensrichter abzugeben. Die Ausschlagung [&hellip;]<\/p>\n","protected":false},"author":1,"featured_media":0,"parent":424,"menu_order":0,"comment_status":"closed","ping_status":"closed","template":"","meta":{"_acf_changed":false,"inline_featured_image":false,"footnotes":""},"class_list":["post-1107","page","type-page","status-publish","hentry"],"acf":[],"aioseo_notices":[],"_links":{"self":[{"href":"https:\/\/www.rechtsanwalt-erbrecht.eu\/en\/wp-json\/wp\/v2\/pages\/1107","targetHints":{"allow":["GET"]}}],"collection":[{"href":"https:\/\/www.rechtsanwalt-erbrecht.eu\/en\/wp-json\/wp\/v2\/pages"}],"about":[{"href":"https:\/\/www.rechtsanwalt-erbrecht.eu\/en\/wp-json\/wp\/v2\/types\/page"}],"author":[{"embeddable":true,"href":"https:\/\/www.rechtsanwalt-erbrecht.eu\/en\/wp-json\/wp\/v2\/users\/1"}],"replies":[{"embeddable":true,"href":"https:\/\/www.rechtsanwalt-erbrecht.eu\/en\/wp-json\/wp\/v2\/comments?post=1107"}],"version-history":[{"count":0,"href":"https:\/\/www.rechtsanwalt-erbrecht.eu\/en\/wp-json\/wp\/v2\/pages\/1107\/revisions"}],"up":[{"embeddable":true,"href":"https:\/\/www.rechtsanwalt-erbrecht.eu\/en\/wp-json\/wp\/v2\/pages\/424"}],"wp:attachment":[{"href":"https:\/\/www.rechtsanwalt-erbrecht.eu\/en\/wp-json\/wp\/v2\/media?parent=1107"}],"curies":[{"name":"wp","href":"https:\/\/api.w.org\/{rel}","templated":true}]}}