{"id":1108,"date":"2021-06-30T07:39:13","date_gmt":"2021-06-30T05:39:13","guid":{"rendered":"https:\/\/www.rechtsanwalt-erbrecht.eu\/internationales-erbrecht\/erbrecht-in-drittstaaten\/der-deutsch-tuerkische-erbfall\/sind-gemeinschaftliche-testamente-und-erbvertraege-zulaessig\/"},"modified":"2021-06-30T07:39:13","modified_gmt":"2021-06-30T05:39:13","slug":"are-joint-wills-and-inheritance-contracts-admissible","status":"publish","type":"page","link":"https:\/\/www.rechtsanwalt-erbrecht.eu\/en\/internationales-erbrecht\/erbrecht-in-drittstaaten\/der-deutsch-tuerkische-erbfall\/sind-gemeinschaftliche-testamente-und-erbvertraege-zulaessig\/","title":{"rendered":"Are joint wills and inheritance contracts permissible?"},"content":{"rendered":"<p>Turkish law does not allow joint wills, but inheritance contracts are permitted (see below).\u00a0<\/p>\n<p>An inheritance contract can contain provisions in favor of a person, as well as waivers of inheritance (Article 527, paragraph 1 of the Swiss Civil Code). Anyone who is of legal age, of sound mind, and capable of judgment can conclude an inheritance contract (Article 503 of the Swiss Civil Code). It is important to note that an inheritance contract can only be concluded in the form of a public will (Article 545, paragraph 1 of the Swiss Civil Code), meaning that the parties involved must declare their wishes simultaneously and in person before a notary, justice of the peace, or authorized official (Article 545, paragraph 2 of the Swiss Civil Code).<\/p>\n<p><strong>The inheritance contract prevents<\/strong> the testator \u2013 unlike in Germany \u2013 <strong>not subject to other conflicting testamentary dispositions<\/strong>, these are merely contestable, Article 527 paragraph 2 of the Swiss Civil Code.<\/p>","protected":false},"excerpt":{"rendered":"<p>Das t\u00fcrkische Recht l\u00e4sst keine gemeinschaftlichen Testamente zu, Erbvertr\u00e4ge sind aber erlaubt (dazu unten).\u00a0 In einem Erbvertrag k\u00f6nnen entweder Verf\u00fcgungen zugunsten einer Person, aber auch Erbverzichte erkl\u00e4rt werden, Artikel 527 Absatz 1 ZGB. Einen Erbvertrag kann jeder schlie\u00dfen, der vollj\u00e4hrig, m\u00fcndig und urteilsf\u00e4hig ist, Artikel 503 ZGB. Wichtig ist, dass der Erbvertrag nur in der [&hellip;]<\/p>\n","protected":false},"author":1,"featured_media":0,"parent":424,"menu_order":0,"comment_status":"closed","ping_status":"closed","template":"","meta":{"_acf_changed":false,"inline_featured_image":false,"footnotes":""},"class_list":["post-1108","page","type-page","status-publish","hentry"],"acf":[],"aioseo_notices":[],"_links":{"self":[{"href":"https:\/\/www.rechtsanwalt-erbrecht.eu\/en\/wp-json\/wp\/v2\/pages\/1108","targetHints":{"allow":["GET"]}}],"collection":[{"href":"https:\/\/www.rechtsanwalt-erbrecht.eu\/en\/wp-json\/wp\/v2\/pages"}],"about":[{"href":"https:\/\/www.rechtsanwalt-erbrecht.eu\/en\/wp-json\/wp\/v2\/types\/page"}],"author":[{"embeddable":true,"href":"https:\/\/www.rechtsanwalt-erbrecht.eu\/en\/wp-json\/wp\/v2\/users\/1"}],"replies":[{"embeddable":true,"href":"https:\/\/www.rechtsanwalt-erbrecht.eu\/en\/wp-json\/wp\/v2\/comments?post=1108"}],"version-history":[{"count":0,"href":"https:\/\/www.rechtsanwalt-erbrecht.eu\/en\/wp-json\/wp\/v2\/pages\/1108\/revisions"}],"up":[{"embeddable":true,"href":"https:\/\/www.rechtsanwalt-erbrecht.eu\/en\/wp-json\/wp\/v2\/pages\/424"}],"wp:attachment":[{"href":"https:\/\/www.rechtsanwalt-erbrecht.eu\/en\/wp-json\/wp\/v2\/media?parent=1108"}],"curies":[{"name":"wp","href":"https:\/\/api.w.org\/{rel}","templated":true}]}}