{"id":1110,"date":"2021-06-30T07:41:10","date_gmt":"2021-06-30T05:41:10","guid":{"rendered":"https:\/\/www.rechtsanwalt-erbrecht.eu\/internationales-erbrecht\/erbrecht-in-drittstaaten\/der-deutsch-tuerkische-erbfall\/welche-steuerklassen-und-freibetraege-gibt-es\/"},"modified":"2021-06-30T07:41:10","modified_gmt":"2021-06-30T05:41:10","slug":"which-tax-classes-and-allowances-are-there","status":"publish","type":"page","link":"https:\/\/www.rechtsanwalt-erbrecht.eu\/en\/internationales-erbrecht\/erbrecht-in-drittstaaten\/der-deutsch-tuerkische-erbfall\/welche-steuerklassen-und-freibetraege-gibt-es\/","title":{"rendered":"What tax brackets and allowances are there?"},"content":{"rendered":"<p>If the heirs are Turkish nationals, they are subject to unlimited tax liability in Turkey. All others are subject to limited tax liability if they inherit assets located in Turkey or assets located abroad and the deceased is a Turkish citizen.\u00a0<\/p>\n<p>The values shown in the table apply regardless of the degree of kinship and nationality. The tax-free amounts are constantly adjusted to the current living conditions and can therefore not be reliably presented here. It is therefore essential to seek legal support for the specific calculation of the tax burden.<\/p>\n<table>\n<tbody>\n<tr>\n<td>\n<p><strong>Value limit in Turkish lira<\/strong><\/p>\n<\/td>\n<td>\n<p><strong>Tax rate<\/strong><\/p>\n<\/td>\n<td><\/td>\n<\/tr>\n<tr>\n<td>\n<p><strong>up to 290,000<\/strong><\/p>\n<\/td>\n<td>\n<p>1\u00a0%<\/p>\n<\/td>\n<td><\/td>\n<\/tr>\n<tr>\n<td>\n<p><strong>the next 700,000<\/strong><\/p>\n<\/td>\n<td>\n<p>3\u00a0%<\/p>\n<\/td>\n<td><\/td>\n<\/tr>\n<tr>\n<td>\n<p><strong>the next 1,500,000<\/strong><\/p>\n<\/td>\n<td>\n<p>5\u00a0%<\/p>\n<\/td>\n<td><\/td>\n<\/tr>\n<tr>\n<td>\n<p><strong>the next 2,700,000<\/strong><\/p>\n<\/td>\n<td>\n<p>7\u00a0%<\/p>\n<\/td>\n<td><\/td>\n<\/tr>\n<tr>\n<td>\n<p><strong>the next 5,190,000<\/strong><\/p>\n<\/td>\n<td>\n<p>10\u00a0%<\/p>\n<\/td>\n<td><\/td>\n<\/tr>\n<\/tbody>\n<\/table>","protected":false},"excerpt":{"rendered":"<p>Haben die Erben die t\u00fcrkische Staatsangeh\u00f6rigkeit, sind sie in der T\u00fcrkei unbeschr\u00e4nkt steuerpflichtig. Alle anderen sind beschr\u00e4nkt steuerpflichtig, wenn sie in der T\u00fcrkei belegenes Verm\u00f6gen oder im Ausland belegenes Verm\u00f6gen erben und der Erblasser t\u00fcrkischer Staatsangeh\u00f6riger ist.\u00a0 Unabh\u00e4ngig vom Verwandtschaftsgrad und der Staatsangeh\u00f6rigkeit gelten die in der Tabelle dargestellten Werte. Die Freibetr\u00e4ge werden st\u00e4ndig den [&hellip;]<\/p>\n","protected":false},"author":1,"featured_media":0,"parent":424,"menu_order":0,"comment_status":"closed","ping_status":"closed","template":"","meta":{"_acf_changed":false,"inline_featured_image":false,"footnotes":""},"class_list":["post-1110","page","type-page","status-publish","hentry"],"acf":[],"aioseo_notices":[],"_links":{"self":[{"href":"https:\/\/www.rechtsanwalt-erbrecht.eu\/en\/wp-json\/wp\/v2\/pages\/1110","targetHints":{"allow":["GET"]}}],"collection":[{"href":"https:\/\/www.rechtsanwalt-erbrecht.eu\/en\/wp-json\/wp\/v2\/pages"}],"about":[{"href":"https:\/\/www.rechtsanwalt-erbrecht.eu\/en\/wp-json\/wp\/v2\/types\/page"}],"author":[{"embeddable":true,"href":"https:\/\/www.rechtsanwalt-erbrecht.eu\/en\/wp-json\/wp\/v2\/users\/1"}],"replies":[{"embeddable":true,"href":"https:\/\/www.rechtsanwalt-erbrecht.eu\/en\/wp-json\/wp\/v2\/comments?post=1110"}],"version-history":[{"count":0,"href":"https:\/\/www.rechtsanwalt-erbrecht.eu\/en\/wp-json\/wp\/v2\/pages\/1110\/revisions"}],"up":[{"embeddable":true,"href":"https:\/\/www.rechtsanwalt-erbrecht.eu\/en\/wp-json\/wp\/v2\/pages\/424"}],"wp:attachment":[{"href":"https:\/\/www.rechtsanwalt-erbrecht.eu\/en\/wp-json\/wp\/v2\/media?parent=1110"}],"curies":[{"name":"wp","href":"https:\/\/api.w.org\/{rel}","templated":true}]}}