{"id":1111,"date":"2021-06-30T07:38:23","date_gmt":"2021-06-30T05:38:23","guid":{"rendered":"https:\/\/www.rechtsanwalt-erbrecht.eu\/internationales-erbrecht\/erbrecht-in-drittstaaten\/der-deutsch-tuerkische-erbfall\/welche-wirksamkeitsvoraussetzungen-gibt-es-fuer-testamente\/"},"modified":"2021-06-30T07:38:23","modified_gmt":"2021-06-30T05:38:23","slug":"what-are-the-requirements-for-wills-to-be-valid-2","status":"publish","type":"page","link":"https:\/\/www.rechtsanwalt-erbrecht.eu\/en\/internationales-erbrecht\/erbrecht-in-drittstaaten\/der-deutsch-tuerkische-erbfall\/welche-wirksamkeitsvoraussetzungen-gibt-es-fuer-testamente\/","title":{"rendered":"What are the validity requirements for wills?"},"content":{"rendered":"<p>In Turkey you can buy a <strong>handwritten will<\/strong> or to the <strong>Notary<\/strong> go. The handwritten will must be completely <strong>by hand<\/strong> be drawn up and signed by the testator. It must also <strong>dated<\/strong> The will must be dated, whereby a lack of dating results in nullity, Article 538 ZGB. The basic prerequisite for drawing up a will is the testator's testamentary capacity. To this end, the testator must <strong>fully capable of judgement<\/strong> and have reached the age of 15.<\/p>\n<p>The <strong>Public<\/strong><strong>Will<\/strong> recorded by the notary or the justice of the peace in the presence of two witnesses, Article 532 CC.<\/p>","protected":false},"excerpt":{"rendered":"<p>In der T\u00fcrkei kann man ein eigenh\u00e4ndiges Testament errichten oder daf\u00fcr zum Notar gehen. Das eigenh\u00e4ndige Testament muss g\u00e4nzlich eigenh\u00e4ndig vom Erblasser errichtet und unterschrieben werden. Es muss au\u00dferdem datiert werden, wobei eine fehlende Datierung die Nichtigkeit zur Folge hat, Artikel 538 ZGB. Grundvoraussetzung f\u00fcr die Errichtung eines Testaments ist die Testierf\u00e4higkeit des Erblassers. Dazu [&hellip;]<\/p>\n","protected":false},"author":1,"featured_media":0,"parent":424,"menu_order":0,"comment_status":"closed","ping_status":"closed","template":"","meta":{"_acf_changed":false,"inline_featured_image":false,"footnotes":""},"class_list":["post-1111","page","type-page","status-publish","hentry"],"acf":[],"aioseo_notices":[],"_links":{"self":[{"href":"https:\/\/www.rechtsanwalt-erbrecht.eu\/en\/wp-json\/wp\/v2\/pages\/1111","targetHints":{"allow":["GET"]}}],"collection":[{"href":"https:\/\/www.rechtsanwalt-erbrecht.eu\/en\/wp-json\/wp\/v2\/pages"}],"about":[{"href":"https:\/\/www.rechtsanwalt-erbrecht.eu\/en\/wp-json\/wp\/v2\/types\/page"}],"author":[{"embeddable":true,"href":"https:\/\/www.rechtsanwalt-erbrecht.eu\/en\/wp-json\/wp\/v2\/users\/1"}],"replies":[{"embeddable":true,"href":"https:\/\/www.rechtsanwalt-erbrecht.eu\/en\/wp-json\/wp\/v2\/comments?post=1111"}],"version-history":[{"count":0,"href":"https:\/\/www.rechtsanwalt-erbrecht.eu\/en\/wp-json\/wp\/v2\/pages\/1111\/revisions"}],"up":[{"embeddable":true,"href":"https:\/\/www.rechtsanwalt-erbrecht.eu\/en\/wp-json\/wp\/v2\/pages\/424"}],"wp:attachment":[{"href":"https:\/\/www.rechtsanwalt-erbrecht.eu\/en\/wp-json\/wp\/v2\/media?parent=1111"}],"curies":[{"name":"wp","href":"https:\/\/api.w.org\/{rel}","templated":true}]}}