{"id":1116,"date":"2021-06-30T07:06:11","date_gmt":"2021-06-30T05:06:11","guid":{"rendered":"https:\/\/www.rechtsanwalt-erbrecht.eu\/internationales-erbrecht\/faq-internationales-erbrecht\/habe-ich-ein-pflichtteilsrecht\/"},"modified":"2021-06-30T07:06:11","modified_gmt":"2021-06-30T05:06:11","slug":"do-i-have-a-right-to-a-compulsory-share","status":"publish","type":"page","link":"https:\/\/www.rechtsanwalt-erbrecht.eu\/en\/internationales-erbrecht\/faq-internationales-erbrecht\/habe-ich-ein-pflichtteilsrecht\/","title":{"rendered":"Do I have a right to a compulsory portion?"},"content":{"rendered":"<p><strong>Question<\/strong>: Foreign inheritance law applies. Do I have a right to a compulsory portion?<\/p>\n<p><strong>Answer<\/strong>The question cannot be answered universally. However, there are only a few countries that do not recognise a right to a compulsory portion. These include the Anglo-American legal system. In many European countries, the right to a compulsory portion is even more extensive than in Germany. Here, a beneficiary only has a monetary claim. In Spain, for example, they are forced heirs and can dispose of the estate.\u00a0<\/p>\n<p>Further information can be found in our respective <a href=\"https:\/\/www.rechtsanwalt-erbrecht.eu\/en\/european-regulations\/european-regulations-2\/\">Country reports<\/a>. We would also be happy to advise you in a personal meeting.<\/p>","protected":false},"excerpt":{"rendered":"<p>Frage: Es findet ausl\u00e4ndisches Erbrecht Anwendung. Habe ich ein Pflichtteilsrecht? Antwort: Die Frage kann nicht allgemeing\u00fcltig beantwortet werden. Es gibt allerdings nur wenige Staaten die kein Pflichtteilsrecht kennen. Dazu geh\u00f6rt der anglo-amerikanische Rechtskreis. In vielen europ\u00e4ischen L\u00e4ndern gilt sogar ein noch weitreichenderes Pflichtteilsrecht als in Deutschland. Hier hat ein Berechtigter lediglich einen Anspruch in Geld. [&hellip;]<\/p>\n","protected":false},"author":1,"featured_media":0,"parent":392,"menu_order":0,"comment_status":"closed","ping_status":"closed","template":"","meta":{"_acf_changed":false,"inline_featured_image":false,"footnotes":""},"class_list":["post-1116","page","type-page","status-publish","hentry"],"acf":[],"aioseo_notices":[],"_links":{"self":[{"href":"https:\/\/www.rechtsanwalt-erbrecht.eu\/en\/wp-json\/wp\/v2\/pages\/1116","targetHints":{"allow":["GET"]}}],"collection":[{"href":"https:\/\/www.rechtsanwalt-erbrecht.eu\/en\/wp-json\/wp\/v2\/pages"}],"about":[{"href":"https:\/\/www.rechtsanwalt-erbrecht.eu\/en\/wp-json\/wp\/v2\/types\/page"}],"author":[{"embeddable":true,"href":"https:\/\/www.rechtsanwalt-erbrecht.eu\/en\/wp-json\/wp\/v2\/users\/1"}],"replies":[{"embeddable":true,"href":"https:\/\/www.rechtsanwalt-erbrecht.eu\/en\/wp-json\/wp\/v2\/comments?post=1116"}],"version-history":[{"count":0,"href":"https:\/\/www.rechtsanwalt-erbrecht.eu\/en\/wp-json\/wp\/v2\/pages\/1116\/revisions"}],"up":[{"embeddable":true,"href":"https:\/\/www.rechtsanwalt-erbrecht.eu\/en\/wp-json\/wp\/v2\/pages\/392"}],"wp:attachment":[{"href":"https:\/\/www.rechtsanwalt-erbrecht.eu\/en\/wp-json\/wp\/v2\/media?parent=1116"}],"curies":[{"name":"wp","href":"https:\/\/api.w.org\/{rel}","templated":true}]}}