{"id":1118,"date":"2021-06-30T07:06:49","date_gmt":"2021-06-30T05:06:49","guid":{"rendered":"https:\/\/www.rechtsanwalt-erbrecht.eu\/internationales-erbrecht\/faq-internationales-erbrecht\/sind-deutsche-erbvertraege-und-gemeinschaftliche-testamente-im-ausland-gueltig\/"},"modified":"2021-06-30T07:06:49","modified_gmt":"2021-06-30T05:06:49","slug":"are-german-inheritance-contracts-and-joint-wills-valid-abroad","status":"publish","type":"page","link":"https:\/\/www.rechtsanwalt-erbrecht.eu\/en\/internationales-erbrecht\/faq-internationales-erbrecht\/sind-deutsche-erbvertraege-und-gemeinschaftliche-testamente-im-ausland-gueltig\/","title":{"rendered":"Are German inheritance contracts and joint wills valid abroad?"},"content":{"rendered":"<p><strong>Question<\/strong>The deceased died abroad. Foreign inheritance law applies. During his time in Germany, the testator drew up a contract of inheritance \/ joint will. Is the disposition valid?<\/p>\n<p><strong>Answer<\/strong>The treatment of inheritance contracts and joint wills in international inheritance law is complicated and regularly occupies the courts. Due to the complexity of the topic, we refer at this point to our <a href=\"https:\/\/www.rechtsanwalt-erbrecht.eu\/en\/european-regulations\/european-regulations-2\/artikel-zur-euerbvo\/zulaessigkeit-und-wirksamkeit-von-erbvertraegen-und-gemeinschaftlichen-testamenten-in-europa\/\">Specialist article on the admissibility and effectiveness of inheritance contracts and joint wills in Europe<\/a>. Both testators and affected heirs are strongly advised to seek legal advice.\u00a0<\/p>","protected":false},"excerpt":{"rendered":"<p>Frage: Der Erblasser ist im Ausland gestorben. Es findet ausl\u00e4ndisches Erbrecht Anwendung. Zu seiner Zeit in Deutschland hat der Erblasser einen Erbvertrag \/ ein gemeinschaftliches Testament errichtet. Ist die Verf\u00fcgung wirksam? Antwort: Die Behandlung von Erbvertr\u00e4gen und gemeinschaftlichen Testamenten im internationalen Erbrecht ist kompliziert und besch\u00e4ftigt regelm\u00e4\u00dfig die Gerichte. Aufgrund der Komplexit\u00e4t des Themas verweisen [&hellip;]<\/p>\n","protected":false},"author":1,"featured_media":0,"parent":392,"menu_order":0,"comment_status":"closed","ping_status":"closed","template":"","meta":{"_acf_changed":false,"inline_featured_image":false,"footnotes":""},"class_list":["post-1118","page","type-page","status-publish","hentry"],"acf":[],"aioseo_notices":[],"_links":{"self":[{"href":"https:\/\/www.rechtsanwalt-erbrecht.eu\/en\/wp-json\/wp\/v2\/pages\/1118","targetHints":{"allow":["GET"]}}],"collection":[{"href":"https:\/\/www.rechtsanwalt-erbrecht.eu\/en\/wp-json\/wp\/v2\/pages"}],"about":[{"href":"https:\/\/www.rechtsanwalt-erbrecht.eu\/en\/wp-json\/wp\/v2\/types\/page"}],"author":[{"embeddable":true,"href":"https:\/\/www.rechtsanwalt-erbrecht.eu\/en\/wp-json\/wp\/v2\/users\/1"}],"replies":[{"embeddable":true,"href":"https:\/\/www.rechtsanwalt-erbrecht.eu\/en\/wp-json\/wp\/v2\/comments?post=1118"}],"version-history":[{"count":0,"href":"https:\/\/www.rechtsanwalt-erbrecht.eu\/en\/wp-json\/wp\/v2\/pages\/1118\/revisions"}],"up":[{"embeddable":true,"href":"https:\/\/www.rechtsanwalt-erbrecht.eu\/en\/wp-json\/wp\/v2\/pages\/392"}],"wp:attachment":[{"href":"https:\/\/www.rechtsanwalt-erbrecht.eu\/en\/wp-json\/wp\/v2\/media?parent=1118"}],"curies":[{"name":"wp","href":"https:\/\/api.w.org\/{rel}","templated":true}]}}