{"id":1122,"date":"2021-06-30T07:05:47","date_gmt":"2021-06-30T05:05:47","guid":{"rendered":"https:\/\/www.rechtsanwalt-erbrecht.eu\/internationales-erbrecht\/faq-internationales-erbrecht\/wie-kann-ich-mich-im-ausland-als-erbe-ausweisen\/"},"modified":"2021-06-30T07:05:47","modified_gmt":"2021-06-30T05:05:47","slug":"how-can-i-identify-myself-as-an-heir-abroad","status":"publish","type":"page","link":"https:\/\/www.rechtsanwalt-erbrecht.eu\/en\/internationales-erbrecht\/faq-internationales-erbrecht\/wie-kann-ich-mich-im-ausland-als-erbe-ausweisen\/","title":{"rendered":"How can I identify myself as an heir abroad?"},"content":{"rendered":"<p><strong>Question<\/strong>I have become an heir in Germany. There are estate assets abroad. How can I identify myself as an heir there?<\/p>\n<p><strong>Answer<\/strong>Firstly, it depends on whether you want to identify yourself as an heir in EU countries or in third countries. In EU countries, you can identify yourself as an heir with the so-called European Certificate of Succession. In third countries, it is more difficult and, as a rule, the German certificate of inheritance must be recognised, which is much more time-consuming and complicated.<\/p>\n<p>Further information can be found in our <a href=\"https:\/\/www.rechtsanwalt-erbrecht.eu\/en\/european-regulations\/european-regulations-2\/the-european-certificate-of-succession\/\">Article on the European Certificate of Succession<\/a>.<\/p>","protected":false},"excerpt":{"rendered":"<p>Frage: Ich bin in Deutschland Erbe geworden. Es befindet sich Nachlassverm\u00f6gen im Ausland. Wie kann ich mich dort als Erbe ausweisen? Antwort: Zun\u00e4chst kommt es darauf an, ob sie sich in EU-L\u00e4ndern oder in Drittstaaten als Erbe ausweisen wollen. In EU-L\u00e4ndern k\u00f6nnen Sie sich mit dem sogenannten Europ\u00e4ischen Nachlasszeugnis als Erbe ausweisen. In Drittstaaten ist [&hellip;]<\/p>\n","protected":false},"author":1,"featured_media":0,"parent":392,"menu_order":0,"comment_status":"closed","ping_status":"closed","template":"","meta":{"_acf_changed":false,"inline_featured_image":false,"footnotes":""},"class_list":["post-1122","page","type-page","status-publish","hentry"],"acf":[],"aioseo_notices":[],"_links":{"self":[{"href":"https:\/\/www.rechtsanwalt-erbrecht.eu\/en\/wp-json\/wp\/v2\/pages\/1122","targetHints":{"allow":["GET"]}}],"collection":[{"href":"https:\/\/www.rechtsanwalt-erbrecht.eu\/en\/wp-json\/wp\/v2\/pages"}],"about":[{"href":"https:\/\/www.rechtsanwalt-erbrecht.eu\/en\/wp-json\/wp\/v2\/types\/page"}],"author":[{"embeddable":true,"href":"https:\/\/www.rechtsanwalt-erbrecht.eu\/en\/wp-json\/wp\/v2\/users\/1"}],"replies":[{"embeddable":true,"href":"https:\/\/www.rechtsanwalt-erbrecht.eu\/en\/wp-json\/wp\/v2\/comments?post=1122"}],"version-history":[{"count":0,"href":"https:\/\/www.rechtsanwalt-erbrecht.eu\/en\/wp-json\/wp\/v2\/pages\/1122\/revisions"}],"up":[{"embeddable":true,"href":"https:\/\/www.rechtsanwalt-erbrecht.eu\/en\/wp-json\/wp\/v2\/pages\/392"}],"wp:attachment":[{"href":"https:\/\/www.rechtsanwalt-erbrecht.eu\/en\/wp-json\/wp\/v2\/media?parent=1122"}],"curies":[{"name":"wp","href":"https:\/\/api.w.org\/{rel}","templated":true}]}}