{"id":392,"date":"2025-10-09T08:19:18","date_gmt":"2025-10-09T06:19:18","guid":{"rendered":"https:\/\/www.rechtsanwalt-erbrecht.eu\/?page_id=392"},"modified":"2025-10-20T13:03:16","modified_gmt":"2025-10-20T11:03:16","slug":"faq-international-inheritance-law","status":"publish","type":"page","link":"https:\/\/www.rechtsanwalt-erbrecht.eu\/en\/internationales-erbrecht\/faq-internationales-erbrecht\/","title":{"rendered":"FAQ - International inheritance law"},"content":{"rendered":"<p>In this category, we aim to provide short and concise answers to the most frequently asked questions on international inheritance law. It is precisely our own ambition that makes it difficult for us to explain a topic comprehensively and in detail. For this reason, we refer at the appropriate points to articles - already written by us - which provide more detailed information. In addition, we are always available to assist you with your concerns.<\/p>","protected":false},"excerpt":{"rendered":"<p>In dieser Kategorie sollen m\u00f6glichst kurze und pr\u00e4gnante Antworten auf die am h\u00e4ufigsten auftretenden Fragen zum internationalen Erbrecht gegeben werden. Gerade dieser eigene Anspruch macht es uns schwierig, ein Thema umfassend und detailliert zu erl\u00e4utern. Aus diesem Grund verweisen wir an den entsprechenden Stellen auf &#8211; von uns bereits verfasste &#8211; Artikel, die Einzelheiten genauer [&hellip;]<\/p>\n","protected":false},"author":1,"featured_media":0,"parent":390,"menu_order":0,"comment_status":"closed","ping_status":"closed","template":"","meta":{"_acf_changed":false,"inline_featured_image":false,"footnotes":""},"class_list":["post-392","page","type-page","status-publish","hentry"],"acf":[],"aioseo_notices":[],"_links":{"self":[{"href":"https:\/\/www.rechtsanwalt-erbrecht.eu\/en\/wp-json\/wp\/v2\/pages\/392","targetHints":{"allow":["GET"]}}],"collection":[{"href":"https:\/\/www.rechtsanwalt-erbrecht.eu\/en\/wp-json\/wp\/v2\/pages"}],"about":[{"href":"https:\/\/www.rechtsanwalt-erbrecht.eu\/en\/wp-json\/wp\/v2\/types\/page"}],"author":[{"embeddable":true,"href":"https:\/\/www.rechtsanwalt-erbrecht.eu\/en\/wp-json\/wp\/v2\/users\/1"}],"replies":[{"embeddable":true,"href":"https:\/\/www.rechtsanwalt-erbrecht.eu\/en\/wp-json\/wp\/v2\/comments?post=392"}],"version-history":[{"count":2,"href":"https:\/\/www.rechtsanwalt-erbrecht.eu\/en\/wp-json\/wp\/v2\/pages\/392\/revisions"}],"predecessor-version":[{"id":1132,"href":"https:\/\/www.rechtsanwalt-erbrecht.eu\/en\/wp-json\/wp\/v2\/pages\/392\/revisions\/1132"}],"up":[{"embeddable":true,"href":"https:\/\/www.rechtsanwalt-erbrecht.eu\/en\/wp-json\/wp\/v2\/pages\/390"}],"wp:attachment":[{"href":"https:\/\/www.rechtsanwalt-erbrecht.eu\/en\/wp-json\/wp\/v2\/media?parent=392"}],"curies":[{"name":"wp","href":"https:\/\/api.w.org\/{rel}","templated":true}]}}