{"id":394,"date":"2025-10-09T08:19:58","date_gmt":"2025-10-09T06:19:58","guid":{"rendered":"https:\/\/www.rechtsanwalt-erbrecht.eu\/?page_id=394"},"modified":"2025-10-29T11:15:17","modified_gmt":"2025-10-29T10:15:17","slug":"european-regulations-2","status":"publish","type":"page","link":"https:\/\/www.rechtsanwalt-erbrecht.eu\/en\/internationales-erbrecht\/erbrecht-in-der-eu\/","title":{"rendered":"European Regulations"},"content":{"rendered":"<p>Here you will find an overview of fundamental questions relating to the European Succession Regulation (EuErbVO). It also deals with issues that arise in inheritance cases but are not usually recognised as problems. This means, for example, cases of\u00a0<a href=\"\/en\/european-regulations\/european-regulations-2\/inheritance-rights-of-children-in-foreign-adoptions\/\" title=\"\">Adoption and foreign adoption<\/a>\u00a0or the\u00a0<a href=\"\/en\/european-regulations\/european-regulations-2\/european-community-law-regulation\/\" title=\"\">matrimonial property regime<\/a>. In addition, we have compiled brief overviews of the inheritance law of EU member states and third countries for you, which we have published in the\u00a0<a href=\"https:\/\/www.rechtsanwalt-erbrecht.eu\/en\/european-regulations\/european-regulations-2\/laenderberichte\/\">Category of country reports<\/a>\u00a0perform.\u00a0<\/p>\n\n\n\n<p><\/p>","protected":false},"excerpt":{"rendered":"<p>Hier finden Sie eine \u00dcbersicht zu grunds\u00e4tzlichen Fragen der europ\u00e4ischen Erbrechtsverordnung (EuErbVO). Auch werden Fragen behandelt, die bei Erbf\u00e4llen auftreten, aber meist gar nicht als Probleme wahrgenommen werden. Das meint etwa F\u00e4lle der\u00a0Adoption und Auslandsadoption\u00a0oder des\u00a0ehelichen G\u00fcterstandes. Daneben haben wir f\u00fcr Sie Kurz\u00fcbersichten zum Erbrecht von Mitgliedsstaaten der EU, aber auch zu Drittstaaten erstellt, die [&hellip;]<\/p>\n","protected":false},"author":1,"featured_media":0,"parent":390,"menu_order":0,"comment_status":"closed","ping_status":"closed","template":"","meta":{"_acf_changed":false,"inline_featured_image":false,"footnotes":""},"class_list":["post-394","page","type-page","status-publish","hentry"],"acf":[],"aioseo_notices":[],"_links":{"self":[{"href":"https:\/\/www.rechtsanwalt-erbrecht.eu\/en\/wp-json\/wp\/v2\/pages\/394","targetHints":{"allow":["GET"]}}],"collection":[{"href":"https:\/\/www.rechtsanwalt-erbrecht.eu\/en\/wp-json\/wp\/v2\/pages"}],"about":[{"href":"https:\/\/www.rechtsanwalt-erbrecht.eu\/en\/wp-json\/wp\/v2\/types\/page"}],"author":[{"embeddable":true,"href":"https:\/\/www.rechtsanwalt-erbrecht.eu\/en\/wp-json\/wp\/v2\/users\/1"}],"replies":[{"embeddable":true,"href":"https:\/\/www.rechtsanwalt-erbrecht.eu\/en\/wp-json\/wp\/v2\/comments?post=394"}],"version-history":[{"count":2,"href":"https:\/\/www.rechtsanwalt-erbrecht.eu\/en\/wp-json\/wp\/v2\/pages\/394\/revisions"}],"predecessor-version":[{"id":1133,"href":"https:\/\/www.rechtsanwalt-erbrecht.eu\/en\/wp-json\/wp\/v2\/pages\/394\/revisions\/1133"}],"up":[{"embeddable":true,"href":"https:\/\/www.rechtsanwalt-erbrecht.eu\/en\/wp-json\/wp\/v2\/pages\/390"}],"wp:attachment":[{"href":"https:\/\/www.rechtsanwalt-erbrecht.eu\/en\/wp-json\/wp\/v2\/media?parent=394"}],"curies":[{"name":"wp","href":"https:\/\/api.w.org\/{rel}","templated":true}]}}