{"id":396,"date":"2025-10-09T08:21:38","date_gmt":"2025-10-09T06:21:38","guid":{"rendered":"https:\/\/www.rechtsanwalt-erbrecht.eu\/?page_id=396"},"modified":"2025-10-20T13:05:22","modified_gmt":"2025-10-20T11:05:22","slug":"case-law-on-intestate-inheritance-law","status":"publish","type":"page","link":"https:\/\/www.rechtsanwalt-erbrecht.eu\/en\/internationales-erbrecht\/rechtsprechung-zum-int-erbrecht\/","title":{"rendered":"Case law on international inheritance law"},"content":{"rendered":"<p>Here you will find a presentation of previous case law on international inheritance law. Case law in this area is characterised in particular by the European Court of Justice (ECJ). As international inheritance law in the EU is essentially determined by the European Succession Regulation, the ECJ has a special role to play here. It has the final decision-making authority when it comes to the interpretation of European laws. We have therefore dedicated a separate category to its case law. You will also find national case law, not only from Germany, but also from other member states.<\/p>","protected":false},"excerpt":{"rendered":"<p>Hier finden Sie eine Darstellung der bisherigen Rechtsprechung zum internationalen Erbrecht. Die Rechtsprechung auf diesem Gebiet ist insbesondere durch den europ\u00e4ischen Gerichtshof (EuGH) gepr\u00e4gt. Da das internationale Erbrecht in der EU im Wesentlichen durch die europ\u00e4ische Erbrechtsverordnung bestimmt ist, kommt dem EuGH hier eine besondere Rolle zu. Er hat die letzte Entscheidungskompetenz, wenn es um [&hellip;]<\/p>\n","protected":false},"author":1,"featured_media":0,"parent":390,"menu_order":0,"comment_status":"closed","ping_status":"closed","template":"","meta":{"_acf_changed":false,"inline_featured_image":false,"footnotes":""},"class_list":["post-396","page","type-page","status-publish","hentry"],"acf":[],"aioseo_notices":[],"_links":{"self":[{"href":"https:\/\/www.rechtsanwalt-erbrecht.eu\/en\/wp-json\/wp\/v2\/pages\/396","targetHints":{"allow":["GET"]}}],"collection":[{"href":"https:\/\/www.rechtsanwalt-erbrecht.eu\/en\/wp-json\/wp\/v2\/pages"}],"about":[{"href":"https:\/\/www.rechtsanwalt-erbrecht.eu\/en\/wp-json\/wp\/v2\/types\/page"}],"author":[{"embeddable":true,"href":"https:\/\/www.rechtsanwalt-erbrecht.eu\/en\/wp-json\/wp\/v2\/users\/1"}],"replies":[{"embeddable":true,"href":"https:\/\/www.rechtsanwalt-erbrecht.eu\/en\/wp-json\/wp\/v2\/comments?post=396"}],"version-history":[{"count":3,"href":"https:\/\/www.rechtsanwalt-erbrecht.eu\/en\/wp-json\/wp\/v2\/pages\/396\/revisions"}],"predecessor-version":[{"id":1135,"href":"https:\/\/www.rechtsanwalt-erbrecht.eu\/en\/wp-json\/wp\/v2\/pages\/396\/revisions\/1135"}],"up":[{"embeddable":true,"href":"https:\/\/www.rechtsanwalt-erbrecht.eu\/en\/wp-json\/wp\/v2\/pages\/390"}],"wp:attachment":[{"href":"https:\/\/www.rechtsanwalt-erbrecht.eu\/en\/wp-json\/wp\/v2\/media?parent=396"}],"curies":[{"name":"wp","href":"https:\/\/api.w.org\/{rel}","templated":true}]}}