{"id":404,"date":"2025-10-09T08:25:04","date_gmt":"2025-10-09T06:25:04","guid":{"rendered":"https:\/\/www.rechtsanwalt-erbrecht.eu\/?page_id=404"},"modified":"2025-11-26T08:38:10","modified_gmt":"2025-11-26T07:38:10","slug":"contact","status":"publish","type":"page","link":"https:\/\/www.rechtsanwalt-erbrecht.eu\/en\/kontakt\/","title":{"rendered":"Contact us"},"content":{"rendered":"<div data-elementor-type=\"wp-page\" data-elementor-id=\"404\" class=\"elementor elementor-404\" data-elementor-post-type=\"page\">\n\t\t\t\t<div class=\"elementor-element elementor-element-34aecc1 e-flex e-con-boxed e-con e-parent\" data-id=\"34aecc1\" data-element_type=\"container\" data-e-type=\"container\">\n\t\t\t\t\t<div class=\"e-con-inner\">\n\t\t<div class=\"elementor-element elementor-element-17fa93a e-con-full e-flex e-con e-child\" data-id=\"17fa93a\" data-element_type=\"container\" data-e-type=\"container\" data-settings=\"{&quot;background_background&quot;:&quot;classic&quot;}\">\n\t\t\t\t<div class=\"elementor-element elementor-element-4098016 elementor-widget elementor-widget-heading\" data-id=\"4098016\" data-element_type=\"widget\" data-e-type=\"widget\" data-widget_type=\"heading.default\">\n\t\t\t\t\t<h3 class=\"elementor-heading-title elementor-size-default\">Arrange an initial consultation<\/h3>\t\t\t\t<\/div>\n\t\t\t\t<div class=\"elementor-element elementor-element-f5439b4 elementor-widget-divider--view-line elementor-widget elementor-widget-divider\" data-id=\"f5439b4\" data-element_type=\"widget\" data-e-type=\"widget\" data-widget_type=\"divider.default\">\n\t\t\t\t\t\t\t<div class=\"elementor-divider\">\n\t\t\t<span class=\"elementor-divider-separator\">\n\t\t\t\t\t\t<\/span>\n\t\t<\/div>\n\t\t\t\t\t\t<\/div>\n\t\t\t\t<div class=\"elementor-element elementor-element-82a6826 elementor-widget elementor-widget-text-editor\" data-id=\"82a6826\" data-element_type=\"widget\" data-e-type=\"widget\" data-widget_type=\"text-editor.default\">\n\t\t\t\t\t\t\t\t\t<p style=\"margin-bottom: 0;\"><strong>Tel:\u00a0<a href=\"tel:+4921155084350\">0211 \/ 550 84 35-0<\/a><\/strong><br \/>E-Mail:\u00a0<a class=\"no-decoration\" href=\"mailto:info@gottschalk-erbrecht.de\">info@gottschalk-erbrecht.de<\/a><\/p>\t\t\t\t\t\t\t\t<\/div>\n\t\t\t\t<div class=\"elementor-element elementor-element-64fd2c2 elementor-widget-divider--view-line elementor-widget elementor-widget-divider\" data-id=\"64fd2c2\" data-element_type=\"widget\" data-e-type=\"widget\" data-widget_type=\"divider.default\">\n\t\t\t\t\t\t\t<div class=\"elementor-divider\">\n\t\t\t<span class=\"elementor-divider-separator\">\n\t\t\t\t\t\t<\/span>\n\t\t<\/div>\n\t\t\t\t\t\t<\/div>\n\t\t\t\t<div class=\"elementor-element elementor-element-f0b9ad5 elementor-widget elementor-widget-heading\" data-id=\"f0b9ad5\" data-element_type=\"widget\" data-e-type=\"widget\" data-widget_type=\"heading.default\">\n\t\t\t\t\t<h3 class=\"elementor-heading-title elementor-size-default\">Immediate appointment allocation - Flexible times<\/h3>\t\t\t\t<\/div>\n\t\t\t\t<div class=\"elementor-element elementor-element-3818374 elementor-widget elementor-widget-text-editor\" data-id=\"3818374\" data-element_type=\"widget\" data-e-type=\"widget\" data-widget_type=\"text-editor.default\">\n\t\t\t\t\t\t\t\t\t<p>We will be happy to provide you with an initial consultation.<br \/>Give us a call and our friendly staff will immediately arrange an appointment for you in our office.<\/p><p><em>Dr Michael Gottschalk &amp; Team<\/em><\/p>\t\t\t\t\t\t\t\t<\/div>\n\t\t\t\t<\/div>\n\t\t\t\t\t<\/div>\n\t\t\t\t<\/div>\n\t\t<div class=\"elementor-element elementor-element-b65a27e e-flex e-con-boxed e-con e-parent\" data-id=\"b65a27e\" data-element_type=\"container\" data-e-type=\"container\">\n\t\t\t\t\t<div class=\"e-con-inner\">\n\t\t<div class=\"elementor-element elementor-element-c060558 e-grid e-con-full e-con e-child\" data-id=\"c060558\" data-element_type=\"container\" data-e-type=\"container\" data-settings=\"{&quot;background_background&quot;:&quot;classic&quot;}\">\n\t\t<div class=\"elementor-element elementor-element-b9f2499 e-con-full e-flex e-con e-child\" data-id=\"b9f2499\" data-element_type=\"container\" data-e-type=\"container\" data-settings=\"{&quot;background_background&quot;:&quot;classic&quot;}\">\n\t\t\t\t<div class=\"elementor-element elementor-element-fcd6950 elementor-widget elementor-widget-image\" data-id=\"fcd6950\" data-element_type=\"widget\" data-e-type=\"widget\" data-widget_type=\"image.default\">\n\t\t\t\t\t\t\t\t\t\t\t\t\t\t\t<img fetchpriority=\"high\" decoding=\"async\" width=\"800\" height=\"356\" src=\"https:\/\/www.rechtsanwalt-erbrecht.eu\/wp-content\/uploads\/2025\/10\/fachanwalt-erbrecht-duesseldorf-gottschalk-kanzlei.jpg\" class=\"attachment-large size-large wp-image-1162\" alt=\"\" srcset=\"https:\/\/www.rechtsanwalt-erbrecht.eu\/wp-content\/uploads\/2025\/10\/fachanwalt-erbrecht-duesseldorf-gottschalk-kanzlei.jpg 800w, https:\/\/www.rechtsanwalt-erbrecht.eu\/wp-content\/uploads\/2025\/10\/fachanwalt-erbrecht-duesseldorf-gottschalk-kanzlei-300x134.jpg 300w, https:\/\/www.rechtsanwalt-erbrecht.eu\/wp-content\/uploads\/2025\/10\/fachanwalt-erbrecht-duesseldorf-gottschalk-kanzlei-768x342.jpg 768w\" sizes=\"(max-width: 800px) 100vw, 800px\" \/>\t\t\t\t\t\t\t\t\t\t\t\t\t\t\t<\/div>\n\t\t<div class=\"elementor-element elementor-element-930e57a e-con-full e-flex e-con e-child\" data-id=\"930e57a\" data-element_type=\"container\" data-e-type=\"container\">\n\t\t\t\t<div class=\"elementor-element elementor-element-5eb9786 elementor-widget elementor-widget-heading\" data-id=\"5eb9786\" data-element_type=\"widget\" data-e-type=\"widget\" data-widget_type=\"heading.default\">\n\t\t\t\t\t<div class=\"elementor-heading-title elementor-size-default\">Inheritance law D\u00fcsseldorf<\/div>\t\t\t\t<\/div>\n\t\t\t\t<div class=\"elementor-element elementor-element-d517823 elementor-widget elementor-widget-heading\" data-id=\"d517823\" data-element_type=\"widget\" data-e-type=\"widget\" data-widget_type=\"heading.default\">\n\t\t\t\t\t<div class=\"elementor-heading-title elementor-size-default\">Gottschalk Attorneys at Law<\/div>\t\t\t\t<\/div>\n\t\t\t\t<div class=\"elementor-element elementor-element-5cdde5a elementor-widget elementor-widget-text-editor\" data-id=\"5cdde5a\" data-element_type=\"widget\" data-e-type=\"widget\" data-widget_type=\"text-editor.default\">\n\t\t\t\t\t\t\t\t\t<p>Kaiser-Friedrich-Ring 7<br \/>40545 D\u00fcsseldorf<\/p><p><strong>Tel:\u00a0<a href=\"tel:+4921155084350\">0211 \/ 550 84 35-0<\/a><br \/><\/strong>Fax: 0211 \/ 550 84 35-1<br \/>E-Mail:\u00a0<a href=\"mailto:info@gottschalk-erbrecht.de\">info@gottschalk-erbrecht.de<\/a><\/p>\t\t\t\t\t\t\t\t<\/div>\n\t\t\t\t<\/div>\n\t\t\t\t<\/div>\n\t\t<div class=\"elementor-element elementor-element-4388959 e-con-full full-height e-flex e-con e-child\" data-id=\"4388959\" data-element_type=\"container\" data-e-type=\"container\">\n\t\t\t\t<div class=\"elementor-element elementor-element-f2f8e1d elementor-widget elementor-widget-html\" data-id=\"f2f8e1d\" data-element_type=\"widget\" data-e-type=\"widget\" data-widget_type=\"html.default\">\n\t\t\t\t\t <div class=\"brlbs-cmpnt-container brlbs-cmpnt-content-blocker brlbs-cmpnt-with-individual-styles\" data-borlabs-cookie-content-blocker-id=\"google-maps\" data-borlabs-cookie-content=\"PGlmcmFtZSBjbGFzcz0icHJpdmFjeS1tYXAiIHNyYz0iaHR0cHM6Ly93d3cuZ29vZ2xlLmNvbS9tYXBzL2VtYmVkP3BiPSExbTE4ITFtMTIhMW0zITFkNDk5Ni41MTc5ODE2MzU0MjEhMmQ2Ljc1OTUwMTU3Njg4Njg0MiEzZDUxLjIzMjcyNDkzMDczMTY0ITJtMyExZjAhMmYwITNmMCEzbTIhMWkxMDI0ITJpNzY4ITRmMTMuMSEzbTMhMW0yITFzMHg0N2I4Y2EwM2E4MmIxYTdmJTNBMHhlYjEyYzFhYWFjYWQ2MDMxITJzS2Fpc2VyLUZyaWVkcmljaC1SaW5nJTIwNyUyQyUyMDQwNTQ1JTIwRCVDMyVCQ3NzZWxkb3JmITVlMCEzbTIhMXNkZSEyc2RlITR2MTc2NDE0MjAzNzUyOSE1bTIhMXNkZSEyc2RlIiB3aWR0aD0iNjAwIiBmcmFtZWJvcmRlcj0iMCIgc3R5bGU9ImJvcmRlcjowIiBhbGxvd2Z1bGxzY3JlZW49IiI+PC9pZnJhbWU+\"><div class=\"brlbs-cmpnt-cb-preset-b brlbs-cmpnt-cb-google-maps\"> <div class=\"brlbs-cmpnt-cb-thumbnail\" style=\"background-image: url('https:\/\/www.rechtsanwalt-erbrecht.eu\/wp-content\/uploads\/borlabs-cookie\/1\/brlbs-cb-google-maps-main.png')\"><\/div> <div class=\"brlbs-cmpnt-cb-main\"> <div class=\"brlbs-cmpnt-cb-content\"> <p class=\"brlbs-cmpnt-cb-description\">You are currently viewing a placeholder content from <strong>Google Maps<\/strong>. To access the actual content, click the button below. Please note that doing so will share data with third-party providers.<\/p> <a class=\"brlbs-cmpnt-cb-provider-toggle\" href=\"#\" data-borlabs-cookie-show-provider-information role=\"button\">More information<\/a> <\/div> <div class=\"brlbs-cmpnt-cb-buttons\"> <a class=\"brlbs-cmpnt-cb-btn\" href=\"#\" data-borlabs-cookie-unblock role=\"button\">Unblock content<\/a> <a class=\"brlbs-cmpnt-cb-btn\" href=\"#\" data-borlabs-cookie-accept-service role=\"button\" style=\"display: inherit\">Accept required service and unblock content<\/a> <\/div> <\/div> <\/div><\/div>\t\t\t\t<\/div>\n\t\t\t\t<\/div>\n\t\t\t\t<\/div>\n\t\t\t\t\t<\/div>\n\t\t\t\t<\/div>\n\t\t\t\t<\/div>","protected":false},"excerpt":{"rendered":"<p>Erstgespr\u00e4ch vereinbaren Tel:\u00a00211 \/ 550 84 35-0E-Mail:\u00a0info@gottschalk-erbrecht.de Sofortige Terminvergabe \u2013 Flexible Zeiten Gerne stehen wir Ihnen f\u00fcr eine Erstberatung zur Verf\u00fcgung.Rufen Sie uns an und unsere freundlichen Mitarbeiter vereinbaren f\u00fcr Sie sofort einen Termin in unserem B\u00fcro. Ihr Dr. Michael Gottschalk &amp; Team Erbrecht D\u00fcsseldorf Gottschalk Rechtsanw\u00e4lte Kaiser-Friedrich-Ring 740545 D\u00fcsseldorf Tel:\u00a00211 \/ 550 84 35-0Fax:\u00a00211 [&hellip;]<\/p>\n","protected":false},"author":1,"featured_media":0,"parent":0,"menu_order":0,"comment_status":"closed","ping_status":"closed","template":"","meta":{"_acf_changed":false,"inline_featured_image":false,"footnotes":""},"class_list":["post-404","page","type-page","status-publish","hentry"],"acf":[],"aioseo_notices":[],"_links":{"self":[{"href":"https:\/\/www.rechtsanwalt-erbrecht.eu\/en\/wp-json\/wp\/v2\/pages\/404","targetHints":{"allow":["GET"]}}],"collection":[{"href":"https:\/\/www.rechtsanwalt-erbrecht.eu\/en\/wp-json\/wp\/v2\/pages"}],"about":[{"href":"https:\/\/www.rechtsanwalt-erbrecht.eu\/en\/wp-json\/wp\/v2\/types\/page"}],"author":[{"embeddable":true,"href":"https:\/\/www.rechtsanwalt-erbrecht.eu\/en\/wp-json\/wp\/v2\/users\/1"}],"replies":[{"embeddable":true,"href":"https:\/\/www.rechtsanwalt-erbrecht.eu\/en\/wp-json\/wp\/v2\/comments?post=404"}],"version-history":[{"count":7,"href":"https:\/\/www.rechtsanwalt-erbrecht.eu\/en\/wp-json\/wp\/v2\/pages\/404\/revisions"}],"predecessor-version":[{"id":1420,"href":"https:\/\/www.rechtsanwalt-erbrecht.eu\/en\/wp-json\/wp\/v2\/pages\/404\/revisions\/1420"}],"wp:attachment":[{"href":"https:\/\/www.rechtsanwalt-erbrecht.eu\/en\/wp-json\/wp\/v2\/media?parent=404"}],"curies":[{"name":"wp","href":"https:\/\/api.w.org\/{rel}","templated":true}]}}