{"id":422,"date":"2025-10-09T09:02:17","date_gmt":"2025-10-09T07:02:17","guid":{"rendered":"https:\/\/www.rechtsanwalt-erbrecht.eu\/?page_id=422"},"modified":"2025-10-20T13:13:21","modified_gmt":"2025-10-20T11:13:21","slug":"the-german-austrian-inheritance-case","status":"publish","type":"page","link":"https:\/\/www.rechtsanwalt-erbrecht.eu\/en\/internationales-erbrecht\/erbrecht-in-der-eu\/erbrecht-im-ausland\/der-deutsch-oesterreichische-erbfall\/","title":{"rendered":"The German-Austrian inheritance case"},"content":{"rendered":"<p>In this category we present the German-Austrian inheritance case. In order to make Austrian inheritance law easier to understand, we will work through the individual issues using an example case. Firstly, we will outline the legal principles and then apply them to the case study. Your specialist lawyer for inheritance law in D\u00fcsseldorf and Krefeld, Dr Michael Gottschalk, will be happy to answer any questions you may have.<\/p>","protected":false},"excerpt":{"rendered":"<p>In dieser Kategorie stellen wir den deutsch-\u00f6sterreichischen Erbfall dar. Um das \u00f6sterreichische Erbrecht verst\u00e4ndlicher zu machen, werden wir die einzelnen Fragestellungen anhand eines Beispielfalles erarbeiten. Zun\u00e4chst werden wir die rechtlichen Grundlagen darstellen und sie anschlie\u00dfend auf das Fallbeispiel anwenden. F\u00fcr Fragen steht Ihnen Ihr Fachanwalt f\u00fcr Erbrecht in D\u00fcsseldorf und Krefeld Dr. Michael Gottschalk zur [&hellip;]<\/p>\n","protected":false},"author":1,"featured_media":0,"parent":447,"menu_order":0,"comment_status":"closed","ping_status":"closed","template":"","meta":{"_acf_changed":false,"inline_featured_image":false,"footnotes":""},"class_list":["post-422","page","type-page","status-publish","hentry"],"acf":[],"aioseo_notices":[],"_links":{"self":[{"href":"https:\/\/www.rechtsanwalt-erbrecht.eu\/en\/wp-json\/wp\/v2\/pages\/422","targetHints":{"allow":["GET"]}}],"collection":[{"href":"https:\/\/www.rechtsanwalt-erbrecht.eu\/en\/wp-json\/wp\/v2\/pages"}],"about":[{"href":"https:\/\/www.rechtsanwalt-erbrecht.eu\/en\/wp-json\/wp\/v2\/types\/page"}],"author":[{"embeddable":true,"href":"https:\/\/www.rechtsanwalt-erbrecht.eu\/en\/wp-json\/wp\/v2\/users\/1"}],"replies":[{"embeddable":true,"href":"https:\/\/www.rechtsanwalt-erbrecht.eu\/en\/wp-json\/wp\/v2\/comments?post=422"}],"version-history":[{"count":2,"href":"https:\/\/www.rechtsanwalt-erbrecht.eu\/en\/wp-json\/wp\/v2\/pages\/422\/revisions"}],"predecessor-version":[{"id":1144,"href":"https:\/\/www.rechtsanwalt-erbrecht.eu\/en\/wp-json\/wp\/v2\/pages\/422\/revisions\/1144"}],"up":[{"embeddable":true,"href":"https:\/\/www.rechtsanwalt-erbrecht.eu\/en\/wp-json\/wp\/v2\/pages\/447"}],"wp:attachment":[{"href":"https:\/\/www.rechtsanwalt-erbrecht.eu\/en\/wp-json\/wp\/v2\/media?parent=422"}],"curies":[{"name":"wp","href":"https:\/\/api.w.org\/{rel}","templated":true}]}}