{"id":509,"date":"2025-10-13T08:05:29","date_gmt":"2025-10-13T06:05:29","guid":{"rendered":"https:\/\/www.rechtsanwalt-erbrecht.eu\/?page_id=509"},"modified":"2025-12-01T08:18:59","modified_gmt":"2025-12-01T07:18:59","slug":"legal-notice","status":"publish","type":"page","link":"https:\/\/www.rechtsanwalt-erbrecht.eu\/en\/impressum\/","title":{"rendered":"Imprint"},"content":{"rendered":"<p>Lawyer<br>Dr Michael Gottschalk<br>Kaiser-Friedrich-Ring 7<br>40545 D\u00fcsseldorf<\/p>\n\n\n\n<p>Tel:&nbsp;<a href=\"tel:+4921155084350\">0211 \/ 550 84 35-0<\/a><br>Fax: 0211 \/ 550 84 35-1<br>E-Mail:&nbsp;<a href=\"mailto:info@gottschalk-erbrecht.de\">info@gottschalk-erbrecht.de<\/a><\/p>\n\n\n\n<p>Sales tax ID: DE 252371942<\/p>\n\n\n\n<p>We are not willing or obliged to participate in dispute resolution proceedings before a consumer arbitration board.<\/p>\n\n\n\n<p><strong>Information according to \u00a7 2 DL-InfoV:<\/strong><br>The aforementioned legal professional titles \u201eRechtsanwalt\u201c or \u201eRechtsanw\u00e4ltin\u201c as well as specialist lawyer titles were all awarded in the Federal Republic of Germany.<\/p>\n\n\n\n<p>Bar Association and competent supervisory authority:<\/p>\n\n\n\n<p>D\u00fcsseldorf Bar Association<br>Corporation under public law<br>Freiligrathstra\u00dfe 25<br>40479 D\u00fcsseldorf<br>Phone: 0211-495020<br>Fax: 0211-4950228<br>E-Mail:&nbsp;<a href=\"mailto:info@rechtsanwaltskammer-duesseldorf.de\">info@rechtsanwaltskammer-duesseldorf.de<\/a><\/p>\n\n\n\n<p>Professional indemnity insurance:<br>Allianz Germany AG<br>K\u00f6niginstrasse 28<br>D-80802 Munich<\/p>\n\n\n\n<p>The geographical scope of the insurance cover includes activities in the member states of the European Union.<\/p>\n\n\n\n<p>Professional regulations:<br>Professional Code of Conduct for Lawyers (BORA)<br>Federal Lawyers' Act (BRAO)<br>Lawyers' Fees Act (RVG)<br>Code of Conduct for Lawyers in the European Union (CCBE)<br>Specialist lawyer regulations (FAO)<\/p>\n\n\n\n<p>These laws and ordinances are published in the Federal Law Gazette.<br>They can also be obtained from the Federal Bar Association.<br>You can also find them on their website&nbsp;<a href=\"https:\/\/www.brak.de\/\" target=\"_blank\" rel=\"noreferrer noopener\">www.brak.de<\/a><\/p>","protected":false},"excerpt":{"rendered":"<p>RechtsanwaltDr. Michael GottschalkKaiser-Friedrich-Ring 740545 D\u00fcsseldorf Tel:&nbsp;0211 \/ 550 84 35-0Fax:&nbsp;0211 \/ 550 84 35-1E-Mail:&nbsp;info@gottschalk-erbrecht.de Umsatzsteuer-ID: DE&nbsp;252371942 Wir sind nicht bereit oder verpflichtet, an Streitbeilegungsverfahren vor einer Verbraucherschlichtungsstelle teilzunehmen. Informationen nach \u00a7 2 DL-InfoV:Die genannten gesetzlichen Berufsbezeichnungen &#8222;Rechtsanwalt&#8220; bzw. &#8222;Rechtsanw\u00e4ltin&#8220; sowie Fachanwaltsbezeichnungen wurden s\u00e4mtlich in der Bundesrepublik Deutschland verliehen. Rechtsanwaltskammer und zust\u00e4ndige Aufsichtsbeh\u00f6rde: Rechtsanwaltskammer D\u00fcsseldorfK\u00f6rperschaft des [&hellip;]<\/p>\n","protected":false},"author":1,"featured_media":0,"parent":0,"menu_order":0,"comment_status":"closed","ping_status":"closed","template":"","meta":{"_acf_changed":false,"inline_featured_image":false,"footnotes":""},"class_list":["post-509","page","type-page","status-publish","hentry"],"acf":[],"aioseo_notices":[],"_links":{"self":[{"href":"https:\/\/www.rechtsanwalt-erbrecht.eu\/en\/wp-json\/wp\/v2\/pages\/509","targetHints":{"allow":["GET"]}}],"collection":[{"href":"https:\/\/www.rechtsanwalt-erbrecht.eu\/en\/wp-json\/wp\/v2\/pages"}],"about":[{"href":"https:\/\/www.rechtsanwalt-erbrecht.eu\/en\/wp-json\/wp\/v2\/types\/page"}],"author":[{"embeddable":true,"href":"https:\/\/www.rechtsanwalt-erbrecht.eu\/en\/wp-json\/wp\/v2\/users\/1"}],"replies":[{"embeddable":true,"href":"https:\/\/www.rechtsanwalt-erbrecht.eu\/en\/wp-json\/wp\/v2\/comments?post=509"}],"version-history":[{"count":3,"href":"https:\/\/www.rechtsanwalt-erbrecht.eu\/en\/wp-json\/wp\/v2\/pages\/509\/revisions"}],"predecessor-version":[{"id":1416,"href":"https:\/\/www.rechtsanwalt-erbrecht.eu\/en\/wp-json\/wp\/v2\/pages\/509\/revisions\/1416"}],"wp:attachment":[{"href":"https:\/\/www.rechtsanwalt-erbrecht.eu\/en\/wp-json\/wp\/v2\/media?parent=509"}],"curies":[{"name":"wp","href":"https:\/\/api.w.org\/{rel}","templated":true}]}}