{"id":514,"date":"2025-10-13T08:07:42","date_gmt":"2025-10-13T06:07:42","guid":{"rendered":"https:\/\/www.rechtsanwalt-erbrecht.eu\/?page_id=514"},"modified":"2025-10-29T11:15:13","modified_gmt":"2025-10-29T10:15:13","slug":"initial-interview","status":"publish","type":"page","link":"https:\/\/www.rechtsanwalt-erbrecht.eu\/en\/kontakt\/erstgespraech\/","title":{"rendered":"Advice only from a specialist lawyer for inheritance law!"},"content":{"rendered":"<div data-elementor-type=\"wp-page\" data-elementor-id=\"514\" class=\"elementor elementor-514\" data-elementor-post-type=\"page\">\n\t\t\t\t<div class=\"elementor-element elementor-element-59c63e5 e-flex e-con-boxed e-con e-parent\" data-id=\"59c63e5\" data-element_type=\"container\" data-e-type=\"container\">\n\t\t\t\t\t<div class=\"e-con-inner\">\n\t\t\t\t<div class=\"elementor-element elementor-element-a5654cb elementor-widget elementor-widget-text-editor\" data-id=\"a5654cb\" data-element_type=\"widget\" data-e-type=\"widget\" data-widget_type=\"text-editor.default\">\n\t\t\t\t\t\t\t\t\t\n<p><strong>Inheritance law lawyer in D\u00fcsseldorf - Krefeld - Viersen<\/strong><\/p>\n\n\n\n<p>Simply arrange an initial consultation. I will first clarify with you what counselling or representation needs you have. I will take plenty of time to clarify your concerns. I will give you an overview of the legal situation under inheritance law and point out any measures that may be necessary. The costs for an initial consultation are limited to \u20ac 190.00 plus VAT, i.e. \u20ac 226.10.<\/p>\n\n\n\n<p>If you would like to get an overview of inheritance law, I will be happy to send you my detailed inheritance law brochure. Please send me an email with the keyword \u201eLawyer Inheritance Law\u201c and your name and address. I would be happy to send you our helpful information brochure \"Lawyer Inheritance Law\".<\/p>\n\n\n\n<p>Specialisation is what counts: As a specialised inheritance lawyer and specialist lawyer for inheritance law, I am your contact for all questions relating to inheritance law.<\/p>\n\n\n\n<p>You benefit from my many years of practical experience as a lawyer so that I can develop an optimal strategy with you. My clients are private individuals from the D\u00fcsseldorf-Krefeld-M\u00f6nchengladbach-Viersen region. Personal and strictly confidential support from a specialised inheritance law attorney is important to them. Our law firm often deals with significant assets.<\/p>\n\n\n\n<p>If no will is drawn up, the statutory succession applies. Unfortunately, intestate succession very often leads to conflicts within the resulting communities of heirs. The family situation can lead to people being linked together in a community of heirs who do not have the same interests or even have open differences. Communities of heirs are rarely happy unions.<\/p>\n\n\n\n<p>The customised development of a will requires a wealth of experience. Otherwise, conflicts are inevitable. Above all, my clients want to avoid disputes between their relatives. I have experienced numerous conflicts between co-heirs and between co-heirs and those entitled to a compulsory portion. This experience helps me to recognise problems and find solutions to avoid problems in your personal case.<\/p>\n\n\n\n<p><em>Yours<\/em><br><em>Dr Michael Gottschalk<\/em><br><em>Lawyer and specialist lawyer for inheritance law<\/em><\/p>\n\t\t\t\t\t\t\t\t<\/div>\n\t\t<div class=\"elementor-element elementor-element-dc55463 e-con-full e-flex e-con e-child\" data-id=\"dc55463\" data-element_type=\"container\" data-e-type=\"container\" data-settings=\"{&quot;background_background&quot;:&quot;classic&quot;}\">\n\t\t\t\t<div class=\"elementor-element elementor-element-c2ed090 elementor-widget elementor-widget-heading\" data-id=\"c2ed090\" data-element_type=\"widget\" data-e-type=\"widget\" data-widget_type=\"heading.default\">\n\t\t\t\t\t<h3 class=\"elementor-heading-title elementor-size-default\">Arrange an initial consultation<\/h3>\t\t\t\t<\/div>\n\t\t\t\t<div class=\"elementor-element elementor-element-a54fd17 elementor-widget-divider--view-line elementor-widget elementor-widget-divider\" data-id=\"a54fd17\" data-element_type=\"widget\" data-e-type=\"widget\" data-widget_type=\"divider.default\">\n\t\t\t\t\t\t\t<div class=\"elementor-divider\">\n\t\t\t<span class=\"elementor-divider-separator\">\n\t\t\t\t\t\t<\/span>\n\t\t<\/div>\n\t\t\t\t\t\t<\/div>\n\t\t\t\t<div class=\"elementor-element elementor-element-fb85bd3 elementor-widget elementor-widget-text-editor\" data-id=\"fb85bd3\" data-element_type=\"widget\" data-e-type=\"widget\" data-widget_type=\"text-editor.default\">\n\t\t\t\t\t\t\t\t\t<p style=\"margin-bottom: 0;\"><strong>Tel:\u00a0<a href=\"tel:+4921155084350\">0211 \/ 550 84 35-0<\/a><\/strong><br \/>E-Mail:\u00a0<a class=\"no-decoration\" href=\"mailto:info@gottschalk-erbrecht.de\">info@gottschalk-erbrecht.de<\/a><\/p>\t\t\t\t\t\t\t\t<\/div>\n\t\t\t\t<div class=\"elementor-element elementor-element-42fbb63 elementor-widget-divider--view-line elementor-widget elementor-widget-divider\" data-id=\"42fbb63\" data-element_type=\"widget\" data-e-type=\"widget\" data-widget_type=\"divider.default\">\n\t\t\t\t\t\t\t<div class=\"elementor-divider\">\n\t\t\t<span class=\"elementor-divider-separator\">\n\t\t\t\t\t\t<\/span>\n\t\t<\/div>\n\t\t\t\t\t\t<\/div>\n\t\t\t\t<\/div>\n\t\t\t\t\t<\/div>\n\t\t\t\t<\/div>\n\t\t\t\t<\/div>","protected":false},"excerpt":{"rendered":"<p>Erbrecht Rechtsanwalt in D\u00fcsseldorf \u2013 Krefeld \u2013 Viersen Vereinbaren Sie einfach einen Erstberatungstermin. Ich kl\u00e4re mit Ihnen zun\u00e4chst, welchen Beratungs- bzw. Vertretungsbedarf Sie haben. Dabei nehme ich mir viel Zeit, um ihr Anliegen zu kl\u00e4ren. Ich gebe Ihnen einen \u00dcberblick \u00fcber die erbrechtliche Rechtslage und weise Sie auf eventuell erforderliche Ma\u00dfnahmen hin. Die Kosten f\u00fcr [&hellip;]<\/p>\n","protected":false},"author":1,"featured_media":0,"parent":404,"menu_order":0,"comment_status":"closed","ping_status":"closed","template":"","meta":{"_acf_changed":false,"inline_featured_image":false,"footnotes":""},"class_list":["post-514","page","type-page","status-publish","hentry"],"acf":[],"aioseo_notices":[],"_links":{"self":[{"href":"https:\/\/www.rechtsanwalt-erbrecht.eu\/en\/wp-json\/wp\/v2\/pages\/514","targetHints":{"allow":["GET"]}}],"collection":[{"href":"https:\/\/www.rechtsanwalt-erbrecht.eu\/en\/wp-json\/wp\/v2\/pages"}],"about":[{"href":"https:\/\/www.rechtsanwalt-erbrecht.eu\/en\/wp-json\/wp\/v2\/types\/page"}],"author":[{"embeddable":true,"href":"https:\/\/www.rechtsanwalt-erbrecht.eu\/en\/wp-json\/wp\/v2\/users\/1"}],"replies":[{"embeddable":true,"href":"https:\/\/www.rechtsanwalt-erbrecht.eu\/en\/wp-json\/wp\/v2\/comments?post=514"}],"version-history":[{"count":5,"href":"https:\/\/www.rechtsanwalt-erbrecht.eu\/en\/wp-json\/wp\/v2\/pages\/514\/revisions"}],"predecessor-version":[{"id":1296,"href":"https:\/\/www.rechtsanwalt-erbrecht.eu\/en\/wp-json\/wp\/v2\/pages\/514\/revisions\/1296"}],"up":[{"embeddable":true,"href":"https:\/\/www.rechtsanwalt-erbrecht.eu\/en\/wp-json\/wp\/v2\/pages\/404"}],"wp:attachment":[{"href":"https:\/\/www.rechtsanwalt-erbrecht.eu\/en\/wp-json\/wp\/v2\/media?parent=514"}],"curies":[{"name":"wp","href":"https:\/\/api.w.org\/{rel}","templated":true}]}}