{"id":755,"date":"2023-06-22T14:13:11","date_gmt":"2023-06-22T12:13:11","guid":{"rendered":"https:\/\/www.rechtsanwalt-erbrecht.eu\/internationales-erbrecht\/rechtsprechung-zum-internationalen-erbrecht\/nationale-rechtsprechung\/olg-muenchen-beschluss-vom-9-2-2023-33-uh-4-23e-gewoehnlicher-aufenthaltsort-einer-nicht-geschaeftsfaehigen-person\/"},"modified":"2025-10-22T08:30:54","modified_gmt":"2025-10-22T06:30:54","slug":"munich-court-decision-of-9-2-2023-33-uh-4-23e-usual-place-of-residence-of-a-non-business-person","status":"publish","type":"page","link":"https:\/\/www.rechtsanwalt-erbrecht.eu\/en\/internationales-erbrecht\/rechtsprechung-zum-int-erbrecht\/nationale-rechtsprechung\/olg-muenchen-beschluss-vom-9-2-2023-33-uh-4-23e-gewoehnlicher-aufenthaltsort-einer-nicht-geschaeftsfaehigen-person\/","title":{"rendered":"OLG Munich decision of 9 February 2023 - 33 UH 4\/23e- (habitual residence of a person lacking legal capacity)"},"content":{"rendered":"<h1 class=\"wp-block-heading\">OLG Munich decision of 9 February 2023 - 33 UH 4\/23e- (habitual residence of a person lacking legal capacity)<\/h1>\n\n\n\n<p>Central standards: FamFG \u00a7\u00a7 5, 343; EuErbVO Art. 21<\/p>\n\n\n\n<p>Guiding principle:<\/p>\n\n\n\n<ol class=\"wp-block-list\">\n<li><strong> If the deceased was in a nursing home in the same place for more than ten years before his death, he had his habitual residence in this place.<\/strong><\/li>\n\n\n\n<li><strong> This also applies if he was under guardianship during the entire period due to a mental illness and the guardian also exercised the right of residence.<\/strong><\/li>\n<\/ol>\n\n\n\n<p><strong>Facts of the case:<\/strong><\/p>\n\n\n\n<p>The testator died in a nursing home in S in 2022. The deceased had lived in this nursing home since 2011. A guardian had been appointed for the deceased in 1974 by order of G\u00fcnzburg District Court due to mental infirmity, whose area of responsibility included the care of assets, health care and residence. Since this time, the testator had lived in various homes, moving to the nursing home in S after the specialised nursing home in Oy-M, where the testator had lived until then, had burnt down. The care continued until the deceased's death. After the testator's death, the Sonthofen District Court - Probate Court - declared that it had no local jurisdiction in its decision of 5 September 2022. It based its decision on the fact that the testator had last had legal capacity when she had her habitual residence in A, which is part of the district of the AG G\u00fcnzburg.<\/p>\n\n\n\n<p>By order dated 23 January 2023 (VI 1306\/22), the AG G\u00fcnzburg - NachlassG - also declared that it lacked local jurisdiction and submitted the files to the Senate to determine the competent court. The AG Sonthofen was determined to have jurisdiction.<\/p>\n\n\n\n<p>For the reasons:<\/p>\n\n\n\n<p><strong>6<\/strong><\/p>\n\n\n\n<p>II.<\/p>\n\n\n\n<ol class=\"wp-block-list\">\n<li>According to \u00a7&nbsp;<a href=\"https:\/\/beck-online.beck.de\/?typ=reference&amp;y=100&amp;g=FAMFG&amp;p=5\">5<\/a><a href=\"https:\/\/beck-online.beck.de\/?typ=reference&amp;y=100&amp;g=FAMFG&amp;p=5&amp;x=1\">I<\/a>No.&nbsp;<a href=\"https:\/\/beck-online.beck.de\/?typ=reference&amp;y=100&amp;g=FAMFG&amp;p=5&amp;x=1&amp;n=4\">4<\/a>&nbsp;FamFG for the determination of jurisdiction after two probate courts in the district of the Munich Higher Regional Court declared themselves to be locally incompetent.<\/li>\n<\/ol>\n\n\n\n<p><strong>7<\/strong><\/p>\n\n\n\n<ol class=\"wp-block-list\">\n<li>The Sonthofen District Court was to be designated as the competent court, as the deceased had her last habitual residence here, \u00a7&nbsp;<a href=\"https:\/\/beck-online.beck.de\/?typ=reference&amp;y=100&amp;g=FAMFG&amp;p=343\">343<\/a><a href=\"https:\/\/beck-online.beck.de\/?typ=reference&amp;y=100&amp;g=FAMFG&amp;p=343&amp;x=1\">I<\/a>FamFG.<\/li>\n<\/ol>\n\n\n\n<p><strong>8<\/strong><\/p>\n\n\n\n<ol class=\"wp-block-list\">\n<li>a) The \u201ehabitual residence\u201c is to be understood as the actual centre of a natural person's life, which is to be determined by means of an overall assessment of the testator's circumstances in the period prior to his or her death and at the time of death (OLG Munich ZEV 2017,&nbsp;<a href=\"https:\/\/beck-online.beck.de\/?typ=reference&amp;y=300&amp;z=ZEV&amp;b=2017&amp;s=333\">333<\/a>; OLG Celle ZEV 2020,&nbsp;<a href=\"https:\/\/beck-online.beck.de\/?typ=reference&amp;y=300&amp;z=ZEV&amp;b=2020&amp;s=229\">229<\/a>). In principle, a residence can also be established in retirement and nursing homes (OLG D\u00fcsseldorf FGPrax 2016,&nbsp;<a href=\"https:\/\/beck-online.beck.de\/?typ=reference&amp;y=300&amp;z=FGPRAX&amp;b=2016&amp;s=240\">240<\/a>) if the testator was capable of forming his or her own will to remain at the time of moving in (Burandt\/Rojahn\/Gierl, 4th ed. 2022, FamFG \u00a7 343 Rn.&nbsp;<a href=\"https:\/\/beck-online.beck.de\/?typ=reference&amp;y=400&amp;w=BURROJERBR&amp;aufl=4&amp;g=FAMFG&amp;p=343&amp;rn=11\">11<\/a>;Kr\u00e4tzschel\/Falkner\/D\u00f6bereiner NachlassR\/Kr\u00e4tzschel, 12th ed. 2022, \u00a7 37 marginal no.&nbsp;<a href=\"https:\/\/beck-online.beck.de\/?typ=reference&amp;y=400&amp;w=FIRGRAHDBNACHLASSR&amp;aufl=12&amp;gl=SECT37&amp;rn=3\">3<\/a>).<\/li>\n<\/ol>\n\n\n\n<p><strong>9 <\/strong>The requirements for establishing (habitual) residence with regard to the testator's legal capacity are disputed in detail and have not been conclusively clarified (OLG Munich ZEV 2017,&nbsp;<a href=\"https:\/\/beck-online.beck.de\/?typ=reference&amp;y=300&amp;z=ZEV&amp;b=2017&amp;s=333\">333<\/a>no legal capacity, but capacity to form one's own will; OLG Celle ZEV 2020,&nbsp;<a href=\"https:\/\/beck-online.beck.de\/?typ=reference&amp;y=300&amp;z=ZEV&amp;b=2020&amp;s=229\">229<\/a>: no need to determine the testator's legal capacity; for the current state of opinion: M\u00fcKoFamFG\/Grziwotz, 3rd ed. 2019, FamFG \u00a7 343 marginal no. 19).<\/p>","protected":false},"excerpt":{"rendered":"<p>OLG M\u00fcnchen Beschluss vom 9.2.2023 \u2013 33 UH 4\/23e- (Gew\u00f6hnlicher Aufenthaltsort einer nicht gesch\u00e4ftsf\u00e4higen Person) Zentrale Normen: FamFG \u00a7\u00a7 5, 343; EuErbVO Art. 21 Leitsatz: Sachverhalt: Die Erblasserin ist 2022 in einem Pflegeheim in S verstorben. In diesem Pflegeheim wohnte die Erblasserin seit dem Jahre 2011. F\u00fcr die Erblasserin war mit Beschluss des AG G\u00fcnzburg [&hellip;]<\/p>\n","protected":false},"author":1,"featured_media":0,"parent":408,"menu_order":0,"comment_status":"closed","ping_status":"closed","template":"","meta":{"_acf_changed":false,"inline_featured_image":false,"footnotes":""},"class_list":["post-755","page","type-page","status-publish","hentry"],"acf":[],"aioseo_notices":[],"_links":{"self":[{"href":"https:\/\/www.rechtsanwalt-erbrecht.eu\/en\/wp-json\/wp\/v2\/pages\/755","targetHints":{"allow":["GET"]}}],"collection":[{"href":"https:\/\/www.rechtsanwalt-erbrecht.eu\/en\/wp-json\/wp\/v2\/pages"}],"about":[{"href":"https:\/\/www.rechtsanwalt-erbrecht.eu\/en\/wp-json\/wp\/v2\/types\/page"}],"author":[{"embeddable":true,"href":"https:\/\/www.rechtsanwalt-erbrecht.eu\/en\/wp-json\/wp\/v2\/users\/1"}],"replies":[{"embeddable":true,"href":"https:\/\/www.rechtsanwalt-erbrecht.eu\/en\/wp-json\/wp\/v2\/comments?post=755"}],"version-history":[{"count":2,"href":"https:\/\/www.rechtsanwalt-erbrecht.eu\/en\/wp-json\/wp\/v2\/pages\/755\/revisions"}],"predecessor-version":[{"id":1274,"href":"https:\/\/www.rechtsanwalt-erbrecht.eu\/en\/wp-json\/wp\/v2\/pages\/755\/revisions\/1274"}],"up":[{"embeddable":true,"href":"https:\/\/www.rechtsanwalt-erbrecht.eu\/en\/wp-json\/wp\/v2\/pages\/408"}],"wp:attachment":[{"href":"https:\/\/www.rechtsanwalt-erbrecht.eu\/en\/wp-json\/wp\/v2\/media?parent=755"}],"curies":[{"name":"wp","href":"https:\/\/api.w.org\/{rel}","templated":true}]}}