{"id":890,"date":"2023-12-07T12:47:43","date_gmt":"2023-12-07T11:47:43","guid":{"rendered":"https:\/\/www.rechtsanwalt-erbrecht.eu\/deutsches-erbrecht\/einzelfragen\/erbengemeinschaft-haftung-der-erben-gegenueber-dritten\/"},"modified":"2023-12-07T12:47:43","modified_gmt":"2023-12-07T11:47:43","slug":"community-of-heirs-liability-of-the-co-heirs-towards-third-parties","status":"publish","type":"page","link":"https:\/\/www.rechtsanwalt-erbrecht.eu\/en\/deutsches-erbrecht\/einzelfragen\/erbengemeinschaft-haftung-der-erben-gegenueber-dritten\/","title":{"rendered":"Community of heirs - liability of heirs towards third parties"},"content":{"rendered":"<h2><strong>Community of heirs - liability of co-heirs towards third parties<\/strong><\/h2>\n<p>If there are several heirs, they form a community of heirs. They not only share the positive assets of the deceased, but also have to take care of the liabilities of the estate. What rights the community of heirs has and how it is dissolved can be\u00a0<a href=\"https:\/\/www.rechtsanwalt-erbrecht.eu\/en\/german-inheritance-law\/individual-questions\/community-of-heirs\/\">here<\/a> can be read here.<\/p>\n<h3><strong>How is the community of heirs liable for estate liabilities?<\/strong><\/h3>\n<p>In principle, the co-heirs are jointly and severally liable in accordance with Section 2058 BGB.<\/p>\n<p>Joint and several liability means that a creditor of an estate can choose which heir to claim against. The creditor does not have to take into account the co-heir's share of the estate. In practice, however, claims are most frequently made against the co-heir whom the creditor of the estate considers to be the most solvent.<\/p>\n<p>If a co-heir against whom a claim is made has to pay for a liability, he or she is not completely on his or her own. Rather, he or she has a claim for compensation against the other co-heirs in accordance with Section 426 BGB.<\/p>\n<p>However, co-heirs are not liable without limitation. Instead, there are limitations on liability that protect the personal assets of the co-heirs from claims by creditors of the estate. In this context, a creditor of the estate who wishes to assert claims against one or all co-heirs can be referred to the estate. This is done by the co-heir utilising the statutory right to refuse performance. The so-called defence of limited liability of heirs pursuant to Section 2059 BGB enables the co-heirs to refuse to settle estate liabilities from their personal assets until the estate is divided. Nevertheless, the liability extends to those individual items that the co-heir has already received in advance despite the continued existence of the undivided community of heirs. These can therefore not be excluded from liability.<\/p>\n<p>The claim for compensation expires after three years in accordance with \u00a7 195 BGB.<\/p>","protected":false},"excerpt":{"rendered":"<p>Erbengemeinschaft- Haftung der Miterben gegen\u00fcber Dritten Gibt es mehrere Erben, bilden diese eine Erbengemeinschaft. Diese teilen sich nicht nur das positive Verm\u00f6gen des Erblassers, sondern haben sich auch um die Nachlassverbindlichkeiten zu k\u00fcmmern. Welche Rechte die Erbengemeinschaft hat und wie sich diese aufl\u00f6st, kann\u00a0hier nachgelesen werden. Wie haftet die Erbengemeinschaft f\u00fcr Nachlassverbindlichkeiten? Grunds\u00e4tzlich haften die [&hellip;]<\/p>\n","protected":false},"author":1,"featured_media":0,"parent":388,"menu_order":0,"comment_status":"closed","ping_status":"closed","template":"","meta":{"_acf_changed":false,"inline_featured_image":false,"footnotes":""},"class_list":["post-890","page","type-page","status-publish","hentry"],"acf":[],"aioseo_notices":[],"_links":{"self":[{"href":"https:\/\/www.rechtsanwalt-erbrecht.eu\/en\/wp-json\/wp\/v2\/pages\/890","targetHints":{"allow":["GET"]}}],"collection":[{"href":"https:\/\/www.rechtsanwalt-erbrecht.eu\/en\/wp-json\/wp\/v2\/pages"}],"about":[{"href":"https:\/\/www.rechtsanwalt-erbrecht.eu\/en\/wp-json\/wp\/v2\/types\/page"}],"author":[{"embeddable":true,"href":"https:\/\/www.rechtsanwalt-erbrecht.eu\/en\/wp-json\/wp\/v2\/users\/1"}],"replies":[{"embeddable":true,"href":"https:\/\/www.rechtsanwalt-erbrecht.eu\/en\/wp-json\/wp\/v2\/comments?post=890"}],"version-history":[{"count":0,"href":"https:\/\/www.rechtsanwalt-erbrecht.eu\/en\/wp-json\/wp\/v2\/pages\/890\/revisions"}],"up":[{"embeddable":true,"href":"https:\/\/www.rechtsanwalt-erbrecht.eu\/en\/wp-json\/wp\/v2\/pages\/388"}],"wp:attachment":[{"href":"https:\/\/www.rechtsanwalt-erbrecht.eu\/en\/wp-json\/wp\/v2\/media?parent=890"}],"curies":[{"name":"wp","href":"https:\/\/api.w.org\/{rel}","templated":true}]}}