{"id":897,"date":"2021-08-19T16:11:59","date_gmt":"2021-08-19T14:11:59","guid":{"rendered":"https:\/\/www.rechtsanwalt-erbrecht.eu\/deutsches-erbrecht\/einzelfragen\/erbschaft-und-sozialhilfe\/"},"modified":"2021-08-19T16:11:59","modified_gmt":"2021-08-19T14:11:59","slug":"inheritance-and-social-welfare","status":"publish","type":"page","link":"https:\/\/www.rechtsanwalt-erbrecht.eu\/en\/deutsches-erbrecht\/einzelfragen\/erbschaft-und-sozialhilfe\/","title":{"rendered":"Inheritance and social welfare"},"content":{"rendered":"<p>Recipients of social assistance or Hartz IV can of course also become heirs, be entitled to a compulsory portion or receive a legacy. The heir, beneficiary of a compulsory portion or legatee must then immediately notify the office of their entitlement and the office will discontinue social assistance or Hartz IV benefits for the future, as the inheritance means that they are no longer in need.\u00a0<\/p>\n<p>According to established case law, the inheritance is \u201eincome\u201c within the meaning of \u00a7 11 Para. 1 SGB II and is not regarded as assets with corresponding allowances (BSG, most recently: judgement of 29 April 2015, B 14 AS 10\/14 R). If the inherited assets are not liquid because they essentially consist of tangible assets (e.g. property, car), the person entitled to social assistance must realise the assets in order to secure their needs. As long as this is not done, there is no need for assistance and they will not receive any social benefits (decision of the Saxony-Anhalt Regional Social Court dated 27 October 2015, case reference L 4 AS 652\/15 B).\u00a0<\/p>","protected":false},"excerpt":{"rendered":"<p>Auch die Bezieher von Sozialhilfe oder Hartz IV k\u00f6nnen nat\u00fcrlich Erben werden, pflichtteilsberechtigt sein oder ein Verm\u00e4chtnis erhalten. Der Erbe, Pflichtteilsberechtigte oder Verm\u00e4chtnisnehmer muss seinen Anspruch dann unverz\u00fcglich beim Amt anzeigen und dieses wird die Sozialhilfe bzw. Hartz IV-Leistungen f\u00fcr die Zukunft einstellen, da durch die Erbschaft die Bed\u00fcrftigkeit entf\u00e4llt.\u00a0 Nach st\u00e4ndiger Rechtsprechung ist das [&hellip;]<\/p>\n","protected":false},"author":1,"featured_media":0,"parent":388,"menu_order":0,"comment_status":"closed","ping_status":"closed","template":"","meta":{"_acf_changed":false,"inline_featured_image":false,"footnotes":""},"class_list":["post-897","page","type-page","status-publish","hentry"],"acf":[],"aioseo_notices":[],"_links":{"self":[{"href":"https:\/\/www.rechtsanwalt-erbrecht.eu\/en\/wp-json\/wp\/v2\/pages\/897","targetHints":{"allow":["GET"]}}],"collection":[{"href":"https:\/\/www.rechtsanwalt-erbrecht.eu\/en\/wp-json\/wp\/v2\/pages"}],"about":[{"href":"https:\/\/www.rechtsanwalt-erbrecht.eu\/en\/wp-json\/wp\/v2\/types\/page"}],"author":[{"embeddable":true,"href":"https:\/\/www.rechtsanwalt-erbrecht.eu\/en\/wp-json\/wp\/v2\/users\/1"}],"replies":[{"embeddable":true,"href":"https:\/\/www.rechtsanwalt-erbrecht.eu\/en\/wp-json\/wp\/v2\/comments?post=897"}],"version-history":[{"count":0,"href":"https:\/\/www.rechtsanwalt-erbrecht.eu\/en\/wp-json\/wp\/v2\/pages\/897\/revisions"}],"up":[{"embeddable":true,"href":"https:\/\/www.rechtsanwalt-erbrecht.eu\/en\/wp-json\/wp\/v2\/pages\/388"}],"wp:attachment":[{"href":"https:\/\/www.rechtsanwalt-erbrecht.eu\/en\/wp-json\/wp\/v2\/media?parent=897"}],"curies":[{"name":"wp","href":"https:\/\/api.w.org\/{rel}","templated":true}]}}