{"id":898,"date":"2024-03-05T19:13:24","date_gmt":"2024-03-05T18:13:24","guid":{"rendered":"https:\/\/www.rechtsanwalt-erbrecht.eu\/deutsches-erbrecht\/einzelfragen\/erbschaftssteuer-anzeige-der-erbschaft-gegenueber-dem-finanzamt\/"},"modified":"2025-10-29T11:15:52","modified_gmt":"2025-10-29T10:15:52","slug":"german-inheritance-tax-notification-of-inheritance-to-the-tax-office","status":"publish","type":"page","link":"https:\/\/www.rechtsanwalt-erbrecht.eu\/en\/deutsches-erbrecht\/einzelfragen\/erbschaftssteuer-anzeige-der-erbschaft-gegenueber-dem-finanzamt\/","title":{"rendered":"Inheritance tax - notification of inheritance to the tax office"},"content":{"rendered":"<ol>\n<li><strong> As an heir\/heiress, am I obliged to inform the tax office responsible for inheritance tax about the inheritance? <\/strong><\/li>\n<\/ol>\n<p><strong>Yes<\/strong>, As an heir, you are obliged to pay the inheritance tax due on the inheritance.\u00a0<a href=\"https:\/\/www.finanzverwaltung.nrw.de\/de\/finanzamtsfinder\" rel=\"noopener\">responsible tax office<\/a>\u00a0\u00a0about the inheritance. This results from \u00a7 30 of the Inheritance Tax Act (ErbStG). You must make this notification within three months of learning of the inheritance. The same applies, for example, to acquisitions as\u00a0<a href=\"https:\/\/www.finanzamt.nrw.de\/steuerinfos\/weitere-themen\/erbschaft-und-schenkungsteuer\/erbrecht-und-begriffe\" rel=\"noopener\">Legatee or legatee<\/a>. The required notification of inheritance is not an inheritance tax return.<\/p>\n<p>However, there is also a\u00a0<strong>Exception to this obligation<\/strong>. If there is a will for the inheritance\u00a0<em>and<\/em><strong><\/strong>this\u00a0<\/p>\n<ul>\n<li>by a German notary public,\u00a0<\/li>\n<li>a German court or\u00a0<\/li>\n<li>abroad by a German consul or a German consul\u00a0<\/li>\n<\/ul>\n<p>the tax office will be informed by them. If it is clear from the will which relationship you had to the deceased, you do not have to notify the tax office any further.\u00a0<\/p>\n<p>However, if your purchase includes\u00a0<\/p>\n<ul>\n<li>a plot of land,\u00a0<\/li>\n<li>Operating assets,\u00a0<\/li>\n<li>Shares in a corporation, for example a limited liability company, or\u00a0<\/li>\n<li>foreign assets.\u00a0<\/li>\n<\/ul>\n<p>you are obliged to inform the tax office of the transaction despite the existence of a will.<\/p>\n<ol>\n<li><strong> Do I also have to report legacies, the compulsory portion or other acquisitions in connection with the inheritance?<\/strong><\/li>\n<\/ol>\n<p><strong>Yes,<\/strong> they are all <strong>\u201eAcquisitions by reason of death\u201c<\/strong> to be displayed. This includes in particular<\/p>\n<ul>\n<li>acquisition as a legal heir,<\/li>\n<li>acquisition as a testamentary heir or on the basis of an inheritance contract,<\/li>\n<li>acquisition on the basis of a legacy,<\/li>\n<li>the acquisition on the basis of an asserted claim to a compulsory portion,<\/li>\n<li>acquisition on the basis of a contract concluded by the testator in favour of third parties (e.g. from a life insurance contract) or<\/li>\n<li>which is granted as compensation for waiving the assertion of claims under inheritance law (e.g. the claim to a compulsory portion that has arisen or for waiving an inheritance).<\/li>\n<\/ul>\n<p>All gifts between living persons are subject to gift tax<\/p>\n<ol>\n<li><strong> Which tax office do I have to report the inheritance to?<\/strong><\/li>\n<\/ol>\n<p>In the context of gift and inheritance tax, the local jurisdiction of the tax offices is generally determined by the place of residence or habitual abode of the deceased person at the time of death or of the donor. However, not every tax office is responsible for the taxation of inheritances and gifts. Some tax offices are responsible for a larger area.<\/p>\n<ol>\n<li><strong> Do I have to use a form for the advert?<\/strong><\/li>\n<\/ol>\n<p>The tax offices do not have a form ready for the notification of inheritance. You can write to the tax office informally.<\/p>\n<ol>\n<li><strong> What do I have to tell the tax office? <\/strong><\/li>\n<\/ol>\n<p>Please provide the tax office with the following information:<\/p>\n<ul>\n<li>First name and surname,\u00a0<\/li>\n<li>Your <a href=\"https:\/\/www.finanzamt.nrw.de\/steuerinfos\/weitere-themen\/steuernummer-und-aktenzeichen\/steuerliche-identifikationsnummer\" rel=\"noopener\">Tax identification number<\/a>, Profession<\/li>\n<li>Your address, \u00a0<\/li>\n<li>Name of the deceased person (testator),<\/li>\n<li>Address of the deceased person,<\/li>\n<li>Date and place of death,<\/li>\n<li>Object and value of the acquisition,<\/li>\n<li>Legal basis of the acquisition, for example statutory succession, will or legacy,<\/li>\n<li>Personal relationship to the deceased person, such as kinship, sister-in-law or employment relationship,<\/li>\n<li>Previous gifts of the deceased person, including type, value and date.<\/li>\n<\/ul>\n<ol>\n<li><strong> Do I also have to submit an inheritance tax return or gift tax return without being asked to do so?<\/strong><\/li>\n<\/ol>\n<p><strong>No,<\/strong> You are only obliged to submit an inheritance and gift tax return if your tax office asks you to do so.<\/p>","protected":false},"excerpt":{"rendered":"<p>Bin ich als Erbe\/Erbin verpflichtet, das f\u00fcr die Erbschaftssteuer zust\u00e4ndige Finanzamt \u00fcber die Erbschaft zu informieren? Ja, als Erbin bzw. als Erbe sind Sie verpflichtet, das f\u00fcr die Erbschaftsteuer\u00a0zust\u00e4ndige Finanzamt\u00a0\u00a0\u00fcber die Erbschaft zu informieren. Dies ergibt sich aus \u00a7 30 des Erbschaftssteuergesetzes (ErbStG). Diese Anzeige m\u00fcssen Sie innerhalb von drei Monaten, nachdem Sie von der [&hellip;]<\/p>\n","protected":false},"author":1,"featured_media":0,"parent":388,"menu_order":0,"comment_status":"closed","ping_status":"closed","template":"","meta":{"_acf_changed":false,"inline_featured_image":false,"footnotes":""},"class_list":["post-898","page","type-page","status-publish","hentry"],"acf":[],"aioseo_notices":[],"_links":{"self":[{"href":"https:\/\/www.rechtsanwalt-erbrecht.eu\/en\/wp-json\/wp\/v2\/pages\/898","targetHints":{"allow":["GET"]}}],"collection":[{"href":"https:\/\/www.rechtsanwalt-erbrecht.eu\/en\/wp-json\/wp\/v2\/pages"}],"about":[{"href":"https:\/\/www.rechtsanwalt-erbrecht.eu\/en\/wp-json\/wp\/v2\/types\/page"}],"author":[{"embeddable":true,"href":"https:\/\/www.rechtsanwalt-erbrecht.eu\/en\/wp-json\/wp\/v2\/users\/1"}],"replies":[{"embeddable":true,"href":"https:\/\/www.rechtsanwalt-erbrecht.eu\/en\/wp-json\/wp\/v2\/comments?post=898"}],"version-history":[{"count":1,"href":"https:\/\/www.rechtsanwalt-erbrecht.eu\/en\/wp-json\/wp\/v2\/pages\/898\/revisions"}],"predecessor-version":[{"id":1354,"href":"https:\/\/www.rechtsanwalt-erbrecht.eu\/en\/wp-json\/wp\/v2\/pages\/898\/revisions\/1354"}],"up":[{"embeddable":true,"href":"https:\/\/www.rechtsanwalt-erbrecht.eu\/en\/wp-json\/wp\/v2\/pages\/388"}],"wp:attachment":[{"href":"https:\/\/www.rechtsanwalt-erbrecht.eu\/en\/wp-json\/wp\/v2\/media?parent=898"}],"curies":[{"name":"wp","href":"https:\/\/api.w.org\/{rel}","templated":true}]}}