{"id":909,"date":"2023-11-30T13:49:48","date_gmt":"2023-11-30T12:49:48","guid":{"rendered":"https:\/\/www.rechtsanwalt-erbrecht.eu\/deutsches-erbrecht\/einzelfragen\/gueterstand-in-der-ehe-der-einfluss-des-gueterstands-auf-die-erbschaft\/"},"modified":"2025-10-29T11:15:35","modified_gmt":"2025-10-29T10:15:35","slug":"matrimonial-property-regime-the-influence-of-the-matrimonial-property-regime-on-inheritance","status":"publish","type":"page","link":"https:\/\/www.rechtsanwalt-erbrecht.eu\/en\/deutsches-erbrecht\/einzelfragen\/gueterstand-in-der-ehe-der-einfluss-des-gueterstands-auf-die-erbschaft\/","title":{"rendered":"Matrimonial property regime: The influence of the matrimonial property regime on inheritance"},"content":{"rendered":"<h2><strong>Matrimonial property regime: The influence of the matrimonial property regime on inheritance<\/strong><\/h2>\n<p>It is often forgotten that a marriage not only ends legally through divorce, but also through the death of a spouse. In this case, the agreements made during their lifetime regarding the matrimonial property regime can have an influence on the surviving spouse's subsequent inheritance. The matrimonial property regime determines how the property relations between the spouses are regulated. The matrimonial property regime plays a decisive role, particularly if the testator has not made a last will and testament.<\/p>\n<h3><strong>What influence does the matrimonial property regime have on the estate?<\/strong><\/h3>\n<p>Firstly, it must be determined whether the spouses have concluded an agreement on the matrimonial property regime by way of a marriage contract. If this is not the case, the statutory matrimonial property regime applies.<\/p>\n<h4><strong>1. the statutory matrimonial property regime, namely the community of accrued gains<\/strong><\/h4>\n<p>The community of accrued gains is the statutory matrimonial property regime if no corresponding agreements have been made. Pursuant to Section 1363 Paragraph 2 Sentence 1 of the German Civil Code (BGB), the spouses' respective assets are divided in the community of accrued gains. <strong>not<\/strong> to their joint assets. However, any gains realised during the marriage are equalised when the marriage ends. In addition to divorce, death is also considered a termination of the marriage. This means that, according to the law, gains must be equalised upon the death of a spouse.<\/p>\n<p>In accordance with Section 1371 (1) BGB, if the matrimonial property regime is terminated by the death of a spouse, the equalisation of the gain is realised by increasing the statutory inheritance share of the surviving spouse by one quarter of the inheritance. It is irrelevant whether the spouses have realised a gain in the individual case. It is irrelevant whether the spouses have made a so-called gain, the so-called lump-sum solution.<\/p>\n<p><strong>Example:<\/strong><\/p>\n<p>E's inheritance amounts to \u20ac 100,000. He lived with his wife F under the statutory matrimonial property regime of community of accrued gains and leaves behind two other joint children in addition to F.<\/p>\n<p>According to the lump-sum solution, the wife is entitled to \u00bc in accordance with statutory inheritance law pursuant to Section 1931 (1) BGB. In addition, the lump-sum increase of the inheritance share by \u00bc is added in accordance with Section 1371 (1). This results in a total inheritance share of 1\/2 for E. E therefore inherits \u20ac50,000.<\/p>\n<p>In addition, the surviving spouse has the option of claiming his or her specifically calculated gain. Under certain circumstances, this may be more attractive for the spouse than the lump-sum distribution of the gain. Pursuant to Section 1371 (3), the surviving spouse can waive the inheritance and claim the compulsory portion in addition to the equalisation of the gain even if he or she would not be entitled to it under the provisions of inheritance law.<\/p>\n<p><strong>Example:<\/strong><\/p>\n<p>E's inheritance amounts to \u20ac 100,000. He lived with his wife F under the statutory matrimonial property regime of community of accrued gains and leaves behind two other joint children in addition to F. During the marriage, E made a total gain of \u20ac 100,000, while F made a gain of \u20ac 0.<\/p>\n<p>If the surviving F rejects her inheritance, she is entitled to the compulsory portion in accordance with Section 1371 (3) BGB. The compulsory portion is calculated as half of the statutory inheritance share. The statutory inheritance share is reduced from \u00bc to 1\/8. Calculated on the basis of the amount of the estate, the amount of the compulsory portion claim is \u20ac12,500.<\/p>\n<p>In addition, E is entitled to the distribution of the gain realised during the marriage. Pursuant to Section 1378 (1), the surviving spouse is entitled to half of the surplus as an equalisation claim. As E realised a gain of \u20ac100,000 during the marriage and F was unable to earn any, this results in a surplus of \u20ac100,000. E is therefore entitled to an equalisation claim of \u20ac 50,000.<\/p>\n<p>E can therefore demand a total of \u20ac 62,500.<\/p>\n<h4><strong>2. modified community of accrued gains<\/strong><\/h4>\n<p>In practice, the statutory matrimonial property regime of the community of accrued gains is often modified. This is referred to as modified community of accrued gains. In most cases, the equalisation of gains is excluded in the event of divorce, but not in the event of death. The above calculations would not change in such a case. However, the situation would be different if the equalisation of gains was also excluded in the event of death.<\/p>\n<h4><strong>3. separation of property<\/strong><\/h4>\n<p>If the spouses have agreed the matrimonial property regime of separation of property, the two spouses are treated as if they were not married in terms of property law. From an inheritance law perspective, the surviving spouse only receives an inheritance share in accordance with Section 1931 BGB in the matrimonial property regime of separation of property. If the deceased also left descendants, the spouse only inherits \u00bc of the estate.<\/p>\n<h4><strong>4. community of property<\/strong><\/h4>\n<p>In the community of property regime, the respective assets of the spouses become joint assets in accordance with Section 1416 (1). In the event of inheritance, the surviving spouse inherits only \u00bc of the first-order heirs.<\/p>","protected":false},"excerpt":{"rendered":"<p>G\u00fcterstand in der Ehe: Der Einfluss des G\u00fcterstands auf die Erbschaft H\u00e4ufig wird vergessen, dass eine Ehe nicht nur durch eine Scheidung rechtlich endet, sondern auch durch den Tod eines Ehegatten. Hierbei kann die noch zu Lebzeiten getroffenen Vereinbarungen \u00fcber den ehelichen G\u00fcterstand einen Einfluss auf die sp\u00e4tere Erbschaft des \u00fcberlebenden Ehegatten. Der G\u00fcterstand bestimmt, [&hellip;]<\/p>\n","protected":false},"author":1,"featured_media":0,"parent":388,"menu_order":0,"comment_status":"closed","ping_status":"closed","template":"","meta":{"_acf_changed":false,"inline_featured_image":false,"footnotes":""},"class_list":["post-909","page","type-page","status-publish","hentry"],"acf":[],"aioseo_notices":[],"_links":{"self":[{"href":"https:\/\/www.rechtsanwalt-erbrecht.eu\/en\/wp-json\/wp\/v2\/pages\/909","targetHints":{"allow":["GET"]}}],"collection":[{"href":"https:\/\/www.rechtsanwalt-erbrecht.eu\/en\/wp-json\/wp\/v2\/pages"}],"about":[{"href":"https:\/\/www.rechtsanwalt-erbrecht.eu\/en\/wp-json\/wp\/v2\/types\/page"}],"author":[{"embeddable":true,"href":"https:\/\/www.rechtsanwalt-erbrecht.eu\/en\/wp-json\/wp\/v2\/users\/1"}],"replies":[{"embeddable":true,"href":"https:\/\/www.rechtsanwalt-erbrecht.eu\/en\/wp-json\/wp\/v2\/comments?post=909"}],"version-history":[{"count":1,"href":"https:\/\/www.rechtsanwalt-erbrecht.eu\/en\/wp-json\/wp\/v2\/pages\/909\/revisions"}],"predecessor-version":[{"id":1330,"href":"https:\/\/www.rechtsanwalt-erbrecht.eu\/en\/wp-json\/wp\/v2\/pages\/909\/revisions\/1330"}],"up":[{"embeddable":true,"href":"https:\/\/www.rechtsanwalt-erbrecht.eu\/en\/wp-json\/wp\/v2\/pages\/388"}],"wp:attachment":[{"href":"https:\/\/www.rechtsanwalt-erbrecht.eu\/en\/wp-json\/wp\/v2\/media?parent=909"}],"curies":[{"name":"wp","href":"https:\/\/api.w.org\/{rel}","templated":true}]}}