{"id":918,"date":"2021-06-30T06:59:14","date_gmt":"2021-06-30T04:59:14","guid":{"rendered":"https:\/\/www.rechtsanwalt-erbrecht.eu\/deutsches-erbrecht\/einzelfragen\/nachlassverbindlichkeiten\/"},"modified":"2021-06-30T06:59:14","modified_gmt":"2021-06-30T04:59:14","slug":"liabilities-of-the-estate","status":"publish","type":"page","link":"https:\/\/www.rechtsanwalt-erbrecht.eu\/en\/deutsches-erbrecht\/einzelfragen\/nachlassverbindlichkeiten\/","title":{"rendered":"Estate liabilities"},"content":{"rendered":"<p><strong>Estate liabilities<\/strong><\/p>\n<p>Estate liabilities are liabilities for which the heir is liable to the creditors of the estate. Estate liabilities can be categorised as follows:<\/p>\n<ul>\n<li>Debts of the testator, i.e. debts that the testator incurred during his or her lifetime or that were incurred during the testator's lifetime (Section 1967 (2) case 1 BGB),<\/li>\n<li>Inheritance debts, in particular liabilities from compulsory portion rights, legacies and testamentary conditions (Section 1967 (2) case 2 BGB),<\/li>\n<li>Debts of the deceased's heirs, insofar as they qualify as liabilities of the estate,<\/li>\n<li>the advance in accordance with \u00a7 1932 BGB,<\/li>\n<li>the funeral costs in accordance with \u00a7 1968 BGB,<\/li>\n<li>the \u201ethirtieth\u201c according to \u00a7 1969 BGB,<\/li>\n<li>Equalisation of gains claims of the surviving spouse or partner<\/li>\n<li>Costs of the execution of the will,<\/li>\n<li>Costs of opening a will.<\/li>\n<\/ul>","protected":false},"excerpt":{"rendered":"<p>Nachlassverbindlichkeiten Unter Nachlassverbindlichkeiten versteht man Verbindlichkeiten, f\u00fcr die der Erbe gegen\u00fcber den Nachlassgl\u00e4ubigern haftet. Nachlassverbindlichkeiten lassen sich wie folgt untergliedern: Erblasserschulden, also Schulden, die der Erblasser noch zu Lebzeiten eingegangen ist bzw. die noch zu Lebzeiten des Erblassers entstanden sind (\u00a7\u00a01967 Abs. 2 Fall 1 BGB), Erbfallschulden, insbesondere Verbindlichkeiten aus Pflichtteilsrechten, Verm\u00e4chtnissen und\u00a0testamentarische Auflagen\u00a0(\u00a7\u00a01967 Abs. [&hellip;]<\/p>\n","protected":false},"author":1,"featured_media":0,"parent":388,"menu_order":0,"comment_status":"closed","ping_status":"closed","template":"","meta":{"_acf_changed":false,"inline_featured_image":false,"footnotes":""},"class_list":["post-918","page","type-page","status-publish","hentry"],"acf":[],"aioseo_notices":[],"_links":{"self":[{"href":"https:\/\/www.rechtsanwalt-erbrecht.eu\/en\/wp-json\/wp\/v2\/pages\/918","targetHints":{"allow":["GET"]}}],"collection":[{"href":"https:\/\/www.rechtsanwalt-erbrecht.eu\/en\/wp-json\/wp\/v2\/pages"}],"about":[{"href":"https:\/\/www.rechtsanwalt-erbrecht.eu\/en\/wp-json\/wp\/v2\/types\/page"}],"author":[{"embeddable":true,"href":"https:\/\/www.rechtsanwalt-erbrecht.eu\/en\/wp-json\/wp\/v2\/users\/1"}],"replies":[{"embeddable":true,"href":"https:\/\/www.rechtsanwalt-erbrecht.eu\/en\/wp-json\/wp\/v2\/comments?post=918"}],"version-history":[{"count":0,"href":"https:\/\/www.rechtsanwalt-erbrecht.eu\/en\/wp-json\/wp\/v2\/pages\/918\/revisions"}],"up":[{"embeddable":true,"href":"https:\/\/www.rechtsanwalt-erbrecht.eu\/en\/wp-json\/wp\/v2\/pages\/388"}],"wp:attachment":[{"href":"https:\/\/www.rechtsanwalt-erbrecht.eu\/en\/wp-json\/wp\/v2\/media?parent=918"}],"curies":[{"name":"wp","href":"https:\/\/api.w.org\/{rel}","templated":true}]}}