{"id":939,"date":"2023-12-07T10:40:54","date_gmt":"2023-12-07T09:40:54","guid":{"rendered":"https:\/\/www.rechtsanwalt-erbrecht.eu\/deutsches-erbrecht\/einzelfragen\/testamente-nachtraegliche-aenderung\/"},"modified":"2026-02-23T14:08:39","modified_gmt":"2026-02-23T13:08:39","slug":"wills-subsequent-amendment","status":"publish","type":"page","link":"https:\/\/www.rechtsanwalt-erbrecht.eu\/en\/deutsches-erbrecht\/einzelfragen\/testamente-nachtraegliche-aenderung\/","title":{"rendered":"Wills: Subsequent amendment"},"content":{"rendered":"<h2>\u00c4nderung von Testamenten<\/h2>\n<p>In einigen F\u00e4llen f\u00fchren \u00c4nderungen in Lebenslagen dazu, dass das bereits bestehende Testament nicht mehr dem aktuellen Willen des Erblassers entspricht. Grunds\u00e4tzlich ist zu empfehlen, dass bei Entwicklungen, wie beispielsweise die Geburt eines weiteren Kindes, stets das bereits geschriebene Testament im Blick zu halten und gegebenenfalls zu aktualisieren.<\/p>\n<h2>Wie kann ich ein Testament \u00e4ndern?<\/h2>\n<p data-start=\"132\" data-end=\"616\">Ob und auf welche Weise ein Testament ge\u00e4ndert werden kann, h\u00e4ngt ma\u00dfgeblich davon ab, in welcher Form es urspr\u00fcnglich errichtet wurde. Das deutsche Erbrecht unterscheidet insbesondere zwischen dem privatschriftlichen (eigenh\u00e4ndigen) Testament, dem notariellen Testament sowie gemeinschaftlichen Testamenten von Ehegatten oder eingetragenen Lebenspartnern. F\u00fcr jede dieser Formen gelten unterschiedliche Voraussetzungen und rechtliche Wirkungen bei einer \u00c4nderung oder einem Widerruf.<\/p>\n<p data-start=\"618\" data-end=\"921\" data-is-last-node=\"\" data-is-only-node=\"\">Entscheidend ist daher zun\u00e4chst, welche Art von letztwilliger Verf\u00fcgung vorliegt. Erst danach l\u00e4sst sich beurteilen, ob eine einfache Erg\u00e4nzung ausreicht, ein vollst\u00e4ndiger Widerruf erforderlich ist oder besondere Formerfordernisse \u2013 etwa eine erneute notarielle Beurkundung \u2013 eingehalten werden m\u00fcssen.<\/p>\n<h2>\u00c4nderung eines privatschriftlichen Einzeltestaments<\/h2>\n<p>Ein privatschriftliches Testament wurde von dem Erblasser selbst handschriftlich erstellt. Dieses kann von ihm jederzeit selbst handschriftlich ge\u00e4ndert werden. Die \u00c4nderungen k\u00f6nnen direkt im Testament vorgenommen werden oder es kann auch ein komplett neues Testament errichtet werden. Hierbei gilt das neu errichtete Testament als g\u00fcltig.<\/p>\n<p>Sollte das Testament in eine amtliche Verwahrung gegeben worden sein, kann dieses jederzeit zur\u00fcckgefordert werden. Durch diese Handlung wird das Testament ung\u00fcltig. Dieses Testament kann durch den Erblasser erg\u00e4nzt oder ge\u00e4ndert werden und anschlie\u00dfend wieder in die amtliche Verwahrung gegeben werden.<\/p>\n<h2>\u00c4nderung eines notariellen Einzeltestaments<\/h2>\n<p>Schwieriger ist es, ein notarielles Einzeltestament zu \u00e4ndern. Dieses kann zwar ebenfalls jederzeit aus der amtlichen Verwahrung genommen werden, jedoch gilt es sodann automatisch als widerrufen gem\u00e4\u00df \u00a7 2256 Absatz 1 BGB.<\/p>\n<p>Des Weiteren hat der Erblasser die M\u00f6glichkeit, sein notarielles Testament durch ein privatschriftliches oder notarielles Testament zu widerrufen. Will der Erblasser lediglich Erg\u00e4nzungen oder \u00c4nderungen vornehmen, kann der Erblasser in seinem zeitlich sp\u00e4teren Testament ausdr\u00fccklich auf das bereits bestehende Testament Bezug nehmen und angeben, inwieweit eine \u00c4nderung gew\u00fcnscht ist.<\/p>\n<h2>\u00c4nderung eines gemeinschaftlichen eigenh\u00e4ndigen Testaments<\/h2>\n<p>Ein gemeinsames Testament kann jederzeit durch ein zeitlich sp\u00e4teres gemeinsames Testament ersetzt oder erg\u00e4nzt werden, \u00a7 2258 BGB.<\/p>\n<p>Zudem k\u00f6nnen die Eheleute ebenfalls jederzeit \u00c4nderungen vornehmen. Wichtig hierbei ist, dass die \u00c4nderungen von dem anderen Ehegatten unterzeichnet werden.<\/p>\n<p>Weitere Informationen zum Widerruf von Erbvertr\u00e4gen und Ehegattentestamenten finden Sie <span style=\"text-decoration: underline;\"><strong><a href=\"https:\/\/www.rechtsanwalt-erbrecht.eu\/deutsches-erbrecht\/einzelfragen\/widerruf-von-erbvertraegen-und-ehegattentestamenten\/\">hier<\/a><\/strong><\/span>.<\/p>\n<article class=\"text-token-text-primary w-full focus:outline-none [--shadow-height:45px] has-data-writing-block:pointer-events-none has-data-writing-block:-mt-(--shadow-height) has-data-writing-block:pt-(--shadow-height) [&amp;:has([data-writing-block])&gt;*]:pointer-events-auto scroll-mt-(--header-height)\" dir=\"auto\" tabindex=\"-1\" data-turn-id=\"ad25d37d-17fe-4d12-a9c5-deca369e86f0\" data-testid=\"conversation-turn-67\" data-scroll-anchor=\"false\" data-turn=\"user\"><\/article>\n<article class=\"text-token-text-primary w-full focus:outline-none [--shadow-height:45px] has-data-writing-block:pointer-events-none has-data-writing-block:-mt-(--shadow-height) has-data-writing-block:pt-(--shadow-height) [&amp;:has([data-writing-block])&gt;*]:pointer-events-auto scroll-mt-[calc(var(--header-height)+min(200px,max(70px,20svh)))]\" dir=\"auto\" tabindex=\"-1\" data-turn-id=\"request-WEB:eb4078e3-8e08-4f13-9531-5c170af86d17-33\" data-testid=\"conversation-turn-68\" data-scroll-anchor=\"true\" data-turn=\"assistant\">\n<div class=\"text-base my-auto mx-auto pb-10 [--thread-content-margin:--spacing(4)] @w-sm\/main:[--thread-content-margin:--spacing(6)] @w-lg\/main:[--thread-content-margin:--spacing(16)] px-(--thread-content-margin)\">\n<div class=\"[--thread-content-max-width:40rem] @w-lg\/main:[--thread-content-max-width:48rem] mx-auto max-w-(--thread-content-max-width) flex-1 group\/turn-messages focus-visible:outline-hidden relative flex w-full min-w-0 flex-col agent-turn\" tabindex=\"-1\">\n<div class=\"flex max-w-full flex-col grow\">\n<div class=\"min-h-8 text-message relative flex w-full flex-col items-end gap-2 text-start break-words whitespace-normal [.text-message+&amp;]:mt-1\" dir=\"auto\" data-message-author-role=\"assistant\" data-message-id=\"a07a61ae-7a76-4493-85dd-eb020a59b592\" data-message-model-slug=\"gpt-5-2\">\n<div class=\"flex w-full flex-col gap-1 empty:hidden first:pt-[1px]\">\n<div class=\"markdown prose dark:prose-invert w-full wrap-break-word light markdown-new-styling\">\n<h2 data-start=\"0\" data-end=\"38\">Fazit zur \u00c4nderung von Testamenten<\/h2>\n<p data-start=\"40\" data-end=\"469\">Die \u00c4nderung eines Testaments ist jederzeit m\u00f6glich \u2013 entscheidend ist jedoch, welche Form der letztwilligen Verf\u00fcgung urspr\u00fcnglich gew\u00e4hlt wurde. W\u00e4hrend ein privatschriftliches Testament vergleichsweise einfach ge\u00e4ndert oder widerrufen werden kann, sind bei einem notarielles Testament besondere gesetzliche Vorgaben des BGB zu beachten. Insbesondere kann die R\u00fccknahme aus der amtlichen Verwahrung bereits als Widerruf gelten.<\/p>\n<p data-start=\"471\" data-end=\"791\">Bei gemeinschaftlichen Testamenten, etwa zwischen Ehegatten oder Partner, ist besondere Vorsicht geboten. \u00c4nderungen bed\u00fcrfen regelm\u00e4\u00dfig der Mitwirkung beider Beteiligten, sofern keine Bindungswirkung eingetreten ist. Andernfalls kann eine einseitige Verf\u00fcgung unwirksam sein oder unerwartete rechtliche Folgen ausl\u00f6sen.<\/p>\n<p data-start=\"793\" data-end=\"1416\" data-is-last-node=\"\" data-is-only-node=\"\">Wer sein Testament \u00e4ndern oder widerrufen m\u00f6chte, sollte stets pr\u00fcfen, ob fr\u00fchere Verf\u00fcgungen ausdr\u00fccklich aufgehoben oder nur teilweise erg\u00e4nzt werden sollen. Eine klare und eindeutige Formulierung verhindert sp\u00e4tere Auslegungsprobleme. Gerade bei komplexen Verm\u00f6gensverh\u00e4ltnissen empfiehlt sich eine rechtliche Beratung, um sicherzustellen, dass der Widerruf oder die \u00c4nderung rechtssicher erfolgt und dem aktuellen Willen entspricht. Wer regelm\u00e4\u00dfig \u00fcber erbrechtliche Entwicklungen informiert bleiben m\u00f6chte, kann zudem einen entsprechenden Newsletter abonnieren, um \u00c4nderungen im Erbrecht fr\u00fchzeitig zu ber\u00fccksichtigen.<\/p>\n<\/div>\n<\/div>\n<\/div>\n<\/div>\n<\/div>\n<\/div>\n<\/article>\n","protected":false},"excerpt":{"rendered":"<p>\u00c4nderung von Testamenten In einigen F\u00e4llen f\u00fchren \u00c4nderungen in Lebenslagen dazu, dass das bereits bestehende Testament nicht mehr dem aktuellen Willen des Erblassers entspricht. Grunds\u00e4tzlich ist zu empfehlen, dass bei Entwicklungen, wie beispielsweise die Geburt eines weiteren Kindes, stets das bereits geschriebene Testament im Blick zu halten und gegebenenfalls zu aktualisieren. Wie kann ich ein [&hellip;]<\/p>\n","protected":false},"author":1,"featured_media":0,"parent":388,"menu_order":0,"comment_status":"closed","ping_status":"closed","template":"","meta":{"_acf_changed":false,"inline_featured_image":false,"footnotes":""},"class_list":["post-939","page","type-page","status-publish","hentry"],"acf":[],"aioseo_notices":[],"_links":{"self":[{"href":"https:\/\/www.rechtsanwalt-erbrecht.eu\/en\/wp-json\/wp\/v2\/pages\/939","targetHints":{"allow":["GET"]}}],"collection":[{"href":"https:\/\/www.rechtsanwalt-erbrecht.eu\/en\/wp-json\/wp\/v2\/pages"}],"about":[{"href":"https:\/\/www.rechtsanwalt-erbrecht.eu\/en\/wp-json\/wp\/v2\/types\/page"}],"author":[{"embeddable":true,"href":"https:\/\/www.rechtsanwalt-erbrecht.eu\/en\/wp-json\/wp\/v2\/users\/1"}],"replies":[{"embeddable":true,"href":"https:\/\/www.rechtsanwalt-erbrecht.eu\/en\/wp-json\/wp\/v2\/comments?post=939"}],"version-history":[{"count":2,"href":"https:\/\/www.rechtsanwalt-erbrecht.eu\/en\/wp-json\/wp\/v2\/pages\/939\/revisions"}],"predecessor-version":[{"id":1776,"href":"https:\/\/www.rechtsanwalt-erbrecht.eu\/en\/wp-json\/wp\/v2\/pages\/939\/revisions\/1776"}],"up":[{"embeddable":true,"href":"https:\/\/www.rechtsanwalt-erbrecht.eu\/en\/wp-json\/wp\/v2\/pages\/388"}],"wp:attachment":[{"href":"https:\/\/www.rechtsanwalt-erbrecht.eu\/en\/wp-json\/wp\/v2\/media?parent=939"}],"curies":[{"name":"wp","href":"https:\/\/api.w.org\/{rel}","templated":true}]}}