{"id":940,"date":"2023-11-30T15:54:30","date_gmt":"2023-11-30T14:54:30","guid":{"rendered":"https:\/\/www.rechtsanwalt-erbrecht.eu\/deutsches-erbrecht\/einzelfragen\/testamentseroeffnung\/"},"modified":"2026-02-23T14:05:02","modified_gmt":"2026-02-23T13:05:02","slug":"probate","status":"publish","type":"page","link":"https:\/\/www.rechtsanwalt-erbrecht.eu\/en\/deutsches-erbrecht\/einzelfragen\/testamentseroeffnung\/","title":{"rendered":"Granting of probate"},"content":{"rendered":"<h2>Ablauf der Testamentser\u00f6ffnung beim Nachlassgericht<\/h2>\n<p>Hat der Erblasser ein Testament hinterlassen, sind die Hinterbliebenen und das Nachlassgericht dazu verpflichtet, den letzten Willen des Verstorbenen umzusetzen. In der Regel wird dieser Vorgang durch eine Testamentser\u00f6ffnung bei dem Nachlassgericht vollzogen.<\/p>\n<h2>Was ist eine Testamentser\u00f6ffnung?<\/h2>\n<p>Gem\u00e4\u00df \u00a7 348 Absatz 1 FamFG hat das Nachlassgericht die Pflicht, sobald es Kenntnis von dem Tod des Erblassers erlangt hat, die in seiner Verwahrung befindliche Verf\u00fcgung von Todes wegen zu er\u00f6ffnen.<\/p>\n<h3>Das amtlich verwahrte Testament<\/h3>\n<p>Hat der Erblasser sein Testament bei einem Nachlassgericht entweder selbst oder durch einen Notar in die amtliche Verwahrung gegeben, so hat das Nachlassgericht die Verpflichtung, das Testament zu er\u00f6ffnen, sobald es Kenntnis von dem Ableben des Erblassers erlangt hat (\u00a7 348. Absatz 1 FamFG).<\/p>\n<h3>Das nicht amtlich verwahrte Testament<\/h3>\n<p>Sollte ein Angeh\u00f6riger oder eine andere Person ein Testament finden, ist diese Person dazu verpflichtet, diese letztwillige Verf\u00fcgung zu dem Nachlassgericht zu bringen. Die Vernichtung oder Verf\u00e4lschung eines Testaments kann unter Umst\u00e4nden strafrechtlich verfolgt werden.<\/p>\n<p>Hat das Gericht von der Existenz einer letztwilligen Verf\u00fcgung erfahren, kann das Nachlassgericht den Besitzer durch einen amtlichen Beschluss auffordern, die Unterlagen abzuliefern. Zudem kann durch das Nachlassgericht eine eidesstattliche Versicherung von Personen \u00fcber den Verbleib eines Testaments verlangt werden. Des Weiteren kann im Falle einer Verweigerung der Herausgabe, diese erzwungen werden und eine Ordnungsstrafe verh\u00e4ngt werden.<\/p>\n<h2>Wie erfolgt die Verk\u00fcndung?<\/h2>\n<p>Die Verk\u00fcndung erfolgt am h\u00e4ufigsten, indem eine Kopie des er\u00f6ffneten Testaments an die Betroffenen versendet wird.<\/p>\n<p data-start=\"162\" data-end=\"554\">Die Verk\u00fcndung des Testaments erfolgt im Regelfall nicht durch einen pers\u00f6nlichen Termin mit den Beteiligten, sondern schriftlich. Nachdem das Nachlassgericht das Testament er\u00f6ffnet hat, erhalten die gesetzlichen Erben sowie die im Testament benannten Personen eine beglaubigte Abschrift oder Kopie des er\u00f6ffneten Testaments zugesandt. Mit dieser \u00dcbersendung gilt das Testament als verk\u00fcndet.<\/p>\n<p data-start=\"556\" data-end=\"986\">Eine pers\u00f6nliche Anwesenheit der Beteiligten bei Gericht ist grunds\u00e4tzlich nicht erforderlich. Das Verfahren wird regelm\u00e4\u00dfig im schriftlichen Weg durchgef\u00fchrt. Mit dem Zugang der Abschrift erhalten die Beteiligten offiziell Kenntnis vom Inhalt der letztwilligen Verf\u00fcgung. Ab diesem Zeitpunkt k\u00f6nnen beispielsweise Fristen f\u00fcr die Ausschlagung der Erbschaft oder f\u00fcr die Geltendmachung erbrechtlicher Anspr\u00fcche zu laufen beginnen.<\/p>\n<h2>Welches Nachlassgericht ist zust\u00e4ndig?<\/h2>\n<p data-start=\"1036\" data-end=\"1285\">\u00d6rtlich zust\u00e4ndig ist das Nachlassgericht am letzten gew\u00f6hnlichen Aufenthalt des Erblassers. Ma\u00dfgeblich ist der Wohnsitz, den der Erblasser im Zeitpunkt seines Todes hatte. Das Nachlassgericht ist eine Abteilung des jeweils zust\u00e4ndigen Amtsgerichts.<\/p>\n<p data-start=\"1287\" data-end=\"1620\">Hatte der Erblasser seinen letzten gew\u00f6hnlichen Aufenthalt im Ausland, richtet sich die internationale Zust\u00e4ndigkeit nach den Vorschriften der Europ\u00e4ischen Erbrechtsverordnung (EuErbVO) oder nach nationalem Recht. In solchen F\u00e4llen kann sich die Zust\u00e4ndigkeitsfrage komplexer gestalten und sollte im Zweifel rechtlich gepr\u00fcft werden.<\/p>\n<h2>Wie lange dauert die Er\u00f6ffnung des Testaments?<\/h2>\n<p data-start=\"1678\" data-end=\"1983\">Nach Kenntniserlangung vom Tod des Erblassers er\u00f6ffnet das Nachlassgericht das Testament grunds\u00e4tzlich zeitnah. In der Praxis betr\u00e4gt die Wartezeit h\u00e4ufig etwa drei bis vier Wochen. Die tats\u00e4chliche Dauer h\u00e4ngt jedoch von der Auslastung des jeweiligen Gerichts sowie von der Komplexit\u00e4t des Nachlasses ab.<\/p>\n<p data-start=\"1985\" data-end=\"2421\">In einfach gelagerten F\u00e4llen erfolgt die Er\u00f6ffnung regelm\u00e4\u00dfig innerhalb eines Monats. Bei umfangreichen oder internationalen Sachverhalten, unklaren Zust\u00e4ndigkeiten oder mehreren letztwilligen Verf\u00fcgungen kann sich das Verfahren jedoch \u00fcber mehrere Monate erstrecken. Eine gesetzlich festgelegte Frist f\u00fcr die Testamentser\u00f6ffnung besteht nicht, das Gericht ist jedoch verpflichtet, das Verfahren ohne unn\u00f6tige Verz\u00f6gerung durchzuf\u00fchren.<\/p>\n<h2>Welche Kosten fallen f\u00fcr die Testamentser\u00f6ffnung an?<\/h2>\n<p>F\u00fcr die Gerichtst\u00e4tigkeit fallen Geb\u00fchren in H\u00f6he von 100 \u20ac an. Zudem kommen hinzu noch Kosten f\u00fcr Auslagen wie z.B. Porto, Papierkosten etc.. Sollte die Testamentser\u00f6ffnung durch einen Notar erfolgen, werden nochmals 19 % Umsatzsteuer berechnet.<\/p>\n<p>Grunds\u00e4tzlich tragen die Erben die Kosten f\u00fcr die Er\u00f6ffnung des Testaments. Diese k\u00f6nnen jedoch als Nachlassverbindlichkeit von dem Nachlass abgezogen werden.<\/p>\n<div class=\"flex flex-col text-sm pb-25\">\n<article class=\"text-token-text-primary w-full focus:outline-none [--shadow-height:45px] has-data-writing-block:pointer-events-none has-data-writing-block:-mt-(--shadow-height) has-data-writing-block:pt-(--shadow-height) [&amp;:has([data-writing-block])&gt;*]:pointer-events-auto scroll-mt-[calc(var(--header-height)+min(200px,max(70px,20svh)))]\" dir=\"auto\" tabindex=\"-1\" data-turn-id=\"request-WEB:eb4078e3-8e08-4f13-9531-5c170af86d17-29\" data-testid=\"conversation-turn-60\" data-scroll-anchor=\"true\" data-turn=\"assistant\">\n<div class=\"text-base my-auto mx-auto pb-10 [--thread-content-margin:--spacing(4)] @w-sm\/main:[--thread-content-margin:--spacing(6)] @w-lg\/main:[--thread-content-margin:--spacing(16)] px-(--thread-content-margin)\">\n<div class=\"[--thread-content-max-width:40rem] @w-lg\/main:[--thread-content-max-width:48rem] mx-auto max-w-(--thread-content-max-width) flex-1 group\/turn-messages focus-visible:outline-hidden relative flex w-full min-w-0 flex-col agent-turn\" tabindex=\"-1\">\n<div class=\"flex max-w-full flex-col grow\">\n<div class=\"min-h-8 text-message relative flex w-full flex-col items-end gap-2 text-start break-words whitespace-normal [.text-message+&amp;]:mt-1\" dir=\"auto\" data-message-author-role=\"assistant\" data-message-id=\"2b89672e-d8d7-415f-a98d-a7b6fa3f21f9\" data-message-model-slug=\"gpt-5-2\">\n<div class=\"flex w-full flex-col gap-1 empty:hidden first:pt-[1px]\">\n<div class=\"markdown prose dark:prose-invert w-full wrap-break-word light markdown-new-styling\">\n<h2 data-start=\"0\" data-end=\"33\">Fazit zur Testamentser\u00f6ffnung<\/h2>\n<p data-start=\"35\" data-end=\"435\">Die Testamentser\u00f6ffnung ist ein zentraler Schritt im erbrechtlichen Verfahren und dient der offiziellen Bekanntgabe der letztwilligen Verf\u00fcgung des Erblassers. Sobald das Gericht Kenntnis vom Tod erh\u00e4lt, wird das Testament \u2013 unabh\u00e4ngig davon, ob es sich in amtlicher Verwahrung befand oder nicht \u2013 er\u00f6ffnet und den Beteiligten bekanntgegeben. Damit beginnt die formelle Umsetzung des letzten Willens.<\/p>\n<p data-start=\"437\" data-end=\"835\">Das Verfahren der Testamentser\u00f6ffnung stellt sicher, dass Verf\u00fcgungen transparent behandelt und alle Beteiligten, insbesondere die Erben, \u00fcber den Inhalt informiert werden. Die Justiz \u00fcbernimmt hierbei eine neutrale Rolle und gew\u00e4hrleistet die ordnungsgem\u00e4\u00dfe Durchf\u00fchrung. Mit der Er\u00f6ffnung wird die Verf\u00fcgung amtlich dokumentiert und bildet die Grundlage f\u00fcr die weitere Abwicklung des Nachlasses.<\/p>\n<p data-start=\"837\" data-end=\"1191\" data-is-last-node=\"\" data-is-only-node=\"\">F\u00fcr Erben ist die Testamentser\u00f6ffnung h\u00e4ufig der erste rechtliche Kontakt mit dem Nachlassgericht. Sie schafft Klarheit \u00fcber Rechte, Pflichten und m\u00f6gliche Anspr\u00fcche. Gerade bei komplexen oder mehreren Verf\u00fcgungen des Erblassers empfiehlt sich eine fr\u00fchzeitige rechtliche Pr\u00fcfung, um die Auswirkungen der er\u00f6ffneten Verf\u00fcgung richtig einordnen zu k\u00f6nnen.<\/p>\n<\/div>\n<\/div>\n<\/div>\n<\/div>\n<div class=\"z-0 flex min-h-[46px] justify-start\"><\/div>\n<div class=\"mt-3 w-full empty:hidden\">\n<div class=\"text-center\"><\/div>\n<\/div>\n<\/div>\n<\/div>\n<\/article>\n<\/div>\n<div class=\"pointer-events-none h-px w-px absolute bottom-0\" aria-hidden=\"true\" data-edge=\"true\"><\/div>\n","protected":false},"excerpt":{"rendered":"<p>Ablauf der Testamentser\u00f6ffnung beim Nachlassgericht Hat der Erblasser ein Testament hinterlassen, sind die Hinterbliebenen und das Nachlassgericht dazu verpflichtet, den letzten Willen des Verstorbenen umzusetzen. In der Regel wird dieser Vorgang durch eine Testamentser\u00f6ffnung bei dem Nachlassgericht vollzogen. Was ist eine Testamentser\u00f6ffnung? Gem\u00e4\u00df \u00a7 348 Absatz 1 FamFG hat das Nachlassgericht die Pflicht, sobald es [&hellip;]<\/p>\n","protected":false},"author":1,"featured_media":0,"parent":388,"menu_order":0,"comment_status":"closed","ping_status":"closed","template":"","meta":{"_acf_changed":false,"inline_featured_image":false,"footnotes":""},"class_list":["post-940","page","type-page","status-publish","hentry"],"acf":[],"aioseo_notices":[],"_links":{"self":[{"href":"https:\/\/www.rechtsanwalt-erbrecht.eu\/en\/wp-json\/wp\/v2\/pages\/940","targetHints":{"allow":["GET"]}}],"collection":[{"href":"https:\/\/www.rechtsanwalt-erbrecht.eu\/en\/wp-json\/wp\/v2\/pages"}],"about":[{"href":"https:\/\/www.rechtsanwalt-erbrecht.eu\/en\/wp-json\/wp\/v2\/types\/page"}],"author":[{"embeddable":true,"href":"https:\/\/www.rechtsanwalt-erbrecht.eu\/en\/wp-json\/wp\/v2\/users\/1"}],"replies":[{"embeddable":true,"href":"https:\/\/www.rechtsanwalt-erbrecht.eu\/en\/wp-json\/wp\/v2\/comments?post=940"}],"version-history":[{"count":1,"href":"https:\/\/www.rechtsanwalt-erbrecht.eu\/en\/wp-json\/wp\/v2\/pages\/940\/revisions"}],"predecessor-version":[{"id":1774,"href":"https:\/\/www.rechtsanwalt-erbrecht.eu\/en\/wp-json\/wp\/v2\/pages\/940\/revisions\/1774"}],"up":[{"embeddable":true,"href":"https:\/\/www.rechtsanwalt-erbrecht.eu\/en\/wp-json\/wp\/v2\/pages\/388"}],"wp:attachment":[{"href":"https:\/\/www.rechtsanwalt-erbrecht.eu\/en\/wp-json\/wp\/v2\/media?parent=940"}],"curies":[{"name":"wp","href":"https:\/\/api.w.org\/{rel}","templated":true}]}}