{"id":964,"date":"2021-06-30T06:45:08","date_gmt":"2021-06-30T04:45:08","guid":{"rendered":"https:\/\/www.rechtsanwalt-erbrecht.eu\/deutsches-erbrecht\/deutsches-erbrecht-im-ueberblick\/welche-rechte-hat-der-ueberlebende-ehegatte\/"},"modified":"2025-10-29T11:16:07","modified_gmt":"2025-10-29T10:16:07","slug":"what-are-the-rights-of-the-surviving-spouse","status":"publish","type":"page","link":"https:\/\/www.rechtsanwalt-erbrecht.eu\/en\/deutsches-erbrecht\/deutsches-erbrecht-im-ueberblick\/welche-rechte-hat-der-ueberlebende-ehegatte\/","title":{"rendered":"What rights does the surviving spouse have?"},"content":{"rendered":"<p>The spouse's right of inheritance exists alongside the general statutory succession and significantly influences the inheritance shares of the remaining heirs.\u00a0<\/p>\n<p>The spouse's right of inheritance depends in part on the matrimonial property regime in which the spouses lived. If they lived under the statutory matrimonial property regime of community of accrued gains, the spouse inherits a quarter in addition to the heirs of the first order and half in addition to the parents. In addition, the inheritance share is increased in accordance with the provisions on the dissolution of the statutory matrimonial property regime - the inheritance share is increased by a quarter across the board. This means that, in effect, the spouse inherits half of the estate alongside the deceased's children and three quarters alongside the deceased's parents.\u00a0<\/p>\n<p>In addition, the surviving spouse has a claim to the household items (not belonging to his or her inheritance share) alongside relatives of the second order or grandparents as legal heirs, provided they are not accessories to a property. The same applies to wedding gifts. If the surviving spouse is a legal heir alongside relatives of the first order, he or she is only entitled to these items on condition that he or she needs them to run an appropriate household.<\/p>","protected":false},"excerpt":{"rendered":"<p>Das Ehegattenerbrecht existiert neben der allgemeinen gesetzlichen Erbfolge und beeinflusst die Erbteile der restlichen Erben ma\u00dfgeblich.\u00a0 Das Erbrecht des Ehegatten h\u00e4ngt zum Teil davon ab, in welchem G\u00fcterstand die Ehegatten gelebt haben. Lebten sie im gesetzlichen G\u00fcterstand der Zugewinngemeinschaft, erbt der Ehegatte neben den Erben der ersten Ordnung ein Viertel und neben den Eltern die [&hellip;]<\/p>\n","protected":false},"author":1,"featured_media":0,"parent":386,"menu_order":0,"comment_status":"closed","ping_status":"closed","template":"","meta":{"_acf_changed":false,"inline_featured_image":false,"footnotes":""},"class_list":["post-964","page","type-page","status-publish","hentry"],"acf":[],"aioseo_notices":[],"_links":{"self":[{"href":"https:\/\/www.rechtsanwalt-erbrecht.eu\/en\/wp-json\/wp\/v2\/pages\/964","targetHints":{"allow":["GET"]}}],"collection":[{"href":"https:\/\/www.rechtsanwalt-erbrecht.eu\/en\/wp-json\/wp\/v2\/pages"}],"about":[{"href":"https:\/\/www.rechtsanwalt-erbrecht.eu\/en\/wp-json\/wp\/v2\/types\/page"}],"author":[{"embeddable":true,"href":"https:\/\/www.rechtsanwalt-erbrecht.eu\/en\/wp-json\/wp\/v2\/users\/1"}],"replies":[{"embeddable":true,"href":"https:\/\/www.rechtsanwalt-erbrecht.eu\/en\/wp-json\/wp\/v2\/comments?post=964"}],"version-history":[{"count":1,"href":"https:\/\/www.rechtsanwalt-erbrecht.eu\/en\/wp-json\/wp\/v2\/pages\/964\/revisions"}],"predecessor-version":[{"id":1374,"href":"https:\/\/www.rechtsanwalt-erbrecht.eu\/en\/wp-json\/wp\/v2\/pages\/964\/revisions\/1374"}],"up":[{"embeddable":true,"href":"https:\/\/www.rechtsanwalt-erbrecht.eu\/en\/wp-json\/wp\/v2\/pages\/386"}],"wp:attachment":[{"href":"https:\/\/www.rechtsanwalt-erbrecht.eu\/en\/wp-json\/wp\/v2\/media?parent=964"}],"curies":[{"name":"wp","href":"https:\/\/api.w.org\/{rel}","templated":true}]}}